{"id":4062,"date":"2024-05-29T20:34:39","date_gmt":"2024-05-29T20:34:39","guid":{"rendered":"https:\/\/drhakanuzunoglu.com\/about-me\/"},"modified":"2025-02-26T21:58:42","modified_gmt":"2025-02-26T21:58:42","slug":"about-me","status":"publish","type":"page","link":"https:\/\/drhakanuzunoglu.com\/en\/about-me\/","title":{"rendered":"About me"},"content":{"rendered":"\t\t<div data-elementor-type=\"wp-page\" data-elementor-id=\"4062\" class=\"elementor elementor-4062 elementor-61\">\n\t\t\t\t\t\t<section class=\"elementor-section elementor-top-section elementor-element elementor-element-77c18591 elementor-section-height-min-height elementor-section-boxed elementor-section-height-default elementor-section-items-middle\" data-id=\"77c18591\" data-element_type=\"section\" data-e-type=\"section\" data-settings=\"{&quot;background_background&quot;:&quot;classic&quot;,&quot;ekit_has_onepagescroll_dot&quot;:&quot;yes&quot;}\">\n\t\t\t\t\t\t\t<div class=\"elementor-background-overlay\"><\/div>\n\t\t\t\t\t\t\t<div class=\"elementor-container elementor-column-gap-default\">\n\t\t\t\t\t<div class=\"elementor-column elementor-col-100 elementor-top-column elementor-element elementor-element-1789e92d\" data-id=\"1789e92d\" data-element_type=\"column\" data-e-type=\"column\">\n\t\t\t<div class=\"elementor-widget-wrap elementor-element-populated\">\n\t\t\t\t\t\t<div class=\"elementor-element elementor-element-3252d19e elementor-widget elementor-widget-elementskit-heading\" data-id=\"3252d19e\" data-element_type=\"widget\" data-e-type=\"widget\" data-settings=\"{&quot;ekit_we_effect_on&quot;:&quot;none&quot;}\" data-widget_type=\"elementskit-heading.default\">\n\t\t\t\t<div class=\"elementor-widget-container\">\n\t\t\t\t\t<div class=\"ekit-wid-con\" ><div class=\"ekit-heading elementskit-section-title-wraper text_center   ekit_heading_tablet-   ekit_heading_mobile-\"><h2 class=\"ekit-heading--title elementskit-section-title \">About me<\/h2><\/div><\/div>\t\t\t\t<\/div>\n\t\t\t\t<\/div>\n\t\t\t\t<div class=\"elementor-element elementor-element-b579632 elementor-widget elementor-widget-elementskit-breadcrumb\" data-id=\"b579632\" data-element_type=\"widget\" data-e-type=\"widget\" data-settings=\"{&quot;ekit_we_effect_on&quot;:&quot;none&quot;}\" data-widget_type=\"elementskit-breadcrumb.default\">\n\t\t\t\t<div class=\"elementor-widget-container\">\n\t\t\t\t\t<div class=\"ekit-wid-con\" ><ol class=\"ekit-breadcrumb\"><li class=\"ekit_breadcrumbs_start\"><a href=\"https:\/\/drhakanuzunoglu.com\/en\/\">Home<\/a><\/li><\/ol><\/div>\t\t\t\t<\/div>\n\t\t\t\t<\/div>\n\t\t\t\t\t<\/div>\n\t\t<\/div>\n\t\t\t\t\t<\/div>\n\t\t<\/section>\n\t\t\t\t<section class=\"elementor-section elementor-top-section elementor-element elementor-element-544b8a0d elementor-section-boxed elementor-section-height-default elementor-section-height-default\" data-id=\"544b8a0d\" data-element_type=\"section\" data-e-type=\"section\" data-settings=\"{&quot;background_background&quot;:&quot;classic&quot;,&quot;ekit_has_onepagescroll_dot&quot;:&quot;yes&quot;}\">\n\t\t\t\t\t\t<div class=\"elementor-container elementor-column-gap-default\">\n\t\t\t\t\t<div class=\"elementor-column elementor-col-100 elementor-top-column elementor-element elementor-element-57ea7e9a\" data-id=\"57ea7e9a\" data-element_type=\"column\" data-e-type=\"column\">\n\t\t\t<div class=\"elementor-widget-wrap elementor-element-populated\">\n\t\t\t\t\t\t<section class=\"elementor-section elementor-inner-section elementor-element elementor-element-6ea7b18c elementor-section-boxed elementor-section-height-default elementor-section-height-default\" data-id=\"6ea7b18c\" data-element_type=\"section\" data-e-type=\"section\" data-settings=\"{&quot;ekit_has_onepagescroll_dot&quot;:&quot;yes&quot;}\">\n\t\t\t\t\t\t<div class=\"elementor-container elementor-column-gap-default\">\n\t\t\t\t\t<div class=\"elementor-column elementor-col-50 elementor-inner-column elementor-element elementor-element-5f9e5b95\" data-id=\"5f9e5b95\" data-element_type=\"column\" data-e-type=\"column\">\n\t\t\t<div class=\"elementor-widget-wrap elementor-element-populated\">\n\t\t\t\t\t\t<div class=\"elementor-element elementor-element-3d4f7cfb elementor-widget-tablet__width-initial elementor-widget-mobile__width-initial elementor-widget elementor-widget-elementskit-heading\" data-id=\"3d4f7cfb\" data-element_type=\"widget\" data-e-type=\"widget\" data-settings=\"{&quot;ekit_we_effect_on&quot;:&quot;none&quot;}\" data-widget_type=\"elementskit-heading.default\">\n\t\t\t\t<div class=\"elementor-widget-container\">\n\t\t\t\t\t<div class=\"ekit-wid-con\" ><div class=\"ekit-heading elementskit-section-title-wraper text_left   ekit_heading_tablet-text_center   ekit_heading_mobile-\"><h3 class=\"elementskit-section-subtitle  \">\n\t\t\t\t\t\tDo\u00e7. Dr. Hakan Uzuno\u011flu\n\t\t\t\t\t<\/h3><h2 class=\"ekit-heading--title elementskit-section-title \">About me<\/h2>\t\t\t\t<div class='ekit-heading__description'>\n\t\t\t\t\t<p>Assoc. Dr. Hakan Uzuno\u011flu is one of Turkey's leading gastroenterology surgeons. It provides services in Kartal, Istanbul.<\/p>\n\t\t\t\t<\/div>\n\t\t\t<\/div><\/div>\t\t\t\t<\/div>\n\t\t\t\t<\/div>\n\t\t\t\t<div class=\"elementor-element elementor-element-351d3d2f elementor-widget-tablet__width-initial elementor-widget-mobile__width-initial ekit-equal-height-disable elementor-widget elementor-widget-elementskit-icon-box\" data-id=\"351d3d2f\" data-element_type=\"widget\" data-e-type=\"widget\" data-settings=\"{&quot;ekit_we_effect_on&quot;:&quot;none&quot;}\" data-widget_type=\"elementskit-icon-box.default\">\n\t\t\t\t<div class=\"elementor-widget-container\">\n\t\t\t\t\t<div class=\"ekit-wid-con\" >        <!-- link opening -->\n                <a href=\"#\" class=\"ekit_global_links\">\n                <!-- end link opening -->\n\n        <div class=\"elementskit-infobox text- text-left icon-lef-right-aligin elementor-animation- media  \">\n                            <div class=\"elementskit-box-header\">\n                <div class=\"elementskit-info-box-icon text-center\">\n                    <img decoding=\"async\" width=\"45\" height=\"45\" src=\"https:\/\/drhakanuzunoglu.com\/wp-content\/uploads\/2024\/05\/mission-icon.png\" class=\"attachment- size-\" alt=\"\" \/>                <\/div>\n          <\/div>\n                <div class=\"box-body\">\n                            <h3 class=\"elementskit-info-box-title\">\n                    Our mission                <\/h3>\n                        \t\t  \t<p>Our mission is to provide the highest quality and reliability healthcare services to our patients. We aim to improve the health and quality of life of our patients with innovative treatment methods. We always adopt a patient-centered, ethical and transparent approach.\n<\/p>\n                                <\/div>\n        \n        \n                <\/div>\n                <\/a>\n        <\/div>\t\t\t\t<\/div>\n\t\t\t\t<\/div>\n\t\t\t\t<div class=\"elementor-element elementor-element-1c3915d3 elementor-widget-tablet__width-initial elementor-widget-mobile__width-initial ekit-equal-height-disable elementor-widget elementor-widget-elementskit-icon-box\" data-id=\"1c3915d3\" data-element_type=\"widget\" data-e-type=\"widget\" data-settings=\"{&quot;ekit_we_effect_on&quot;:&quot;none&quot;}\" data-widget_type=\"elementskit-icon-box.default\">\n\t\t\t\t<div class=\"elementor-widget-container\">\n\t\t\t\t\t<div class=\"ekit-wid-con\" >        <!-- link opening -->\n                <a href=\"#\" class=\"ekit_global_links\">\n                <!-- end link opening -->\n\n        <div class=\"elementskit-infobox text- text-left icon-lef-right-aligin elementor-animation- media  \">\n                            <div class=\"elementskit-box-header\">\n                <div class=\"elementskit-info-box-icon text-center\">\n                    <img decoding=\"async\" width=\"45\" height=\"50\" src=\"https:\/\/drhakanuzunoglu.com\/wp-content\/uploads\/2024\/05\/vision-icon.png\" class=\"attachment- size-\" alt=\"\" \/>                <\/div>\n          <\/div>\n                <div class=\"box-body\">\n                            <h3 class=\"elementskit-info-box-title\">\n                    Our Vision                <\/h3>\n                        \t\t  \t<p>Our vision is to provide innovative and pioneering healthcare services that achieve excellence in healthcare.\n<\/p>\n                                <\/div>\n        \n        \n                <\/div>\n                <\/a>\n        <\/div>\t\t\t\t<\/div>\n\t\t\t\t<\/div>\n\t\t\t\t\t<\/div>\n\t\t<\/div>\n\t\t\t\t<div class=\"elementor-column elementor-col-50 elementor-inner-column elementor-element elementor-element-45b18952\" data-id=\"45b18952\" data-element_type=\"column\" data-e-type=\"column\">\n\t\t\t<div class=\"elementor-widget-wrap elementor-element-populated\">\n\t\t\t\t\t\t<div class=\"elementor-element elementor-element-7c49c92 elementor-widget elementor-widget-image\" data-id=\"7c49c92\" data-element_type=\"widget\" data-e-type=\"widget\" data-settings=\"{&quot;ekit_we_effect_on&quot;:&quot;none&quot;}\" data-widget_type=\"image.default\">\n\t\t\t\t<div class=\"elementor-widget-container\">\n\t\t\t\t\t\t\t\t\t\t\t\t\t\t\t<img fetchpriority=\"high\" decoding=\"async\" width=\"635\" height=\"606\" src=\"https:\/\/drhakanuzunoglu.com\/wp-content\/uploads\/2024\/05\/hakkimda.png\" class=\"attachment-large size-large wp-image-717\" alt=\"\" srcset=\"https:\/\/drhakanuzunoglu.com\/wp-content\/uploads\/2024\/05\/hakkimda.png 635w, https:\/\/drhakanuzunoglu.com\/wp-content\/uploads\/2024\/05\/hakkimda-300x286.png 300w\" sizes=\"(max-width: 635px) 100vw, 635px\" \/>\t\t\t\t\t\t\t\t\t\t\t\t\t\t\t<\/div>\n\t\t\t\t<\/div>\n\t\t\t\t\t<\/div>\n\t\t<\/div>\n\t\t\t\t\t<\/div>\n\t\t<\/section>\n\t\t\t\t\t<\/div>\n\t\t<\/div>\n\t\t\t\t\t<\/div>\n\t\t<\/section>\n\t\t<div class=\"elementor-element elementor-element-b27de94 e-flex e-con-boxed e-con e-parent\" data-id=\"b27de94\" data-element_type=\"container\" data-e-type=\"container\" data-settings=\"{&quot;ekit_has_onepagescroll_dot&quot;:&quot;yes&quot;}\">\n\t\t\t\t\t<div class=\"e-con-inner\">\n\t\t\t\t<div class=\"elementor-element elementor-element-77c10b3 elementor-widget elementor-widget-elementskit-heading\" data-id=\"77c10b3\" data-element_type=\"widget\" data-e-type=\"widget\" data-settings=\"{&quot;ekit_we_effect_on&quot;:&quot;none&quot;}\" data-widget_type=\"elementskit-heading.default\">\n\t\t\t\t<div class=\"elementor-widget-container\">\n\t\t\t\t\t<div class=\"ekit-wid-con\" ><div class=\"ekit-heading elementskit-section-title-wraper text_left   ekit_heading_tablet-   ekit_heading_mobile-\"><h2 class=\"ekit-heading--title elementskit-section-title \">About me<\/h2>\t\t\t\t<div class='ekit-heading__description'>\n\t\t\t\t\t<p>Assoc. Dr. Hakan Uzuno\u011flu is one of Turkey's leading gastroenterology surgeons. Serving in Kartal, Istanbul, Dr. Uzuno\u011flu, T.R. in March 2022. He received the title of associate professor from the Interuniversity Council. Specializing in the Basic Field of Health Sciences, he has in-depth knowledge and experience in the field of gastroenterology surgery.<\/p>\n<p>Dr. started his education life at Kocaeli University Faculty of Medicine. After graduating in 2006, Uzuno\u011flu completed his specialty training in the Department of General Surgery. Her thesis study, completed in 2012, was on the investigation of NBS1 (Nibrin) gene polymorphism in women with sporadic breast cancer in the Turkish population, and in this study, Prof. Dr. Zafer Utkan provided consultancy.<\/p>\n<p>Dr. Uzuno\u011flu started his academic career as a Research Assistant in the Department of Surgical Medical Sciences at Kocaeli University Faculty of Medicine (2007-2012). Between 2013 and 2015, he worked as a Gastroenterology Surgery sub-branch assistant at Ankara T\u00fcrkiye Higher Specialization Training and Research Hospital. Later, he worked at Istanbul Haydarpa\u015fa Numune Training and Research Hospital (2015-2019) and Kartal Dr. He worked as a general surgery and gastroenterology surgery subspecialist at L\u00fctfi K\u0131rdar City Hospital (2019).<\/p>\n<p>His memberships in scientific organizations include the Gastroenterology Surgery Association, of which he has been a member since 2014, and the Istanbul Gastroenterology Surgery Association, of which he has been a member since 2016. These memberships, Dr. It allows Uzuno\u011flu to follow current developments in his field and constantly update his professional knowledge.<\/p>\n<p>Assoc. Dr. Hakan Uzuno\u011flu's scientific studies and articles have been published in many national and international journals. His prominent works include:<\/p>\n<p>\"Analysis of Colonoscopic Diagnosis in Terms of Age, Gender and Symptoms\" (2021) - Southern Clinics of Istanbul Eurasia<br \/>\n\"The Effect of Short Bowel and Related Factors on Survival in Acute Mesenteric Ischemia\" (2020) - Ege Clinics Medical Journal<br \/>\n\"Our Results of Laparoscopic Totally Extraperitoneal Repair from a Single Center: The Learning Curve and Difficulties\" (2019) - Haydarpa\u015fa Numune Medical Journal<br \/>\n\"A RARE CAUSE OF ACUTE ABDOMEN: PRIMARY NON-SKELETAL EWING'S SARCOMA\" (2015) - Bozok Medical Journal<br \/>\n\"The Effect of Neoadjuvant Chemoradiotherapy on Local Control and Disease-Free Survival in Locally Advanced Stage Rectal Tumors\" (2015) - Abant Medical Journal<br \/>\nAmong his internationally published works:<\/p>\n<p>\"A Case Report of Liver and Pancreatic Echinococcal Cysts\" (2022) - Nigerian Journal of Clinical Practice<br \/>\n\"Gastrointestinal Stromal Tumours of the Small Intestine\" (2021) - Journal of the College of Physicians and Surgeons Pakistan<br \/>\n\"Gastrointestinal Stromal Tumors of the Stomach: A 10-year Experience of a Single-Center\" (2021) - Nigerian Journal of Clinical Practice<br \/>\n\"Primary Extra GISTs of the Abdomen\" (2021) - Northern Clinics of Istanbul<br \/>\nDr. Uzuno\u011flu's academic success is reinforced by his scientific articles, book chapters and papers presented at national and international congresses. He also attracts attention with his knowledge of English; He received 78.75 points in the Y\u00d6KD\u0130L exam he took in 2017.<\/p>\n\t\t\t\t<\/div>\n\t\t\t<\/div><\/div>\t\t\t\t<\/div>\n\t\t\t\t<\/div>\n\t\t\t\t\t<\/div>\n\t\t\t\t<\/div>\n\t\t\t\t<\/div>\n\t\t","protected":false},"excerpt":{"rendered":"<p>About me Anasayfa Do\u00e7. Dr. Hakan Uzuno\u011flu About me Assoc. Dr. Hakan Uzuno\u011flu is one of Turkey&#8217;s leading gastroenterology surgeons. It provides services in Kartal, Istanbul. Our mission Our mission is to provide the highest quality and reliability healthcare services to our patients. We aim to improve the health and quality of life of our [&hellip;]<\/p>\n","protected":false},"author":1,"featured_media":0,"parent":0,"menu_order":0,"comment_status":"closed","ping_status":"closed","template":"","meta":{"footnotes":""},"class_list":["post-4062","page","type-page","status-publish","hentry"],"_links":{"self":[{"href":"https:\/\/drhakanuzunoglu.com\/en\/wp-json\/wp\/v2\/pages\/4062","targetHints":{"allow":["GET"]}}],"collection":[{"href":"https:\/\/drhakanuzunoglu.com\/en\/wp-json\/wp\/v2\/pages"}],"about":[{"href":"https:\/\/drhakanuzunoglu.com\/en\/wp-json\/wp\/v2\/types\/page"}],"author":[{"embeddable":true,"href":"https:\/\/drhakanuzunoglu.com\/en\/wp-json\/wp\/v2\/users\/1"}],"replies":[{"embeddable":true,"href":"https:\/\/drhakanuzunoglu.com\/en\/wp-json\/wp\/v2\/comments?post=4062"}],"version-history":[{"count":6,"href":"https:\/\/drhakanuzunoglu.com\/en\/wp-json\/wp\/v2\/pages\/4062\/revisions"}],"predecessor-version":[{"id":4210,"href":"https:\/\/drhakanuzunoglu.com\/en\/wp-json\/wp\/v2\/pages\/4062\/revisions\/4210"}],"wp:attachment":[{"href":"https:\/\/drhakanuzunoglu.com\/en\/wp-json\/wp\/v2\/media?parent=4062"}],"curies":[{"name":"wp","href":"https:\/\/api.w.org\/{rel}","templated":true}]}}