{"id":2325,"date":"2024-05-29T20:34:39","date_gmt":"2024-05-29T20:34:39","guid":{"rendered":"https:\/\/drhakanuzunoglu.com\/sobre-mi\/"},"modified":"2024-12-15T22:31:30","modified_gmt":"2024-12-15T22:31:30","slug":"sobre-mi","status":"publish","type":"page","link":"https:\/\/drhakanuzunoglu.com\/es\/sobre-mi\/","title":{"rendered":"Sobre m\u00ed"},"content":{"rendered":"\t\t<div data-elementor-type=\"wp-page\" data-elementor-id=\"2325\" class=\"elementor elementor-2325 elementor-61\">\n\t\t\t\t\t\t<section class=\"elementor-section elementor-top-section elementor-element elementor-element-77c18591 elementor-section-height-min-height elementor-section-boxed elementor-section-height-default elementor-section-items-middle\" data-id=\"77c18591\" data-element_type=\"section\" data-e-type=\"section\" data-settings=\"{&quot;background_background&quot;:&quot;classic&quot;,&quot;ekit_has_onepagescroll_dot&quot;:&quot;yes&quot;}\">\n\t\t\t\t\t\t\t<div class=\"elementor-background-overlay\"><\/div>\n\t\t\t\t\t\t\t<div class=\"elementor-container elementor-column-gap-default\">\n\t\t\t\t\t<div class=\"elementor-column elementor-col-100 elementor-top-column elementor-element elementor-element-1789e92d\" data-id=\"1789e92d\" data-element_type=\"column\" data-e-type=\"column\">\n\t\t\t<div class=\"elementor-widget-wrap elementor-element-populated\">\n\t\t\t\t\t\t<div class=\"elementor-element elementor-element-3252d19e elementor-widget elementor-widget-elementskit-heading\" data-id=\"3252d19e\" data-element_type=\"widget\" data-e-type=\"widget\" data-settings=\"{&quot;ekit_we_effect_on&quot;:&quot;none&quot;}\" data-widget_type=\"elementskit-heading.default\">\n\t\t\t\t<div class=\"elementor-widget-container\">\n\t\t\t\t\t<div class=\"ekit-wid-con\" ><div class=\"ekit-heading elementskit-section-title-wraper text_center   ekit_heading_tablet-   ekit_heading_mobile-\"><h2 class=\"ekit-heading--title elementskit-section-title \">Sobre m\u00ed<\/h2><\/div><\/div>\t\t\t\t<\/div>\n\t\t\t\t<\/div>\n\t\t\t\t<div class=\"elementor-element elementor-element-b579632 elementor-widget elementor-widget-elementskit-breadcrumb\" data-id=\"b579632\" data-element_type=\"widget\" data-e-type=\"widget\" data-settings=\"{&quot;ekit_we_effect_on&quot;:&quot;none&quot;}\" data-widget_type=\"elementskit-breadcrumb.default\">\n\t\t\t\t<div class=\"elementor-widget-container\">\n\t\t\t\t\t<div class=\"ekit-wid-con\" ><ol class=\"ekit-breadcrumb\"><li class=\"ekit_breadcrumbs_start\"><a href=\"https:\/\/drhakanuzunoglu.com\/es\/\">Home<\/a><\/li><\/ol><\/div>\t\t\t\t<\/div>\n\t\t\t\t<\/div>\n\t\t\t\t\t<\/div>\n\t\t<\/div>\n\t\t\t\t\t<\/div>\n\t\t<\/section>\n\t\t\t\t<section class=\"elementor-section elementor-top-section elementor-element elementor-element-544b8a0d elementor-section-boxed elementor-section-height-default elementor-section-height-default\" data-id=\"544b8a0d\" data-element_type=\"section\" data-e-type=\"section\" data-settings=\"{&quot;background_background&quot;:&quot;classic&quot;,&quot;ekit_has_onepagescroll_dot&quot;:&quot;yes&quot;}\">\n\t\t\t\t\t\t<div class=\"elementor-container elementor-column-gap-default\">\n\t\t\t\t\t<div class=\"elementor-column elementor-col-100 elementor-top-column elementor-element elementor-element-57ea7e9a\" data-id=\"57ea7e9a\" data-element_type=\"column\" data-e-type=\"column\">\n\t\t\t<div class=\"elementor-widget-wrap elementor-element-populated\">\n\t\t\t\t\t\t<section class=\"elementor-section elementor-inner-section elementor-element elementor-element-6ea7b18c elementor-section-boxed elementor-section-height-default elementor-section-height-default\" data-id=\"6ea7b18c\" data-element_type=\"section\" data-e-type=\"section\" data-settings=\"{&quot;ekit_has_onepagescroll_dot&quot;:&quot;yes&quot;}\">\n\t\t\t\t\t\t<div class=\"elementor-container elementor-column-gap-default\">\n\t\t\t\t\t<div class=\"elementor-column elementor-col-50 elementor-inner-column elementor-element elementor-element-5f9e5b95\" data-id=\"5f9e5b95\" data-element_type=\"column\" data-e-type=\"column\">\n\t\t\t<div class=\"elementor-widget-wrap elementor-element-populated\">\n\t\t\t\t\t\t<div class=\"elementor-element elementor-element-3d4f7cfb elementor-widget-tablet__width-initial elementor-widget-mobile__width-initial elementor-widget elementor-widget-elementskit-heading\" data-id=\"3d4f7cfb\" data-element_type=\"widget\" data-e-type=\"widget\" data-settings=\"{&quot;ekit_we_effect_on&quot;:&quot;none&quot;}\" data-widget_type=\"elementskit-heading.default\">\n\t\t\t\t<div class=\"elementor-widget-container\">\n\t\t\t\t\t<div class=\"ekit-wid-con\" ><div class=\"ekit-heading elementskit-section-title-wraper text_left   ekit_heading_tablet-text_center   ekit_heading_mobile-\"><h3 class=\"elementskit-section-subtitle  \">\n\t\t\t\t\t\tAsoc. Dr. Hakan Uzuno\u011flu\n\t\t\t\t\t<\/h3><h2 class=\"ekit-heading--title elementskit-section-title \">Sobre m\u00ed<\/h2>\t\t\t\t<div class='ekit-heading__description'>\n\t\t\t\t\t<p>Asoc. El Dr. Hakan Uzuno\u011flu es uno de los principales cirujanos gastroenter\u00f3logos de Turqu\u00eda. Ofrece servicio en Estambul Kartal.  <\/p>\n\t\t\t\t<\/div>\n\t\t\t<\/div><\/div>\t\t\t\t<\/div>\n\t\t\t\t<\/div>\n\t\t\t\t<div class=\"elementor-element elementor-element-351d3d2f elementor-widget-tablet__width-initial elementor-widget-mobile__width-initial ekit-equal-height-disable elementor-widget elementor-widget-elementskit-icon-box\" data-id=\"351d3d2f\" data-element_type=\"widget\" data-e-type=\"widget\" data-settings=\"{&quot;ekit_we_effect_on&quot;:&quot;none&quot;}\" data-widget_type=\"elementskit-icon-box.default\">\n\t\t\t\t<div class=\"elementor-widget-container\">\n\t\t\t\t\t<div class=\"ekit-wid-con\" >        <!-- link opening -->\n                <a href=\"#\" class=\"ekit_global_links\">\n                <!-- end link opening -->\n\n        <div class=\"elementskit-infobox text- text-left icon-lef-right-aligin elementor-animation- media  \">\n                            <div class=\"elementskit-box-header\">\n                <div class=\"elementskit-info-box-icon text-center\">\n                    <img decoding=\"async\" width=\"45\" height=\"45\" src=\"https:\/\/drhakanuzunoglu.com\/wp-content\/uploads\/2024\/05\/mission-icon.png\" class=\"attachment- size-\" alt=\"\" \/>                <\/div>\n          <\/div>\n                <div class=\"box-body\">\n                            <h3 class=\"elementskit-info-box-title\">\n                    Nuestra misi\u00f3n                <\/h3>\n                        \t\t  \t<p>Nuestra misi\u00f3n es prestar servicios sanitarios de la m\u00e1xima calidad y fiabilidad a nuestros pacientes. Nuestro objetivo es mejorar la salud y la calidad de vida de nuestros pacientes con m\u00e9todos de tratamiento innovadores. Siempre adoptamos un enfoque orientado al paciente, \u00e9tico y transparente.<\/p>\n                                <\/div>\n        \n        \n                <\/div>\n                <\/a>\n        <\/div>\t\t\t\t<\/div>\n\t\t\t\t<\/div>\n\t\t\t\t<div class=\"elementor-element elementor-element-1c3915d3 elementor-widget-tablet__width-initial elementor-widget-mobile__width-initial ekit-equal-height-disable elementor-widget elementor-widget-elementskit-icon-box\" data-id=\"1c3915d3\" data-element_type=\"widget\" data-e-type=\"widget\" data-settings=\"{&quot;ekit_we_effect_on&quot;:&quot;none&quot;}\" data-widget_type=\"elementskit-icon-box.default\">\n\t\t\t\t<div class=\"elementor-widget-container\">\n\t\t\t\t\t<div class=\"ekit-wid-con\" >        <!-- link opening -->\n                <a href=\"#\" class=\"ekit_global_links\">\n                <!-- end link opening -->\n\n        <div class=\"elementskit-infobox text- text-left icon-lef-right-aligin elementor-animation- media  \">\n                            <div class=\"elementskit-box-header\">\n                <div class=\"elementskit-info-box-icon text-center\">\n                    <img decoding=\"async\" width=\"45\" height=\"50\" src=\"https:\/\/drhakanuzunoglu.com\/wp-content\/uploads\/2024\/05\/vision-icon.png\" class=\"attachment- size-\" alt=\"\" \/>                <\/div>\n          <\/div>\n                <div class=\"box-body\">\n                            <h3 class=\"elementskit-info-box-title\">\n                    Nuestra visi\u00f3n                <\/h3>\n                        \t\t  \t<p>Nuestra visi\u00f3n es ofrecer un servicio sanitario innovador y pionero que alcance la excelencia en la atenci\u00f3n sanitaria.<\/p>\n                                <\/div>\n        \n        \n                <\/div>\n                <\/a>\n        <\/div>\t\t\t\t<\/div>\n\t\t\t\t<\/div>\n\t\t\t\t\t<\/div>\n\t\t<\/div>\n\t\t\t\t<div class=\"elementor-column elementor-col-50 elementor-inner-column elementor-element elementor-element-45b18952\" data-id=\"45b18952\" data-element_type=\"column\" data-e-type=\"column\">\n\t\t\t<div class=\"elementor-widget-wrap elementor-element-populated\">\n\t\t\t\t\t\t<div class=\"elementor-element elementor-element-7c49c92 elementor-widget elementor-widget-image\" data-id=\"7c49c92\" data-element_type=\"widget\" data-e-type=\"widget\" data-settings=\"{&quot;ekit_we_effect_on&quot;:&quot;none&quot;}\" data-widget_type=\"image.default\">\n\t\t\t\t<div class=\"elementor-widget-container\">\n\t\t\t\t\t\t\t\t\t\t\t\t\t\t\t<img fetchpriority=\"high\" decoding=\"async\" width=\"635\" height=\"606\" src=\"https:\/\/drhakanuzunoglu.com\/wp-content\/uploads\/2024\/05\/hakkimda.png\" class=\"attachment-large size-large wp-image-1810\" alt=\"\" srcset=\"https:\/\/drhakanuzunoglu.com\/wp-content\/uploads\/2024\/05\/hakkimda.png 635w, https:\/\/drhakanuzunoglu.com\/wp-content\/uploads\/2024\/05\/hakkimda-300x286.png 300w\" sizes=\"(max-width: 635px) 100vw, 635px\" \/>\t\t\t\t\t\t\t\t\t\t\t\t\t\t\t<\/div>\n\t\t\t\t<\/div>\n\t\t\t\t\t<\/div>\n\t\t<\/div>\n\t\t\t\t\t<\/div>\n\t\t<\/section>\n\t\t\t\t\t<\/div>\n\t\t<\/div>\n\t\t\t\t\t<\/div>\n\t\t<\/section>\n\t\t<div class=\"elementor-element elementor-element-b27de94 e-flex e-con-boxed e-con e-parent\" data-id=\"b27de94\" data-element_type=\"container\" data-e-type=\"container\" data-settings=\"{&quot;ekit_has_onepagescroll_dot&quot;:&quot;yes&quot;}\">\n\t\t\t\t\t<div class=\"e-con-inner\">\n\t\t\t\t<div class=\"elementor-element elementor-element-77c10b3 elementor-widget elementor-widget-elementskit-heading\" data-id=\"77c10b3\" data-element_type=\"widget\" data-e-type=\"widget\" data-settings=\"{&quot;ekit_we_effect_on&quot;:&quot;none&quot;}\" data-widget_type=\"elementskit-heading.default\">\n\t\t\t\t<div class=\"elementor-widget-container\">\n\t\t\t\t\t<div class=\"ekit-wid-con\" ><div class=\"ekit-heading elementskit-section-title-wraper text_left   ekit_heading_tablet-   ekit_heading_mobile-\"><h2 class=\"ekit-heading--title elementskit-section-title \">Sobre m\u00ed<\/h2>\t\t\t\t<div class='ekit-heading__description'>\n\t\t\t\t\t<p>Asoc. El Dr. Hakan Uzuno\u011flu es uno de los principales cirujanos gastroenter\u00f3logos de Turqu\u00eda. El Dr. Uzuno\u011flu, que trabaja en Kartal (Estambul), recibi\u00f3 el t\u00edtulo de profesor asociado de la Presidencia del Consejo Interuniversitario de la Rep\u00fablica de Turqu\u00eda en marzo de 2022. Posee profundos conocimientos y experiencia en el campo de la cirug\u00eda gastroenterol\u00f3gica mediante la especializaci\u00f3n en el Campo B\u00e1sico de las Ciencias de la Salud.<\/p>\n<p>El Dr. Uzuno\u011flu comenz\u00f3 sus estudios en la Facultad de Medicina de la Universidad de Kocaeli y complet\u00f3 su formaci\u00f3n especializada en el Departamento de Cirug\u00eda General tras licenciarse en 2006. En 2012, complet\u00f3 su tesis sobre la investigaci\u00f3n del polimorfismo del gen NBS1 (Nibrin) en mujeres con c\u00e1ncer de mama espor\u00e1dico en la poblaci\u00f3n turca y el Prof. Dr. Zafer Utkan fue su supervisor en este estudio.<\/p>\n<p>El Dr. Uzuno\u011flu comenz\u00f3 su carrera acad\u00e9mica como Asistente de Investigaci\u00f3n en el Departamento de Ciencias M\u00e9dicas Quir\u00fargicas de la Facultad de Medicina de la Universidad de Kocaeli (2007-2012). Entre 2013-2015, trabaj\u00f3 como ayudante de subespecialidad de Cirug\u00eda Gastroenterol\u00f3gica en el Hospital de Alta Formaci\u00f3n Especializada e Investigaci\u00f3n de Ankara (Turqu\u00eda). Despu\u00e9s trabaj\u00f3 como especialista menor de cirug\u00eda general y cirug\u00eda gastroenterol\u00f3gica en el Hospital de Formaci\u00f3n e Investigaci\u00f3n Haydarpa\u015fa Numune de Estambul (2015-2019) y en el Hospital Municipal Kartal Dr. L\u00fctfi K\u0131rdar (2019).<\/p>\n<p>Sus afiliaciones a organizaciones cient\u00edficas incluyen la Asociaci\u00f3n de Cirug\u00eda Gastroenterol\u00f3gica, de la que es miembro desde 2014, y la Asociaci\u00f3n de Cirug\u00eda Gastroenterol\u00f3gica de Estambul, de la que es miembro desde 2016. Estas afiliaciones permiten al Dr. Uzuno\u011flu seguir los avances actuales en su campo y actualizar continuamente sus conocimientos profesionales.<\/p>\n<p>Asoc. Los estudios y art\u00edculos cient\u00edficos del Dr. Hakan Uzuno\u011flu se han publicado en numerosas revistas nacionales e internacionales. Entre sus obras destacadas se encuentran las siguientes:<\/p>\n<p>\"An\u00e1lisis del Diagn\u00f3stico Colonosc\u00f3pico en funci\u00f3n de la Edad, el Sexo y los S\u00edntomas\" (2021) - Cl\u00ednicas del Sur de Estambul Eurasia \"El Efecto del Intestino Corto y los Factores Relacionados en la Supervivencia en la Isquemia Mesent\u00e9rica Aguda\" (2020) - Revista M\u00e9dica Cl\u00ednicas Ege \"Nuestros Resultados de la Reparaci\u00f3n Laparosc\u00f3pica Totalmente Extraperitoneal de un \u00danico Centro:<br \/> La curva de aprendizaje y las dificultades\" (2019) - Haydarpa\u015fa Numune Medical Journal \"UNA CAUSA RARA DE ABDOMINIO AGUDO:<\/p>\n<p>SARCOMA ESQUEL\u00c9TICA EXTERIOR PRIMARIA\" (2015) - Revista M\u00e9dica Bozok \"El efecto de la quimiorradioterapia neoadyuvante en el control local y la supervivencia libre de enfermedad en tumores rectales localmente avanzados en estadio\" (2015) - Revista M\u00e9dica Abant Entre sus estudios publicados internacionalmente:<\/p>\n<p>\"A Case Report of Liver and Pancreatic Echinococcal Cysts\" (2022) - Revista Nigeriana de Pr\u00e1ctica Cl\u00ednica \"Tumores del Estroma Gastrointestinal del Intestino Delgado\" (2021) - Revista del Colegio de M\u00e9dicos y Cirujanos de Pakist\u00e1n \"Tumores del Estroma Gastrointestinal del Est\u00f3mago:<\/p>\n<p>Experiencia de 10 a\u00f1os de un solo centro\" (2021) - Revista Nigeriana de Pr\u00e1ctica Cl\u00ednica \"GIST primarios extraabdominales\" (2021) - Cl\u00ednicas del Norte de Estambul Dr. El \u00e9xito acad\u00e9mico de Uzuno\u011flu se ve reforzado por sus art\u00edculos cient\u00edficos, cap\u00edtulos de libros y ponencias presentadas en congresos nacionales e internacionales. Tambi\u00e9n llama la atenci\u00f3n por sus conocimientos de ingl\u00e9s; obtuvo 78,75 puntos en el examen Y\u00d6KD\u0130L al que se present\u00f3 en 2017.<\/p>\n\t\t\t\t<\/div>\n\t\t\t<\/div><\/div>\t\t\t\t<\/div>\n\t\t\t\t<\/div>\n\t\t\t\t\t<\/div>\n\t\t\t\t<\/div>\n\t\t\t\t<\/div>\n\t\t","protected":false},"excerpt":{"rendered":"<p>Sobre m\u00ed Anasayfa Asoc. Dr. Hakan Uzuno\u011flu Sobre m\u00ed Asoc. El Dr. Hakan Uzuno\u011flu es uno de los principales cirujanos gastroenter\u00f3logos de Turqu\u00eda. Ofrece servicio en Estambul Kartal. Nuestra misi\u00f3n Nuestra misi\u00f3n es prestar servicios sanitarios de la m\u00e1xima calidad y fiabilidad a nuestros pacientes. Nuestro objetivo es mejorar la salud y la calidad de [&hellip;]<\/p>\n","protected":false},"author":1,"featured_media":0,"parent":0,"menu_order":0,"comment_status":"closed","ping_status":"closed","template":"","meta":{"footnotes":""},"class_list":["post-2325","page","type-page","status-publish","hentry"],"_links":{"self":[{"href":"https:\/\/drhakanuzunoglu.com\/es\/wp-json\/wp\/v2\/pages\/2325","targetHints":{"allow":["GET"]}}],"collection":[{"href":"https:\/\/drhakanuzunoglu.com\/es\/wp-json\/wp\/v2\/pages"}],"about":[{"href":"https:\/\/drhakanuzunoglu.com\/es\/wp-json\/wp\/v2\/types\/page"}],"author":[{"embeddable":true,"href":"https:\/\/drhakanuzunoglu.com\/es\/wp-json\/wp\/v2\/users\/1"}],"replies":[{"embeddable":true,"href":"https:\/\/drhakanuzunoglu.com\/es\/wp-json\/wp\/v2\/comments?post=2325"}],"version-history":[{"count":1,"href":"https:\/\/drhakanuzunoglu.com\/es\/wp-json\/wp\/v2\/pages\/2325\/revisions"}],"predecessor-version":[{"id":2327,"href":"https:\/\/drhakanuzunoglu.com\/es\/wp-json\/wp\/v2\/pages\/2325\/revisions\/2327"}],"wp:attachment":[{"href":"https:\/\/drhakanuzunoglu.com\/es\/wp-json\/wp\/v2\/media?parent=2325"}],"curies":[{"name":"wp","href":"https:\/\/api.w.org\/{rel}","templated":true}]}}