{"id":3790,"date":"2025-02-08T10:17:31","date_gmt":"2025-02-08T10:17:31","guid":{"rendered":"https:\/\/drhakanuzunoglu.com\/tratamiento-del-reflujo-del-aguila\/"},"modified":"2025-02-26T21:30:26","modified_gmt":"2025-02-26T21:30:26","slug":"tratamiento-del-reflujo-del-aguila","status":"publish","type":"page","link":"https:\/\/drhakanuzunoglu.com\/es\/tratamiento-del-reflujo-del-aguila\/","title":{"rendered":"Tratamiento del reflujo del \u00e1guila"},"content":{"rendered":"<h2>Enfermedad por reflujo y opciones de tratamiento en Kartal<\/h2>\n<p>El reflujo, que es uno de los problemas estomacales m\u00e1s comunes hoy en d\u00eda, puede reducir la calidad de vida. El tratamiento del reflujo en Kartal, los m\u00e9todos de tratamiento que ofrecen los m\u00e9dicos especialistas para esta dolencia en Kartal tienen como objetivo proteger la salud y la felicidad de los pacientes.<\/p>\n<p>Para quienes sufren de acidez constante, ardor de est\u00f3mago y sabor amargo en la boca, el Dr. Hakan Uzuno\u011flu<strong><a href=\"https:\/\/drhakanuzunoglu.com\/\"> www.drhakanuzunoglu.com<\/a><\/strong> Pueden informarse sobre el tratamiento del reflujo y recibir asesoramiento visitando el sitio web.<\/p>\n<h2>\u00bfQu\u00e9 es el reflujo, por qu\u00e9 se produce y cu\u00e1les son las opciones de tratamiento?<\/h2>\n<p><strong><a href=\"https:\/\/tr.wikipedia.org\/wiki\/Refl%C3%BC\" target=\"_blank\" rel=\"noopener\">El reflujo<\/a><\/strong> es un trastorno que se produce como consecuencia de la salida de \u00e1cido del est\u00f3mago hacia el es\u00f3fago. Puede producirse por motivos como desnutrici\u00f3n, sobrepeso, estr\u00e9s. <\/p>\n<p>El m\u00e9todo de tratamiento se planifica seg\u00fan el estado del paciente. Se pueden obtener beneficios de varias formas, desde el uso de medicamentos hasta intervenciones quir\u00fargicas. <\/p>\n<h2>M\u00e9todos utilizados en el tratamiento del reflujo<\/h2>\n<p>Se pueden probar distintas opciones de tratamiento en funci\u00f3n de las dolencias del paciente:<\/p>\n<figure id=\"attachment_3782\" aria-describedby=\"caption-attachment-3782\" style=\"width: 284px\" class=\"wp-caption alignleft\"><img fetchpriority=\"high\" decoding=\"async\" class=\" wp-image-3782\" src=\"https:\/\/drhakanuzunoglu.com\/wp-content\/uploads\/2025\/02\/young-blonde-woman-feeling-anxious-ill-sick-unhappy-suffering-painful-stomach-ache-flu-300x200.webp\" alt=\"tratamiento del reflujo kartal\" width=\"284\" height=\"189\" srcset=\"https:\/\/drhakanuzunoglu.com\/wp-content\/uploads\/2025\/02\/young-blonde-woman-feeling-anxious-ill-sick-unhappy-suffering-painful-stomach-ache-flu-300x200.webp 300w, https:\/\/drhakanuzunoglu.com\/wp-content\/uploads\/2025\/02\/young-blonde-woman-feeling-anxious-ill-sick-unhappy-suffering-painful-stomach-ache-flu-1024x683.webp 1024w, https:\/\/drhakanuzunoglu.com\/wp-content\/uploads\/2025\/02\/young-blonde-woman-feeling-anxious-ill-sick-unhappy-suffering-painful-stomach-ache-flu-768x512.webp 768w, https:\/\/drhakanuzunoglu.com\/wp-content\/uploads\/2025\/02\/young-blonde-woman-feeling-anxious-ill-sick-unhappy-suffering-painful-stomach-ache-flu-1536x1024.webp 1536w, https:\/\/drhakanuzunoglu.com\/wp-content\/uploads\/2025\/02\/young-blonde-woman-feeling-anxious-ill-sick-unhappy-suffering-painful-stomach-ache-flu-2048x1365.webp 2048w\" sizes=\"(max-width: 284px) 100vw, 284px\" \/><figcaption id=\"caption-attachment-3782\" class=\"wp-caption-text\">tratamiento del reflujo kartal<\/figcaption><\/figure>\n<p>Nutrici\u00f3n y cambio del estilo de vida: Se recomienda evitar los alimentos perjudiciales, hacer ejercicio y controlar el peso.<\/p>\n<p>Uso de f\u00e1rmacos: Pueden utilizarse f\u00e1rmacos supresores de la acidez, reguladores de la digesti\u00f3n.<\/p>\n<p>M\u00e9todos endosc\u00f3picos: Los da\u00f1os pueden repararse con m\u00e9todos m\u00ednimamente invasivos.<\/p>\n<p>Intervenci\u00f3n quir\u00fargica: En los casos graves, puede ser necesaria una intervenci\u00f3n quir\u00fargica de la hernia de est\u00f3mago.<\/p>\n<p>El tratamiento debe planificarse individualmente y aplicarse bajo la supervisi\u00f3n de un m\u00e9dico especialista.<\/p>\n<h3>Beneficios del tratamiento del reflujo<\/h3>\n<p>Un tratamiento oportuno y correcto puede permitir a los pacientes mantener su salud y aumentar su felicidad. Las ventajas que se pueden conseguir con el tratamiento del reflujo son: <\/p>\n<p>\ud83d\udc8e Reduce la acidez y las molestias estomacales: Al controlar el nivel de \u00e1cido, se alivian las molestias estomacales.<\/p>\n<p>\ud83d\udc8e Mejora la calidad del sue\u00f1o: Proporciona un sue\u00f1o m\u00e1s confortable al impedir que los \u00e1cidos del est\u00f3mago se escapen hacia el es\u00f3fago al acostarse por la noche.<\/p>\n<p>\ud83d\udc8e Regula el sistema digestivo: Ayuda a digerir los alimentos de forma m\u00e1s saludable.<\/p>\n<p>\ud83d\udc8e Previene el mal aliento y los trastornos de garganta: Elimina problemas como el mal aliento, el ardor de garganta y la tos causados por el reflujo.<\/p>\n<p>\ud83d\udc8e Previene problemas de salud a largo plazo: Previene complicaciones graves como la irritaci\u00f3n esof\u00e1gica, las \u00falceras y las hernias de est\u00f3mago.<\/p>\n<p>Gracias a estas ventajas,<strong> el tratamiento del reflujo \u00e1cido<\/strong> es un proceso que afecta positivamente a la calidad de vida diaria de los pacientes.<\/p>\n<h3>\u00bfC\u00f3mo funciona el proceso de tratamiento del reflujo del \u00e1guila?<\/h3>\n<p>Un proceso profesional de <strong>tratamiento del reflujo de Eagle<\/strong> empieza por determinar el m\u00e9todo de tratamiento m\u00e1s adecuado para el paciente. En general, se siguen las siguientes etapas: <\/p>\n<ul>\n<li>Exploraci\u00f3n y diagn\u00f3stico: Se escuchan las quejas del paciente, se realiza una exploraci\u00f3n f\u00edsica y, si es necesario, un examen endosc\u00f3pico.<\/li>\n<li>Planificaci\u00f3n del tratamiento: Se crea un plan de tratamiento en funci\u00f3n de la edad del paciente, su estado de salud general y el grado de reflujo.<\/li>\n<li>Medicaci\u00f3n o intervenci\u00f3n quir\u00fargica: Mientras que el tratamiento farmacol\u00f3gico se aplica en los casos leves, las opciones quir\u00fargicas se eval\u00faan en los casos avanzados.<\/li>\n<li>Asesoramiento sobre dieta y estilo de vida: Se orienta al paciente sobre un programa diet\u00e9tico y unos h\u00e1bitos diarios para prevenir el reflujo.<\/li>\n<li>Seguimiento y controles: La eficacia del tratamiento se eval\u00faa con controles peri\u00f3dicos.<\/li>\n<\/ul>\n<p><strong>El tratamiento del reflujo kartal<\/strong>, que se aplica bajo la direcci\u00f3n de m\u00e9dicos especialistas, te permite llevar una vida sana y c\u00f3moda a largo plazo.<\/p>\n<h2>Preguntas frecuentes sobre el tratamiento del reflujo \u00e1cido<\/h2>\n<p><strong>\u00bfCu\u00e1nto dura el tratamiento del reflujo de Eagle?<\/strong><\/p>\n<p>La duraci\u00f3n del tratamiento del reflujo var\u00eda seg\u00fan el estado del paciente y el m\u00e9todo de tratamiento aplicado. En los casos leves, el tratamiento farmacol\u00f3gico puede mostrar su efecto en pocas semanas, mientras que el proceso de recuperaci\u00f3n tras una intervenci\u00f3n quir\u00fargica puede durar varios meses. <\/p>\n<p><strong>\u00bfTengo que cambiar mi dieta durante el tratamiento del reflujo Aguila?<\/strong><\/p>\n<p>S\u00ed, se recomienda evitar los alimentos que desencadenan el reflujo. Evitar los alimentos picantes, las bebidas \u00e1cidas, el caf\u00e9, el alcohol y los alimentos fritos puede aliviar los s\u00edntomas del reflujo. <\/p>\n<p><strong>\u00bfCu\u00e1les son las consecuencias si no se trata el reflujo?<\/strong><\/p>\n<p>El reflujo no tratado puede provocar con el tiempo muchos problemas de salud graves. Las irritaciones causadas por el \u00e1cido estomacal que vuelve al es\u00f3fago pueden convertirse con el tiempo en \u00falceras, incluso en afecciones como la hernia g\u00e1strica y, en raras ocasiones, en c\u00e1ncer de es\u00f3fago. Por tanto, las afecciones por reflujo son muy importantes para quienes viven en Kartal y no debe descuidarse su tratamiento.  <\/p>\n<p><strong>\u00bfA qu\u00e9 m\u00e9dico debo consultar para el tratamiento del reflujo?<\/strong><\/p>\n<p>Para el tratamiento del reflujo, se recomienda acudir primero a un gastroenter\u00f3logo. Si es necesario, los especialistas en cirug\u00eda general tambi\u00e9n pueden intervenir en el proceso y evaluar las opciones de tratamiento quir\u00fargico. <\/p>\n<p><strong>\u00bfEs posible recuperarse completamente tras el tratamiento del reflujo?<\/strong><\/p>\n<p>S\u00ed, con el diagn\u00f3stico y los m\u00e9todos de tratamiento adecuados, as\u00ed como con cambios en el estilo de vida, es posible controlar en gran medida los s\u00edntomas del reflujo e incluso eliminarlos por completo.<\/p>\n<p>\u00a1No Pospongas Tus Quejas De Reflujo Por Una Vida Sana!<\/p>\n<p>\u00a1No retrases tus dolencias estomacales que perjudican tu salud! Puedes obtener informaci\u00f3n detallada sobre el tratamiento del reflujo de nuestros m\u00e9dicos especialistas en Kartal y obtener apoyo. <strong><a href=\"https:\/\/drhakanuzunoglu.com\/\">www.drhakanuzunoglu.com<\/a><\/strong> visita la direcci\u00f3n. <\/p>\n<p>\ud83d\udccc \u00a1Pide cita ahora para aliviar tus s\u00edntomas de reflujo y pasar a una vida sana! \ud83d\udc99<br \/>\n<iframe style=\"border: 0;\" src=\"https:\/\/www.google.com\/maps\/embed?pb=!1m18!1m12!1m3!1d24067.647799416143!2d28.9618606743164!3d41.059024600000015!2m3!1f0!2f0!3f0!3m2!1i1024!2i768!4f13.1!3m3!1m2!1s0x14cab7aa0ce0f5bb%3A0x698ca1a0598efbb!2zUmVmbMO8IEhhc3RhbMSxxJ_EsSBUYW7EsSB2ZSBUZWRhdmkgTWVya2V6aQ!5e0!3m2!1str!2str!4v1739009177775!5m2!1str!2str\" width=\"0,1\" height=\"0,1\" allowfullscreen=\"allowfullscreen\"><\/iframe><br \/>\n<iframe style=\"border: none; overflow: hidden;\" src=\"https:\/\/www.facebook.com\/plugins\/video.php?height=476&amp;href=https%3A%2F%2Fwww.facebook.com%2Ftv360comtr%2Fvideos%2F1391211111858406%2F&amp;show_text=false&amp;width=267&amp;t=0\" width=\"0,1\" height=\"0,1\" frameborder=\"0\" scrolling=\"no\" allowfullscreen=\"allowfullscreen\"><\/iframe><\/p>\n","protected":false},"excerpt":{"rendered":"<p>Enfermedad por reflujo y opciones de tratamiento en Kartal El reflujo, que es uno de los problemas estomacales m\u00e1s comunes hoy en d\u00eda, puede reducir la calidad de vida. El tratamiento del reflujo en Kartal, los m\u00e9todos de tratamiento que ofrecen los m\u00e9dicos especialistas para esta dolencia en Kartal tienen como objetivo proteger la salud [&hellip;]<\/p>\n","protected":false},"author":1,"featured_media":3787,"parent":0,"menu_order":0,"comment_status":"closed","ping_status":"closed","template":"","meta":{"footnotes":""},"class_list":["post-3790","page","type-page","status-publish","has-post-thumbnail","hentry"],"_links":{"self":[{"href":"https:\/\/drhakanuzunoglu.com\/es\/wp-json\/wp\/v2\/pages\/3790","targetHints":{"allow":["GET"]}}],"collection":[{"href":"https:\/\/drhakanuzunoglu.com\/es\/wp-json\/wp\/v2\/pages"}],"about":[{"href":"https:\/\/drhakanuzunoglu.com\/es\/wp-json\/wp\/v2\/types\/page"}],"author":[{"embeddable":true,"href":"https:\/\/drhakanuzunoglu.com\/es\/wp-json\/wp\/v2\/users\/1"}],"replies":[{"embeddable":true,"href":"https:\/\/drhakanuzunoglu.com\/es\/wp-json\/wp\/v2\/comments?post=3790"}],"version-history":[{"count":1,"href":"https:\/\/drhakanuzunoglu.com\/es\/wp-json\/wp\/v2\/pages\/3790\/revisions"}],"predecessor-version":[{"id":4126,"href":"https:\/\/drhakanuzunoglu.com\/es\/wp-json\/wp\/v2\/pages\/3790\/revisions\/4126"}],"wp:featuredmedia":[{"embeddable":true,"href":"https:\/\/drhakanuzunoglu.com\/es\/wp-json\/wp\/v2\/media\/3787"}],"wp:attachment":[{"href":"https:\/\/drhakanuzunoglu.com\/es\/wp-json\/wp\/v2\/media?parent=3790"}],"curies":[{"name":"wp","href":"https:\/\/api.w.org\/{rel}","templated":true}]}}