{"id":3807,"date":"2025-02-15T18:29:25","date_gmt":"2025-02-15T18:29:25","guid":{"rendered":"https:\/\/drhakanuzunoglu.com\/gastrectomia-en-manga-gastrica\/"},"modified":"2025-02-26T21:30:30","modified_gmt":"2025-02-26T21:30:30","slug":"gastrectomia-en-manga-gastrica","status":"publish","type":"page","link":"https:\/\/drhakanuzunoglu.com\/es\/gastrectomia-en-manga-gastrica\/","title":{"rendered":"Gastrectom\u00eda en manga g\u00e1strica"},"content":{"rendered":"<p data-start=\"86\" data-end=\"405\">La obesidad es una enfermedad que causa graves problemas de salud tanto f\u00edsica como psicol\u00f3gica. La <strong data-start=\"185\" data-end=\"207\">cirug\u00eda de manga g\u00e1strica<\/strong> es una de las soluciones m\u00e1s eficaces y permanentes en la lucha contra el exceso de peso. La <strong data-start=\"289\" data-end=\"311\">cirug\u00eda<\/strong> de <strong data-start=\"289\" data-end=\"311\">manga g\u00e1strica<\/strong> en Estambul la realizan con seguridad cirujanos especialistas en hospitales modernos. <\/p>\n<p data-start=\"407\" data-end=\"699\">Si tienes problemas de salud debido a tu exceso de peso y buscas una soluci\u00f3n permanente, puedes evaluar el proceso obteniendo informaci\u00f3n detallada sobre <strong data-start=\"498\" data-end=\"529\"> la cirug\u00eda de gastrectom\u00eda en manga<\/strong>. <strong data-start=\"591\" data-end=\"652\"><a href=\"http:\/\/www.drhakanuzunoglu.com\" target=\"_new\" rel=\"noopener\" data-start=\"593\" data-end=\"650\">www.drhakanuzunoglu.com<\/a><\/strong> para obtener la opini\u00f3n de un experto.<\/p>\n<h2 data-start=\"708\" data-end=\"749\"><strong data-start=\"711\" data-end=\"740\">\u00bfQu\u00e9 es la gastrectom\u00eda en manga g\u00e1strica?<\/strong><\/h2>\n<p data-start=\"751\" data-end=\"911\"><strong data-start=\"751\" data-end=\"794\">La gastrectom\u00eda en manguito<\/strong> es un m\u00e9todo de cirug\u00eda bari\u00e1trica en el que se extirpa quir\u00fargicamente aproximadamente el 75-80% del est\u00f3mago. Gracias a esta operaci\u00f3n <\/p>\n<p data-start=\"913\" data-end=\"1082\">\u2714 <strong data-start=\"915\" data-end=\"959\">Se reduce el volumen del est\u00f3mago y disminuye la ingesta de alimentos.<\/strong><br data-start=\"959\" data-end=\"962\">\u2714 <strong data-start=\"964\" data-end=\"1035\">Se controla el apetito al disminuir la producci\u00f3n de la hormona del hambre (grelina).<\/strong><br data-start=\"1035\" data-end=\"1038\">\u2714 <strong data-start=\"1040\" data-end=\"1080\">Se consigue una p\u00e9rdida de peso r\u00e1pida y permanente.<\/strong><\/p>\n<p data-start=\"1084\" data-end=\"1254\"><strong data-start=\"1084\" data-end=\"1115\">La cirug\u00eda de manga g\u00e1strica en Estambul<\/strong> la realizan cirujanos especialistas en hospitales equipados con tecnolog\u00eda avanzada y ofrece un tratamiento seguro a los pacientes.<\/p>\n<h2 data-start=\"1263\" data-end=\"1321\"><strong data-start=\"1266\" data-end=\"1312\">Ventajas de la gastrectom\u00eda en manga g\u00e1strica<\/strong><\/h2>\n<p data-start=\"1323\" data-end=\"1401\"><strong data-start=\"1343\" data-end=\"1365\">La cirug\u00eda de gastrectom\u00eda en manguito<\/strong> realizada en Estambul ofrece muchas ventajas a los pacientes:<\/p>\n<p data-start=\"1403\" data-end=\"1533\"><strong data-start=\"1405\" data-end=\"1427\">P\u00e9rdida de peso permanente:<\/strong> En los primeros 6 meses despu\u00e9s de la intervenci\u00f3n, se pierde entre el 50 y el 60% del exceso de peso, y esta tasa alcanza el 70-80% al cabo de 1 a\u00f1o.<\/p>\n<p data-start=\"1535\" data-end=\"1688\"><strong data-start=\"1537\" data-end=\"1574\">Mejora de las enfermedades metab\u00f3licas<\/strong>: Ayuda a controlar las enfermedades relacionadas con la obesidad, como la diabetes, la hipertensi\u00f3n y la apnea del sue\u00f1o.<\/p>\n<p data-start=\"1690\" data-end=\"1779\"><strong data-start=\"1692\" data-end=\"1716\">Menos Sensaci\u00f3n de Hambre:<\/strong> Al disminuir la producci\u00f3n de la hormona del hambre, se controla el apetito.<\/p>\n<p data-start=\"1781\" data-end=\"1905\"><strong data-start=\"1783\" data-end=\"1810\">La absorci\u00f3n de nutrientes no se ve afectada:<\/strong> Al no interferir en los intestinos, se minimizan las carencias de vitaminas y minerales.<\/p>\n<p data-start=\"1907\" data-end=\"2030\"><strong data-start=\"1909\" data-end=\"1937\">Mayor calidad de vida:<\/strong> Aumenta la movilidad f\u00edsica, aumenta la confianza en uno mismo y la vida social se vuelve m\u00e1s activa.<\/p>\n<p data-start=\"2032\" data-end=\"2167\">Gracias a estas ventajas,<strong data-start=\"2056\" data-end=\"2087\"> la gastrectom\u00eda en manga<\/strong> es una de las soluciones m\u00e1s eficaces para los pacientes que luchan contra el exceso de peso.<\/p>\n<h2 data-start=\"2176\" data-end=\"2241\"><strong data-start=\"2179\" data-end=\"2232\">\u00bfQui\u00e9n es apto para la gastrectom\u00eda en manga g\u00e1strica?<\/strong><\/h2>\n<p data-start=\"2243\" data-end=\"2388\"><strong data-start=\"2243\" data-end=\"2274\">La cirug\u00eda de gastrectom\u00eda en manguito<\/strong> se aplica a pacientes que cumplen determinados criterios. Las siguientes condiciones son los criterios de elegibilidad para la cirug\u00eda: <\/p>\n<figure id=\"attachment_3801\" aria-describedby=\"caption-attachment-3801\" style=\"width: 373px\" class=\"wp-caption alignleft\"><img fetchpriority=\"high\" decoding=\"async\" class=\" wp-image-3801\" src=\"https:\/\/drhakanuzunoglu.com\/wp-content\/uploads\/2025\/02\/158849097_10540428-300x300.webp\" alt=\"Gastrectom\u00eda en manga g\u00e1strica\" width=\"373\" height=\"373\" srcset=\"https:\/\/drhakanuzunoglu.com\/wp-content\/uploads\/2025\/02\/158849097_10540428-300x300.webp 300w, https:\/\/drhakanuzunoglu.com\/wp-content\/uploads\/2025\/02\/158849097_10540428-1024x1024.webp 1024w, https:\/\/drhakanuzunoglu.com\/wp-content\/uploads\/2025\/02\/158849097_10540428-150x150.webp 150w, https:\/\/drhakanuzunoglu.com\/wp-content\/uploads\/2025\/02\/158849097_10540428-768x768.webp 768w, https:\/\/drhakanuzunoglu.com\/wp-content\/uploads\/2025\/02\/158849097_10540428-1536x1536.webp 1536w, https:\/\/drhakanuzunoglu.com\/wp-content\/uploads\/2025\/02\/158849097_10540428.webp 2000w\" sizes=\"(max-width: 373px) 100vw, 373px\" \/><figcaption id=\"caption-attachment-3801\" class=\"wp-caption-text\">Gastrectom\u00eda en manga g\u00e1strica<\/figcaption><\/figure>\n<p data-start=\"2390\" data-end=\"2708\">\u2705 <strong data-start=\"2392\" data-end=\"2447\">Personas con un \u00cdndice de Masa Corporal (IMC) igual o superior a 35<\/strong><br data-start=\"2447\" data-end=\"2450\">\u2705 <strong data-start=\"2452\" data-end=\"2535\">Los que tienen un IMC entre 30-35 y tienen problemas de salud como diabetes e hipertensi\u00f3n<\/strong><br data-start=\"2535\" data-end=\"2538\">\u2705 <strong data-start=\"2540\" data-end=\"2597\">Los que no pueden conseguir una p\u00e9rdida de peso permanente con dieta y ejercicio<\/strong><br data-start=\"2597\" data-end=\"2600\">\u2705 <strong data-start=\"2602\" data-end=\"2640\">Pacientes de entre 18 y 65 a\u00f1os<\/strong><br data-start=\"2640\" data-end=\"2643\">\u2705 <strong data-start=\"2645\" data-end=\"2706\">Los que tienen problemas de salud adecuados para una intervenci\u00f3n quir\u00fargica<\/strong><\/p>\n<p data-start=\"2710\" data-end=\"2928\">Antes de la operaci\u00f3n, se realiza un examen detallado para determinar si el paciente es apto para la operaci\u00f3n de manga g\u00e1strica. <strong data-start=\"2825\" data-end=\"2886\"><a href=\"http:\/\/www.drhakanuzunoglu.com\" target=\"_new\" rel=\"noopener\" data-start=\"2827\" data-end=\"2884\">www.drhakanuzunoglu.com<\/a><\/strong> Puedes obtener ayuda de expertos en<\/p>\n<h2 data-start=\"2937\" data-end=\"2986\"><strong data-start=\"2940\" data-end=\"2977\">\u00bfC\u00f3mo se realiza la cirug\u00eda de gastrectom\u00eda en manga g\u00e1strica?<\/strong><\/h2>\n<p data-start=\"2988\" data-end=\"3123\"><strong data-start=\"2988\" data-end=\"3019\">La cirug\u00eda de gastrectom\u00eda en manguito<\/strong> se realiza mediante el m\u00e9todo de cirug\u00eda laparosc\u00f3pica (cerrada). El proceso de la operaci\u00f3n es el siguiente: <\/p>\n<p data-start=\"3125\" data-end=\"3365\">1\ufe0f\u20e3 <strong data-start=\"3129\" data-end=\"3158\">Se aplica <a href=\"https:\/\/tr.wikipedia.org\/wiki\/Anestezi\" target=\"_blank\" rel=\"noopener\">anestesia<\/a> general.<\/strong><br data-start=\"3158\" data-end=\"3161\">2\ufe0f\u20e3 <strong data-start=\"3165\" data-end=\"3235\">Se realizan peque\u00f1as incisiones en el est\u00f3mago y se insertan dispositivos laparosc\u00f3picos.<\/strong><br data-start=\"3235\" data-end=\"3238\">3\ufe0f\u20e3 <strong data-start=\"3242\" data-end=\"3313\">Se extirpa gran parte del est\u00f3mago y se reduce en forma de tubo.<\/strong><br data-start=\"3313\" data-end=\"3316\">4\ufe0f\u20e3 <strong data-start=\"3320\" data-end=\"3363\">La operaci\u00f3n se completa con sutura.<\/strong><\/p>\n<p data-start=\"3367\" data-end=\"3498\">La duraci\u00f3n de la operaci\u00f3n suele ser de <strong data-start=\"3394\" data-end=\"3410\">45-90 minutos<\/strong>. El paciente <strong data-start=\"3450\" data-end=\"3496\">permanece en observaci\u00f3n en el hospital durante 2-3 d\u00edas<\/strong> despu\u00e9s de la operaci\u00f3n <strong data-start=\"3450\" data-end=\"3496\">.<\/strong> <\/p>\n<h2 data-start=\"3507\" data-end=\"3564\"><strong data-start=\"3510\" data-end=\"3555\">Proceso postoperatorio de la gastrectom\u00eda en manga g\u00e1strica de Estambul<\/strong><\/h2>\n<p data-start=\"3566\" data-end=\"3650\">Despu\u00e9s de la operaci\u00f3n, los pacientes deben hacer un cierto cambio de dieta y estilo de vida:<\/p>\n<p data-start=\"3652\" data-end=\"3986\"><strong data-start=\"3654\" data-end=\"3691\"> <strong data-start=\"3654\" data-end=\"3691\"><br data-start=\"3691\" data-end=\"3694\"><strong data-start=\"3654\" data-end=\"3691\">\u2714 Se aplica una dieta l\u00edquida dur<\/strong>ante las 2 primeras semanas. \u2714 <strong data-start=\"3696\" data-end=\"3755\">Se consumen alimentos blandos y en pur\u00e9 durante 3-4 semanas<\/strong>.<br data-start=\"3755\" data-end=\"3758\">\u2714 Se realiza una <strong data-start=\"3760\" data-end=\"3814\">transici\u00f3n a la alimentaci\u00f3n normal a partir del 1er mes<\/strong>.<br data-start=\"3814\" data-end=\"3817\">\u2714 <strong data-start=\"3819\" data-end=\"3874\">Es importante el consumo abundante de agua y una ingesta adecuada de prote\u00ednas<\/strong>.<br data-start=\"3874\" data-end=\"3877\">\u2714 <strong data-start=\"3879\" data-end=\"3913\">Debe realizarse ejercicio f\u00edsico regular<\/strong>.<br data-start=\"3913\" data-end=\"3916\">\u2714 <strong data-start=\"3918\" data-end=\"3984\">Deben tomarse suplementos vitam\u00ednicos y minerales bajo control m\u00e9dico<\/strong>.<\/strong><\/strong><\/p>\n<p data-start=\"3988\" data-end=\"4064\">En este proceso, es muy importante acudir al m\u00e9dico con regularidad.<\/p>\n<h3 data-start=\"4073\" data-end=\"4129\"><strong data-start=\"4076\" data-end=\"4120\">\u00bfCu\u00e1les son los riesgos de la gastrectom\u00eda en manga g\u00e1strica?<\/strong><\/h3>\n<p data-start=\"4131\" data-end=\"4216\">Como en cualquier intervenci\u00f3n quir\u00fargica, puede haber algunos riesgos en la cirug\u00eda de gastrectom\u00eda en manga:<\/p>\n<p data-start=\"4218\" data-end=\"4437\">\ud83d\udd38 <strong data-start=\"4221\" data-end=\"4247\">Hemorragia o infecci\u00f3n<\/strong><br data-start=\"4247\" data-end=\"4250\">\ud83d\udd38 <strong data-start=\"4253\" data-end=\"4317\">Fuga g\u00e1strica (poco frecuente, pero una complicaci\u00f3n grave)<\/strong><br data-start=\"4317\" data-end=\"4320\">\ud83d\udd38 <strong data-start=\"4323\" data-end=\"4358\">Deficiencias de vitaminas y minerales<\/strong><br data-start=\"4358\" data-end=\"4361\">\ud83d\udd38 <strong data-start=\"4364\" data-end=\"4391\">N\u00e1useas y reflujo<\/strong><br data-start=\"4391\" data-end=\"4394\">\ud83d\udd38 <strong data-start=\"4397\" data-end=\"4435\">Fatiga debida a la p\u00e9rdida r\u00e1pida de peso<\/strong><\/p>\n<p data-start=\"4439\" data-end=\"4554\">Para minimizar estos riesgos, deben seguirse \u00edntegramente las recomendaciones del m\u00e9dico antes y despu\u00e9s de la intervenci\u00f3n.<\/p>\n<h3 data-start=\"4563\" data-end=\"4641\"><strong data-start=\"4566\" data-end=\"4632\">Preguntas frecuentes sobre la gastrectom\u00eda en manga de Estambul (FAQ)<\/strong><\/h3>\n<p data-start=\"4643\" data-end=\"4702\"><strong data-start=\"4647\" data-end=\"4700\">1. \u00bfD\u00f3nde se practica la gastrectom\u00eda en manga en Estambul?<\/strong><\/p>\n<p data-start=\"4703\" data-end=\"4835\">La cirug\u00eda de gastrectom\u00eda en manguito se realiza en hospitales totalmente equipados de Estambul y en centros donde trabajan especialistas en cirug\u00eda de la obesidad.<\/p>\n<p data-start=\"4837\" data-end=\"4906\"><strong data-start=\"4841\" data-end=\"4904\">2. \u00bfCu\u00e1nto tiempo se tarda en perder peso despu\u00e9s de una gastrectom\u00eda en manga?<\/strong><\/p>\n<p data-start=\"4907\" data-end=\"4995\">Los pacientes pueden perder el 50% de su exceso de peso en los primeros 6 meses y el 70-80% en 1 a\u00f1o.<\/p>\n<p data-start=\"4997\" data-end=\"5052\"><strong data-start=\"5001\" data-end=\"5050\">3. \u00bfLa gastrectom\u00eda en manga es una intervenci\u00f3n permanente?<\/strong><\/p>\n<p data-start=\"5053\" data-end=\"5206\">S\u00ed, es un procedimiento permanente porque se extirpa una gran parte del est\u00f3mago. Sin embargo, si contin\u00faan los h\u00e1bitos alimentarios poco saludables, existe el riesgo de volver a ganar peso. <\/p>\n<p data-start=\"5208\" data-end=\"5270\"><strong data-start=\"5212\" data-end=\"5268\">4. \u00bfEs posible volver a engordar despu\u00e9s de una gastrectom\u00eda en manga?<\/strong><\/p>\n<p data-start=\"5271\" data-end=\"5375\">Si no se siguen unas normas alimentarias sanas y no se hace ejercicio con regularidad, existe la posibilidad de ganar peso.<\/p>\n<p data-start=\"5377\" data-end=\"5437\"><strong data-start=\"5381\" data-end=\"5435\">5. \u00bfCu\u00e1les son los precios de la cirug\u00eda de gastrectom\u00eda en manga en Estambul?<\/strong><\/p>\n<p data-start=\"5438\" data-end=\"5646\">El coste de la intervenci\u00f3n puede variar seg\u00fan el hospital, el m\u00e9dico y el centro donde se realice. Para informaci\u00f3n detallada <strong data-start=\"5551\" data-end=\"5612\"><a href=\"http:\/\/www.drhakanuzunoglu.com\" target=\"_new\" rel=\"noopener\" data-start=\"5553\" data-end=\"5610\">www.drhakanuzunoglu.com<\/a><\/strong> Puedes visitar la direcci\u00f3n <\/p>\n<h2><strong data-start=\"5658\" data-end=\"5723\">\u00a1Da un paso hacia una vida sana con la gastrectom\u00eda en manga g\u00e1strica en Estambul!<\/strong><\/h2>\n<p data-start=\"5734\" data-end=\"6065\">Si tienes problemas de salud debido a tu exceso de peso y buscas una soluci\u00f3n permanente, <strong data-start=\"5827\" data-end=\"5858\">la gastrectom\u00eda en manga<\/strong> puede ser una opci\u00f3n eficaz para ti. Para m\u00e1s informaci\u00f3n sobre la operaci\u00f3n y para obtener el apoyo de expertos <strong data-start=\"5968\" data-end=\"6029\"><a href=\"http:\/\/www.drhakanuzunoglu.com\" target=\"_new\" rel=\"noopener\" data-start=\"5970\" data-end=\"6027\">www.drhakanuzunoglu.com<\/a><\/strong> Puedes pedir cita en <\/p>\n<p data-start=\"6067\" data-end=\"6174\" data-is-last-node=\"\">\ud83d\udccc <strong data-start=\"6070\" data-end=\"6170\">\u00a1Ponte en contacto con m\u00e9dicos especializados para dar un paso hacia una vida sana y gestionar el proceso con seguridad!<\/strong> \ud83c\udfe5\u2728<\/p>\n<p><iframe style=\"border: 0;\" src=\"https:\/\/www.google.com\/maps\/embed?pb=!1m18!1m12!1m3!1d192547.3638480119!2d28.69422989453126!3d41.0569129!2m3!1f0!2f0!3f0!3m2!1i1024!2i768!4f13.1!3m3!1m2!1s0x14cab7aa2f543989%3A0x8d284d68fd32aed2!2sDo%C3%A7.%20Dr.%20Ozan%20%C5%9EEN%20I%20T%C3%BCp%20Mide%20Ameliyat%C4%B1%20I%20Mide%20K%C3%BC%C3%A7%C3%BCltme%20I%20Gastrik%20Bypass%20I%20Mide%20Balonu%20I%20Mide%20Refl%C3%BCs%C3%BC!5e0!3m2!1str!2str!4v1739643886968!5m2!1str!2str\" width=\"0,1\" height=\"0,1\" allowfullscreen=\"allowfullscreen\"><\/iframe><\/p>\n<p><iframe title=\"Reproductor de v\u00eddeo de YouTube\" src=\"https:\/\/www.youtube.com\/embed\/FSxXVrV1XrQ?si=oQ7Wq4jaYTH0aJ3z\" width=\"0,1\" height=\"0,1\" frameborder=\"0\" allowfullscreen=\"allowfullscreen\"><\/iframe><\/p>\n","protected":false},"excerpt":{"rendered":"<p>La obesidad es una enfermedad que causa graves problemas de salud tanto f\u00edsica como psicol\u00f3gica. La cirug\u00eda de manga g\u00e1strica es una de las soluciones m\u00e1s eficaces y permanentes en la lucha contra el exceso de peso. La cirug\u00eda de manga g\u00e1strica en Estambul la realizan con seguridad cirujanos especialistas en hospitales modernos. Si tienes [&hellip;]<\/p>\n","protected":false},"author":1,"featured_media":3832,"parent":0,"menu_order":0,"comment_status":"closed","ping_status":"closed","template":"","meta":{"footnotes":""},"class_list":["post-3807","page","type-page","status-publish","has-post-thumbnail","hentry"],"_links":{"self":[{"href":"https:\/\/drhakanuzunoglu.com\/es\/wp-json\/wp\/v2\/pages\/3807","targetHints":{"allow":["GET"]}}],"collection":[{"href":"https:\/\/drhakanuzunoglu.com\/es\/wp-json\/wp\/v2\/pages"}],"about":[{"href":"https:\/\/drhakanuzunoglu.com\/es\/wp-json\/wp\/v2\/types\/page"}],"author":[{"embeddable":true,"href":"https:\/\/drhakanuzunoglu.com\/es\/wp-json\/wp\/v2\/users\/1"}],"replies":[{"embeddable":true,"href":"https:\/\/drhakanuzunoglu.com\/es\/wp-json\/wp\/v2\/comments?post=3807"}],"version-history":[{"count":1,"href":"https:\/\/drhakanuzunoglu.com\/es\/wp-json\/wp\/v2\/pages\/3807\/revisions"}],"predecessor-version":[{"id":4132,"href":"https:\/\/drhakanuzunoglu.com\/es\/wp-json\/wp\/v2\/pages\/3807\/revisions\/4132"}],"wp:featuredmedia":[{"embeddable":true,"href":"https:\/\/drhakanuzunoglu.com\/es\/wp-json\/wp\/v2\/media\/3832"}],"wp:attachment":[{"href":"https:\/\/drhakanuzunoglu.com\/es\/wp-json\/wp\/v2\/media?parent=3807"}],"curies":[{"name":"wp","href":"https:\/\/api.w.org\/{rel}","templated":true}]}}