{"id":3860,"date":"2025-02-24T17:44:16","date_gmt":"2025-02-24T17:44:16","guid":{"rendered":"https:\/\/drhakanuzunoglu.com\/gastrectomia-en-manga-gastrica-eagle\/"},"modified":"2025-02-26T21:30:34","modified_gmt":"2025-02-26T21:30:34","slug":"gastrectomia-en-manga-gastrica-eagle","status":"publish","type":"page","link":"https:\/\/drhakanuzunoglu.com\/es\/gastrectomia-en-manga-gastrica-eagle\/","title":{"rendered":"Gastrectom\u00eda en manga g\u00e1strica Eagle"},"content":{"rendered":"<p>La cirug\u00eda de gastrectom\u00eda en manga Eagle es uno de los m\u00e9todos m\u00e1s aplicados en la cirug\u00eda de la obesidad. Acelera el proceso de p\u00e9rdida de peso y ofrece resultados permanentes. Al reducir el volumen del est\u00f3mago, proporciona sensaci\u00f3n de saciedad con menos comida. Esto favorece una p\u00e9rdida de peso saludable. Muchas personas de Kartal prefieren la cirug\u00eda de gastrectom\u00eda en manga para mejorar la calidad de vida y reducir los problemas de salud. La operaci\u00f3n se realiza<a href=\"https:\/\/tr.wikipedia.org\/wiki\/Laparoskopi\" target=\"_blank\" rel=\"noopener\"> por v\u00eda laparosc\u00f3pica<\/a>. Esto acelera el proceso de curaci\u00f3n y permite a los pacientes reincorporarse m\u00e1s r\u00e1pidamente a su vida cotidiana. Entonces, \u00bfcu\u00e1les son los precios de la cirug\u00eda de gastrectom\u00eda en manga Kartal? Veamos juntos los detalles de esta cuesti\u00f3n.        <\/p>\n<h2>Precios de la cirug\u00eda de est\u00f3mago con tubo de Kartal<\/h2>\n<p>Los precios de la gastrectom\u00eda en manga kartal var\u00edan en funci\u00f3n de distintos factores. Los servicios ofrecidos por el hospital y las t\u00e9cnicas utilizadas influyen en los precios. Las operaciones realizadas por cirujanos experimentados suelen ser m\u00e1s costosas. Sin embargo, esto aumenta la tasa de \u00e9xito. Adem\u00e1s, los servicios de apoyo pre y postoperatorio tambi\u00e9n influyen en el precio. Los paquetes de cirug\u00eda de manga g\u00e1strica que ofrecen los hospitales privados de Kartal pueden incluir servicios adicionales, como asesoramiento nutricional y apoyo psicol\u00f3gico. Elegir al mejor m\u00e9dico para la cirug\u00eda de gastrectom\u00eda en manga de Kartal y realizar la operaci\u00f3n en el centro adecuado te garantiza una buena relaci\u00f3n calidad-precio. Conozcamos ahora m\u00e1s de cerca a los m\u00e9dicos que realizan gastrectom\u00eda en manga en Kartal.       <\/p>\n<figure id=\"attachment_3854\" aria-describedby=\"caption-attachment-3854\" style=\"width: 654px\" class=\"wp-caption alignleft\"><img fetchpriority=\"high\" decoding=\"async\" class=\" wp-image-3854\" src=\"https:\/\/drhakanuzunoglu.com\/wp-content\/uploads\/2025\/02\/doctor-holding-virtual-stomach-hand-healthcare-hospital-service-concept-_1_-300x214.webp\" alt=\"Imagen virtual del est\u00f3mago que simboliza el procedimiento de gastrectom\u00eda en manga Eagle. Informaci\u00f3n sobre el proceso de cirug\u00eda de manga g\u00e1strica y los servicios sanitarios\" width=\"654\" height=\"466\"><figcaption id=\"caption-attachment-3854\" class=\"wp-caption-text\">Imagen virtual del est\u00f3mago que simboliza el procedimiento de gastrectom\u00eda en manga Eagle. Informaci\u00f3n sobre el proceso de cirug\u00eda de manga g\u00e1strica y los servicios sanitarios<\/figcaption><\/figure>\n<h2>M\u00e9dico de la gastrectom\u00eda con manga g\u00e1strica Eagle<\/h2>\n<p><strong><a href=\"https:\/\/drhakanuzunoglu.com\/tup-mide-ameliyati\/\">Gastrectom\u00eda en manga Eagle<\/a><\/strong> La elecci\u00f3n del m\u00e9dico es un factor cr\u00edtico para el \u00e9xito del proceso quir\u00fargico. Los conocimientos y la experiencia son los criterios m\u00e1s importantes en la selecci\u00f3n del m\u00e9dico. La mayor\u00eda de los m\u00e9dicos que practican la gastrectom\u00eda en manga en Kartal est\u00e1n especializados en t\u00e9cnicas quir\u00fargicas avanzadas. Uno de los nombres destacados en este campo es     <strong data-start=\"302\" data-end=\"329\">Prof. Adjunto Hakan Uzuno\u011flu <\/strong>&#8216;es. Uzuno\u011flu ofrece planes de tratamiento personalizados a sus pacientes con su amplia experiencia y modernos enfoques quir\u00fargicos. Elegir al m\u00e9dico adecuado reduce el riesgo de complicaciones postoperatorias y aumenta la satisfacci\u00f3n del paciente.    <strong data-start=\"548\" data-end=\"575\">Prof. Adjunto Hakan Uzuno\u011flu <\/strong>Los planes de tratamiento personalizados de Kartal garantizan que el proceso sea m\u00e1s c\u00f3modo y satisfactorio. Los m\u00e9dicos que figuran en las listas de recomendaci\u00f3n de la gastrectom\u00eda en manga Kartal destacan por sus altos \u00edndices de \u00e9xito y satisfacci\u00f3n de los pacientes. Tras elegir un m\u00e9dico, echemos un vistazo a las instalaciones que ofrecen los centros quir\u00fargicos.  <\/p>\n<h3>Centro de Gastrectom\u00eda en Manga G\u00e1strica Kartal<\/h3>\n<p>La elecci\u00f3n del centro de gastrectom\u00eda en manga Kartal influye directamente en la tasa de \u00e9xito del tratamiento. Los centros con tecnolog\u00edas modernas ofrecen operaciones m\u00e1s seguras y satisfactorias. Los centros con altos niveles de higiene minimizan el riesgo de infecci\u00f3n. En los centros de cirug\u00eda de gastrectom\u00eda en manga de Kartal trabajan equipos sanitarios expertos. Estos centros tambi\u00e9n ofrecen servicios de asesoramiento pre y postoperatorio. Los nutricionistas ayudan a los pacientes a adaptarse a su nuevo estilo de vida. Los paquetes de servicios que ofrecen los centros deben compararse en funci\u00f3n de los precios de la gastrectom\u00eda en manga de Kartal. Los mejores centros combinan infraestructura tecnol\u00f3gica, equipo de expertos y servicios completos. Por \u00faltimo, veamos c\u00f3mo planificar un proceso de tratamiento satisfactorio con la selecci\u00f3n del centro y el m\u00e9dico adecuados. Las elecciones realizadas teniendo en cuenta todos estos factores abren a los pacientes las puertas de una vida sana.         <\/p>\n<p>Para obtener informaci\u00f3n detallada sobre la cirug\u00eda de gastrectom\u00eda en manga en Kartal y entrar en una vida sana  <strong data-start=\"97\" data-end=\"124\">Prof. Adjunto Hakan Uzuno\u011flu <\/strong>  para m\u00e1s detalles, puedes contactar con <strong data-start=\"166\" data-end=\"228\"><a href=\"https:\/\/www.drhakanuzunoglu.com\" target=\"_new\" rel=\"noopener\" data-start=\"168\" data-end=\"226\" data-is-only-node=\"\">www.drhakanuzunoglu.com<\/a><\/strong> Puedes visitar la direcci\u00f3n<br \/>\n<iframe style=\"border: 0;\" src=\"https:\/\/www.google.com\/maps\/embed?pb=!1m18!1m12!1m3!1d3131786.578139291!2d30.19177856975038!3d39.95513678621661!2m3!1f0!2f0!3f0!3m2!1i1024!2i768!4f13.1!3m3!1m2!1s0x14caa0a90e8b0597%3A0x8f71f2f8918dcfef!2sDo%C3%A7%20Dr.%20U%C4%9Fur%20EK%C4%B0C%C4%B0.%20Safra%20Refl%C3%BCs%C3%BC%2CObezite%2CDiabetin%20Cerrahi%20ve%20Endoskopik%20Tedavileri%2C%20Besin%20Alerjisi%20ve%20SIBO%20Flora%20Nakli!5e0!3m2!1str!2str!4v1740418711068!5m2!1str!2str\" width=\"0,1\" height=\"0,1\" allowfullscreen=\"allowfullscreen\"><\/iframe><br \/>\n<iframe title=\"Reproductor de v\u00eddeo de YouTube\" src=\"https:\/\/www.youtube.com\/embed\/jmYLj8yV1YE?si=iVGpTX3MyzRY1UDK\" width=\"0,1\" height=\"0,1\" frameborder=\"0\" allowfullscreen=\"allowfullscreen\"><\/iframe><\/p>\n","protected":false},"excerpt":{"rendered":"<p>La cirug\u00eda de gastrectom\u00eda en manga Eagle es uno de los m\u00e9todos m\u00e1s aplicados en la cirug\u00eda de la obesidad. Acelera el proceso de p\u00e9rdida de peso y ofrece resultados permanentes. Al reducir el volumen del est\u00f3mago, proporciona sensaci\u00f3n de saciedad con menos comida. Esto favorece una p\u00e9rdida de peso saludable. Muchas personas de Kartal [&hellip;]<\/p>\n","protected":false},"author":1,"featured_media":3853,"parent":0,"menu_order":0,"comment_status":"closed","ping_status":"closed","template":"","meta":{"footnotes":""},"class_list":["post-3860","page","type-page","status-publish","has-post-thumbnail","hentry"],"_links":{"self":[{"href":"https:\/\/drhakanuzunoglu.com\/es\/wp-json\/wp\/v2\/pages\/3860","targetHints":{"allow":["GET"]}}],"collection":[{"href":"https:\/\/drhakanuzunoglu.com\/es\/wp-json\/wp\/v2\/pages"}],"about":[{"href":"https:\/\/drhakanuzunoglu.com\/es\/wp-json\/wp\/v2\/types\/page"}],"author":[{"embeddable":true,"href":"https:\/\/drhakanuzunoglu.com\/es\/wp-json\/wp\/v2\/users\/1"}],"replies":[{"embeddable":true,"href":"https:\/\/drhakanuzunoglu.com\/es\/wp-json\/wp\/v2\/comments?post=3860"}],"version-history":[{"count":2,"href":"https:\/\/drhakanuzunoglu.com\/es\/wp-json\/wp\/v2\/pages\/3860\/revisions"}],"predecessor-version":[{"id":4134,"href":"https:\/\/drhakanuzunoglu.com\/es\/wp-json\/wp\/v2\/pages\/3860\/revisions\/4134"}],"wp:featuredmedia":[{"embeddable":true,"href":"https:\/\/drhakanuzunoglu.com\/es\/wp-json\/wp\/v2\/media\/3853"}],"wp:attachment":[{"href":"https:\/\/drhakanuzunoglu.com\/es\/wp-json\/wp\/v2\/media?parent=3860"}],"curies":[{"name":"wp","href":"https:\/\/api.w.org\/{rel}","templated":true}]}}