{"id":3908,"date":"2025-02-26T20:14:19","date_gmt":"2025-02-26T20:14:19","guid":{"rendered":"https:\/\/drhakanuzunoglu.com\/gastrectomia-en-manga-gastrica-pendik\/"},"modified":"2025-02-26T21:30:38","modified_gmt":"2025-02-26T21:30:38","slug":"gastrectomia-en-manga-gastrica-pendik","status":"publish","type":"page","link":"https:\/\/drhakanuzunoglu.com\/es\/gastrectomia-en-manga-gastrica-pendik\/","title":{"rendered":"Gastrectom\u00eda en manga g\u00e1strica Pendik"},"content":{"rendered":"<p data-start=\"33\" data-end=\"1019\">La gastrectom\u00eda en manga Pendik es un m\u00e9todo quir\u00fargico eficaz en la lucha contra la obesidad. Puede ser dif\u00edcil enfrentarse al exceso de peso. Las dietas y los ejercicios pueden no dar resultados la mayor\u00eda de las veces. Aqu\u00ed es donde entra en juego la gastrectom\u00eda en manga. Se extirpa una gran parte del est\u00f3mago. As\u00ed, la persona se sacia con menos comida. En Pendik, esta intervenci\u00f3n se realiza en manos expertas.       El Dr. Hakan Uzuno\u011flu es uno de los nombres con m\u00e1s experiencia en este campo. El objetivo principal de la operaci\u00f3n es reducir el volumen del est\u00f3mago. Esto facilita la p\u00e9rdida de peso. El funcionamiento del aparato digestivo no se ve alterado. El cuerpo digiere los alimentos con normalidad. S\u00f3lo se reduce la cantidad consumida. Esta operaci\u00f3n es c\u00f3moda y segura para quienes viven en Pendik. Adem\u00e1s de la p\u00e9rdida de peso, tambi\u00e9n se pueden controlar enfermedades como la diabetes. Aparte de las preocupaciones est\u00e9ticas, es un proceso cr\u00edtico para la salud. Se reducen los problemas relacionados con la obesidad. Una vida sana es posible con la cirug\u00eda de gastrectom\u00eda en manga. Veamos ahora m\u00e1s de cerca en qu\u00e9 consiste esta cirug\u00eda.            <\/p>\n<p data-start=\"1021\" data-end=\"1059\"><strong data-start=\"1021\" data-end=\"1057\">\u00bfQu\u00e9 es la cirug\u00eda estomacal con tubo Pendik?<\/strong><\/p>\n<p data-start=\"1061\" data-end=\"1895\">La cirug\u00eda de gastrectom\u00eda en manga de Pendik consiste en extirpar aproximadamente el 80% del est\u00f3mago. De este modo, el est\u00f3mago adopta la forma de un tubo. La persona experimenta una sensaci\u00f3n de saciedad al consumir una peque\u00f1a cantidad de comida.   El Prof. Adjunto Hakan Uzuno\u011flu realiza esta intervenci\u00f3n con t\u00e9cnicas quir\u00fargicas modernas. La operaci\u00f3n se realiza por laparoscopia. Esto significa menos incisiones y un proceso de curaci\u00f3n m\u00e1s r\u00e1pido. Supone una gran ventaja para quienes viven en Pendik. Durante la intervenci\u00f3n, tambi\u00e9n se reducen las hormonas que provocan el hambre. Esto acelera la p\u00e9rdida de peso. Las funciones del est\u00f3mago no cambian. S\u00f3lo se reduce su capacidad. <a href=\"https:\/\/drhakanuzunoglu.com\/tup-mide-ameliyati\/\">La cirug\u00eda de gastrectom\u00eda en manguito<\/a> ofrece una soluci\u00f3n permanente. Permite controlar el peso y mejora la calidad de vida. Tambi\u00e9n crea efectos positivos en el metabolismo. El aparato digestivo mantiene su funci\u00f3n natural. Es una opci\u00f3n ideal para los pacientes de Pendik. Veamos ahora el coste y los precios de esta cirug\u00eda.             <\/p>\n<p data-start=\"1897\" data-end=\"1938\"><strong data-start=\"1897\" data-end=\"1936\">Precios de la cirug\u00eda de est\u00f3mago con tubo Pendik<\/strong><\/p>\n<figure id=\"attachment_3898\" aria-describedby=\"caption-attachment-3898\" style=\"width: 300px\" class=\"wp-caption alignleft\"><img fetchpriority=\"high\" decoding=\"async\" class=\"size-medium wp-image-3898\" src=\"https:\/\/drhakanuzunoglu.com\/wp-content\/uploads\/2025\/02\/doctor-measuring-senior-man-s-waist-grey-background-weight-loss-300x198.webp\" alt=\"Gastrectom\u00eda en manga g\u00e1strica Pendik\" width=\"300\" height=\"198\" srcset=\"https:\/\/drhakanuzunoglu.com\/wp-content\/uploads\/2025\/02\/doctor-measuring-senior-man-s-waist-grey-background-weight-loss-300x198.webp 300w, https:\/\/drhakanuzunoglu.com\/wp-content\/uploads\/2025\/02\/doctor-measuring-senior-man-s-waist-grey-background-weight-loss-1024x677.webp 1024w, https:\/\/drhakanuzunoglu.com\/wp-content\/uploads\/2025\/02\/doctor-measuring-senior-man-s-waist-grey-background-weight-loss-768x508.webp 768w, https:\/\/drhakanuzunoglu.com\/wp-content\/uploads\/2025\/02\/doctor-measuring-senior-man-s-waist-grey-background-weight-loss-1536x1015.webp 1536w, https:\/\/drhakanuzunoglu.com\/wp-content\/uploads\/2025\/02\/doctor-measuring-senior-man-s-waist-grey-background-weight-loss-2048x1354.webp 2048w\" sizes=\"(max-width: 300px) 100vw, 300px\" \/><figcaption id=\"caption-attachment-3898\" class=\"wp-caption-text\">Gastrectom\u00eda en manga g\u00e1strica Pendik<\/figcaption><\/figure>\n<p data-start=\"1940\" data-end=\"2828\">Los precios de la cirug\u00eda de gastrectom\u00eda en manga de Pendik dependen de varios factores. Son importantes las instalaciones que ofrece el hospital, la experiencia del m\u00e9dico y el alcance de la operaci\u00f3n.  El Prof. adjunto Hakan Uzuno\u011flu ofrece una planificaci\u00f3n especial para cada paciente. Esto garantiza que el coste var\u00ede en funci\u00f3n de cada persona. Las tecnolog\u00edas y el equipo quir\u00fargico utilizados influyen en el precio. El estado de salud del paciente tambi\u00e9n es un factor importante. Los precios pueden variar seg\u00fan los servicios adicionales. Servicios como el apoyo<a href=\"https:\/\/tr.wikipedia.org\/wiki\/Diyetisyen\" target=\"_blank\" rel=\"noopener\"> de un dietista<\/a> y el asesoramiento psicol\u00f3gico se reflejan en el coste total. El proceso de cuidados postoperatorios tambi\u00e9n puede aumentar el coste. Los servicios sanitarios de calidad ofrecidos en Pendik son atractivos en t\u00e9rminos de relaci\u00f3n calidad-precio. La gastrectom\u00eda en manga reduce los gastos sanitarios a largo plazo. Cuando disminuyen las enfermedades relacionadas con la obesidad, tambi\u00e9n disminuyen los gastos sanitarios. En este sentido, cubre su coste en poco tiempo. Ahora, examinemos el proceso postoperatorio y las cosas que hay que tener en cuenta.           <\/p>\n<p data-start=\"2830\" data-end=\"2869\"><strong data-start=\"2830\" data-end=\"2867\">Despu\u00e9s de la gastrectom\u00eda en manga g\u00e1strica Pendik<\/strong><\/p>\n<p data-start=\"2871\" data-end=\"3926\" data-is-last-node=\"\" data-is-only-node=\"\">El proceso tras la operaci\u00f3n de gastrectom\u00eda en manga Pendik requiere atenci\u00f3n y disciplina. Los primeros d\u00edas se consumen alimentos l\u00edquidos. La transici\u00f3n a los alimentos s\u00f3lidos se produce con el tiempo.   El Dr. Hakan Uzuno\u011flu sigue de cerca a sus pacientes en este proceso. Los controles m\u00e9dicos regulares son muy importantes. Hay que prestar atenci\u00f3n a la dieta. Debe preferirse la alimentaci\u00f3n basada en prote\u00ednas. Deben evitarse los alimentos excesivamente azucarados y grasos. Beber mucha agua acelera la recuperaci\u00f3n. Adem\u00e1s, hay que procurar comer en peque\u00f1as porciones. Debe adquirirse el h\u00e1bito de comer despacio. El ejercicio es una parte importante del proceso de curaci\u00f3n. Se recomiendan los paseos ligeros. Pueden hacerse ejercicios de resistencia para mantener la masa muscular. El apoyo psicol\u00f3gico tambi\u00e9n es \u00fatil en este proceso. Debe mantenerse la motivaci\u00f3n para alcanzar los objetivos postoperatorios. En Pendik, hay muchos centros sanitarios que apoyan este proceso. Como resultado, la calidad de vida mejora mucho tras la gastrectom\u00eda en manga. Para m\u00e1s informaci\u00f3n, puedes visitar <a href=\"http:\/\/www.drhakanuzunoglu.com\" target=\"_new\" rel=\"noopener\" data-start=\"3837\" data-end=\"3894\">www.drhakanuzunoglu.com.<\/a>                 <\/p>\n<p><iframe title=\"Reproductor de v\u00eddeo de YouTube\" src=\"https:\/\/www.youtube.com\/embed\/encW0Q5FsoU?si=LV2PaRF8I1INSLZz\" width=\"0,1\" height=\"0,1\" frameborder=\"0\" allowfullscreen=\"allowfullscreen\"><\/iframe><br \/>\n<iframe style=\"border: 0;\" src=\"https:\/\/www.google.com\/maps\/embed?pb=!1m18!1m12!1m3!1d96395.13908019915!2d29.052774130441865!3d40.97385792640656!2m3!1f0!2f0!3f0!3m2!1i1024!2i768!4f13.1!3m3!1m2!1s0x14cadcabee38e4a7%3A0xf2cc60a44f5145c9!2sObezite%20Cerrahi%20Merkezi!5e0!3m2!1str!2str!4v1740599371823!5m2!1str!2str\" width=\"0,1\" height=\"0,1\" allowfullscreen=\"allowfullscreen\"><\/iframe><\/p>\n","protected":false},"excerpt":{"rendered":"<p>La gastrectom\u00eda en manga Pendik es un m\u00e9todo quir\u00fargico eficaz en la lucha contra la obesidad. Puede ser dif\u00edcil enfrentarse al exceso de peso. Las dietas y los ejercicios pueden no dar resultados la mayor\u00eda de las veces. Aqu\u00ed es donde entra en juego la gastrectom\u00eda en manga. Se extirpa una gran parte del est\u00f3mago. [&hellip;]<\/p>\n","protected":false},"author":1,"featured_media":3903,"parent":0,"menu_order":0,"comment_status":"closed","ping_status":"closed","template":"","meta":{"footnotes":""},"class_list":["post-3908","page","type-page","status-publish","has-post-thumbnail","hentry"],"_links":{"self":[{"href":"https:\/\/drhakanuzunoglu.com\/es\/wp-json\/wp\/v2\/pages\/3908","targetHints":{"allow":["GET"]}}],"collection":[{"href":"https:\/\/drhakanuzunoglu.com\/es\/wp-json\/wp\/v2\/pages"}],"about":[{"href":"https:\/\/drhakanuzunoglu.com\/es\/wp-json\/wp\/v2\/types\/page"}],"author":[{"embeddable":true,"href":"https:\/\/drhakanuzunoglu.com\/es\/wp-json\/wp\/v2\/users\/1"}],"replies":[{"embeddable":true,"href":"https:\/\/drhakanuzunoglu.com\/es\/wp-json\/wp\/v2\/comments?post=3908"}],"version-history":[{"count":1,"href":"https:\/\/drhakanuzunoglu.com\/es\/wp-json\/wp\/v2\/pages\/3908\/revisions"}],"predecessor-version":[{"id":4138,"href":"https:\/\/drhakanuzunoglu.com\/es\/wp-json\/wp\/v2\/pages\/3908\/revisions\/4138"}],"wp:featuredmedia":[{"embeddable":true,"href":"https:\/\/drhakanuzunoglu.com\/es\/wp-json\/wp\/v2\/media\/3903"}],"wp:attachment":[{"href":"https:\/\/drhakanuzunoglu.com\/es\/wp-json\/wp\/v2\/media?parent=3908"}],"curies":[{"name":"wp","href":"https:\/\/api.w.org\/{rel}","templated":true}]}}