{"id":4386,"date":"2025-03-03T22:43:31","date_gmt":"2025-03-03T22:43:31","guid":{"rendered":"https:\/\/drhakanuzunoglu.com\/gastrectomia-en-manga-gastrica-atasehir\/"},"modified":"2025-03-03T22:43:31","modified_gmt":"2025-03-03T22:43:31","slug":"gastrectomia-en-manga-gastrica-atasehir","status":"publish","type":"page","link":"https:\/\/drhakanuzunoglu.com\/es\/gastrectomia-en-manga-gastrica-atasehir\/","title":{"rendered":"Gastrectom\u00eda en manga g\u00e1strica Atasehir"},"content":{"rendered":"<p>La cirug\u00eda de gastrectom\u00eda en manga Ata\u015fehir es una soluci\u00f3n eficaz para las personas que tienen dificultades para perder peso. A veces, la dieta y el ejercicio no son suficientes. El cuerpo se resiste a perder peso. Llegados a este punto, puede ser necesaria una intervenci\u00f3n quir\u00fargica. La cirug\u00eda de gastrectom\u00eda en manga se realiza extirpando una gran parte del est\u00f3mago. El est\u00f3mago se encoge, la persona se sacia con menos comida. La sensaci\u00f3n de hambre disminuye. El metabolismo se acelera. M\u00e9dicos especialistas realizan esta cirug\u00eda en Ata\u015fehir.         Asoc. El Dr. Hakan Uzuno\u011flu destaca por su experiencia en este campo. La operaci\u00f3n se realiza por laparoscopia. El proceso de curaci\u00f3n se acelera gracias a las peque\u00f1as incisiones. El cuerpo se adapta a la nueva dieta. Las enfermedades relacionadas con la obesidad retroceden. La diabetes, la tensi\u00f3n arterial y los problemas articulares est\u00e1n bajo control. Mejora la calidad de vida. Ahora, vamos a discutir en detalle en qu\u00e9 consiste la cirug\u00eda.       <\/p>\n<figure id=\"attachment_4374\" aria-describedby=\"caption-attachment-4374\" style=\"width: 435px\" class=\"wp-caption aligncenter\"><img fetchpriority=\"high\" decoding=\"async\" class=\"wp-image-4374 \" src=\"https:\/\/drhakanuzunoglu.com\/wp-content\/uploads\/2025\/03\/miniature-people-doctor-nurse-observing-discussing-about-human-stomach-science-medical-concep-_1_-300x200.webp\" alt=\"Gastrectom\u00eda en manga Ata\u015fehir - Operaci\u00f3n de reducci\u00f3n de est\u00f3mago para el tratamiento de la obesidad\" width=\"435\" height=\"290\" srcset=\"https:\/\/drhakanuzunoglu.com\/wp-content\/uploads\/2025\/03\/miniature-people-doctor-nurse-observing-discussing-about-human-stomach-science-medical-concep-_1_-300x200.webp 300w, https:\/\/drhakanuzunoglu.com\/wp-content\/uploads\/2025\/03\/miniature-people-doctor-nurse-observing-discussing-about-human-stomach-science-medical-concep-_1_-1024x683.webp 1024w, https:\/\/drhakanuzunoglu.com\/wp-content\/uploads\/2025\/03\/miniature-people-doctor-nurse-observing-discussing-about-human-stomach-science-medical-concep-_1_-768x512.webp 768w, https:\/\/drhakanuzunoglu.com\/wp-content\/uploads\/2025\/03\/miniature-people-doctor-nurse-observing-discussing-about-human-stomach-science-medical-concep-_1_-1536x1024.webp 1536w, https:\/\/drhakanuzunoglu.com\/wp-content\/uploads\/2025\/03\/miniature-people-doctor-nurse-observing-discussing-about-human-stomach-science-medical-concep-_1_-2048x1365.webp 2048w\" sizes=\"(max-width: 435px) 100vw, 435px\" \/><figcaption id=\"caption-attachment-4374\" class=\"wp-caption-text\">\u00a1Consigue una p\u00e9rdida de peso saludable y permanente con la cirug\u00eda de gastrectom\u00eda en manga! Ofrecemos servicios fiables de cirug\u00eda bari\u00e1trica en Ata\u015fehir.<\/figcaption><\/figure>\n<h2>\u00bfQu\u00e9 es la cirug\u00eda de est\u00f3mago tubular de Ata\u015fehir?<\/h2>\n<p>La cirug\u00eda de gastrectom\u00eda en manga de Ata\u015fehir es un procedimiento que consiste en extirpar aproximadamente el 80% del est\u00f3mago. La reducci\u00f3n del est\u00f3mago proporciona una sensaci\u00f3n de saciedad con menos comida. La p\u00e9rdida de peso se acelera. Este m\u00e9todo ofrece una soluci\u00f3n permanente. El nivel de <a href=\"https:\/\/tr.wikipedia.org\/wiki\/Ghrelin\" target=\"_blank\" rel=\"noopener\">grelina<\/a>, la hormona del hambre, disminuye. As\u00ed, se controla el apetito. El sistema digestivo contin\u00faa su funcionamiento natural. El cuerpo sigue absorbiendo los nutrientes necesarios. En Ata\u015fehir, esta cirug\u00eda se realiza con t\u00e9cnicas modernas.         Asoc. El Dr. Hakan Uzuno\u011flu ofrece planes de tratamiento personalizados a sus pacientes. La operaci\u00f3n suele durar 1-2 horas. Los pacientes permanecen en el hospital unos d\u00edas. Despu\u00e9s, pueden reincorporarse r\u00e1pidamente a la vida cotidiana. En las primeras semanas, se recomienda la alimentaci\u00f3n con alimentos l\u00edquidos. M\u00e1s tarde, se cambia a alimentos blandos. Se reducen las raciones, pero se mantiene el valor nutritivo. El proceso de p\u00e9rdida de peso es individualizado. Hablemos ahora de los costes de la operaci\u00f3n.        <\/p>\n<h3>Precios de la cirug\u00eda de est\u00f3mago por sonda de Atasehir<\/h3>\n<p>Los precios de la cirug\u00eda de gastrectom\u00eda en manga de Ata\u015fehir var\u00edan seg\u00fan diversos factores. Las instalaciones que ofrece el hospital, la experiencia del m\u00e9dico y las t\u00e9cnicas utilizadas influyen en el precio. Se hace una evaluaci\u00f3n personalizada.   Asoc. El Dr. Hakan Uzuno\u011flu crea un plan de tratamiento adecuado a las necesidades de cada paciente. El precio de la intervenci\u00f3n puede variar seg\u00fan la ubicaci\u00f3n del hospital y los materiales utilizados. En algunos casos, los seguros m\u00e9dicos privados pueden cubrir parte de la intervenci\u00f3n. Los servicios de seguimiento postoperatorio tambi\u00e9n se tienen en cuenta al determinar el precio. Los servicios adicionales, como el apoyo de un dietista y el asesoramiento psicol\u00f3gico, pueden aumentar el coste total. Sin embargo, a largo plazo supone un gran ahorro en t\u00e9rminos de salud. Cuando se previenen las enfermedades <a href=\"https:\/\/drhakanuzunoglu.com\/tup-mide-ameliyati\/\">relacionadas con la obesidad<\/a>, se reducen los gastos en medicamentos y tratamientos. Adem\u00e1s, aumenta la calidad de vida cotidiana de la persona. Consideremos ahora el proceso postoperatorio.       <\/p>\n<h3>Despu\u00e9s de la gastrectom\u00eda en manga g\u00e1strica de Atasehir<\/h3>\n<p>El proceso tras la operaci\u00f3n de gastrectom\u00eda en manga de Ata\u015fehir requiere atenci\u00f3n y disciplina. En los primeros d\u00edas tras la operaci\u00f3n s\u00f3lo se consumen alimentos l\u00edquidos. Con el tiempo, se hace la transici\u00f3n a pur\u00e9s y alimentos blandos. Se tarda unas semanas en adaptarse a los alimentos s\u00f3lidos. En este proceso, es importante seguir una dieta basada en prote\u00ednas. El aparato digestivo se adapta al nuevo orden. Es necesario acostumbrarse a comer en peque\u00f1as porciones.       Asoc. El Dr. Hakan Uzuno\u011flu sigue de cerca a sus pacientes despu\u00e9s de la operaci\u00f3n. No deben descuidarse los controles regulares. Debe crearse un programa de ejercicios. Debe empezar con paseos ligeros y pasar gradualmente a ejercicios en\u00e9rgicos. Beber mucha agua facilita la digesti\u00f3n. El apoyo psicol\u00f3gico aumenta la motivaci\u00f3n. El postoperatorio es m\u00e1s f\u00e1cil a medida que la persona se adapta al nuevo estilo de vida. A largo plazo, se adquieren h\u00e1bitos alimentarios sanos y equilibrados. Para informaci\u00f3n detallada tras la cirug\u00eda de gastrectom\u00eda en manga <strong><a href=\"https:\/\/drhakanuzunoglu.com\/\">www.drhakanuzunoglu.com<\/a><\/strong> Puedes visitar la direcci\u00f3n<br \/>\n<iframe title=\"Reproductor de v\u00eddeo de YouTube\" src=\"https:\/\/www.youtube.com\/embed\/NGupCtS0Re0?si=elsuCYGULJA6zCy7\" width=\"0,1\" height=\"0,1\" frameborder=\"0\" allowfullscreen=\"allowfullscreen\"><\/iframe><br \/>\n<iframe style=\"border: 0;\" src=\"https:\/\/www.google.com\/maps\/embed?pb=!1m18!1m12!1m3!1d3012.1031394610086!2d29.108183776449!3d40.97922232121281!2m3!1f0!2f0!3f0!3m2!1i1024!2i768!4f13.1!3m3!1m2!1s0x14cac4040cbeaaab%3A0xbba140349d70c822!2sOP.%20DR.%20YUNUS%20TOPAL%20-%20T%C3%BCrkiye%20Obezite%20Merkezi%2C%20T%C3%BCp%20Mide%2C%20%C5%9Eeker%20Ameliyat%C4%B1%2C%20Mide%20Balonu%2C%20Mide%20Botoks%2C%20Mide%20K%C3%BC%C3%A7%C3%BCltme%20Ameliyat%C4%B1!5e0!3m2!1str!2str!4v1741040949298!5m2!1str!2str\" width=\"0,1\" height=\"0,1\" allowfullscreen=\"allowfullscreen\"><\/iframe><\/p>\n","protected":false},"excerpt":{"rendered":"<p>La cirug\u00eda de gastrectom\u00eda en manga Ata\u015fehir es una soluci\u00f3n eficaz para las personas que tienen dificultades para perder peso. A veces, la dieta y el ejercicio no son suficientes. El cuerpo se resiste a perder peso. Llegados a este punto, puede ser necesaria una intervenci\u00f3n quir\u00fargica. La cirug\u00eda de gastrectom\u00eda en manga se realiza [&hellip;]<\/p>\n","protected":false},"author":1,"featured_media":4381,"parent":0,"menu_order":0,"comment_status":"closed","ping_status":"closed","template":"","meta":{"footnotes":""},"class_list":["post-4386","page","type-page","status-publish","has-post-thumbnail","hentry"],"_links":{"self":[{"href":"https:\/\/drhakanuzunoglu.com\/es\/wp-json\/wp\/v2\/pages\/4386","targetHints":{"allow":["GET"]}}],"collection":[{"href":"https:\/\/drhakanuzunoglu.com\/es\/wp-json\/wp\/v2\/pages"}],"about":[{"href":"https:\/\/drhakanuzunoglu.com\/es\/wp-json\/wp\/v2\/types\/page"}],"author":[{"embeddable":true,"href":"https:\/\/drhakanuzunoglu.com\/es\/wp-json\/wp\/v2\/users\/1"}],"replies":[{"embeddable":true,"href":"https:\/\/drhakanuzunoglu.com\/es\/wp-json\/wp\/v2\/comments?post=4386"}],"version-history":[{"count":0,"href":"https:\/\/drhakanuzunoglu.com\/es\/wp-json\/wp\/v2\/pages\/4386\/revisions"}],"wp:featuredmedia":[{"embeddable":true,"href":"https:\/\/drhakanuzunoglu.com\/es\/wp-json\/wp\/v2\/media\/4381"}],"wp:attachment":[{"href":"https:\/\/drhakanuzunoglu.com\/es\/wp-json\/wp\/v2\/media?parent=4386"}],"curies":[{"name":"wp","href":"https:\/\/api.w.org\/{rel}","templated":true}]}}