{"id":4416,"date":"2025-03-14T22:10:18","date_gmt":"2025-03-14T22:10:18","guid":{"rendered":"https:\/\/drhakanuzunoglu.com\/cirugia-de-la-obesidad-en-atasehir\/"},"modified":"2025-03-14T22:10:18","modified_gmt":"2025-03-14T22:10:18","slug":"cirugia-de-la-obesidad-en-atasehir","status":"publish","type":"page","link":"https:\/\/drhakanuzunoglu.com\/es\/cirugia-de-la-obesidad-en-atasehir\/","title":{"rendered":"Cirug\u00eda de la obesidad en Atasehir"},"content":{"rendered":"<p data-start=\"38\" data-end=\"1154\"><strong data-start=\"58\" data-end=\"88\">La cirug\u00eda de la obesidad Ata\u015fehir<\/strong> ofrece una soluci\u00f3n permanente en el proceso de p\u00e9rdida de peso. Las estad\u00edsticas demuestran que la obesidad no s\u00f3lo afecta al aspecto f\u00edsico, sino tambi\u00e9n a la salud. Tambi\u00e9n provoca graves problemas de salud. Est\u00e1 relacionada con enfermedades como las cardiopat\u00edas, la diabetes y la hipertensi\u00f3n. El exceso de peso puede causar problemas articulares y limitar la movilidad. La dieta y el ejercicio no siempre son suficientes. Al cabo de un tiempo, el cuerpo puede dejar de perder peso. Aqu\u00ed es donde entra en juego la intervenci\u00f3n quir\u00fargica. La cirug\u00eda de la obesidad est\u00e1 dise\u00f1ada para reducir la capacidad del est\u00f3mago. De este modo, el paciente siente saturaci\u00f3n con raciones m\u00e1s peque\u00f1as. Se inicia el proceso de p\u00e9rdida de peso y el metabolismo se acelera. En Ata\u015fehir, estas intervenciones quir\u00fargicas se realizan con t\u00e9cnicas m\u00e9dicas modernas.             <strong data-start=\"846\" data-end=\"873\">Prof. Adjunto Hakan Uzuno\u011flu <\/strong>es un cirujano especializado en este campo. La operaci\u00f3n se planifica en funci\u00f3n de las necesidades de la paciente. Gracias a los m\u00e9todos laparosc\u00f3picos, el proceso de la operaci\u00f3n es corto y c\u00f3modo. Los pacientes pueden volver a su vida normal en poco tiempo. Veamos ahora m\u00e1s de cerca qu\u00e9 significa la cirug\u00eda de la obesidad.    <\/p>\n<figure id=\"attachment_4408\" aria-describedby=\"caption-attachment-4408\" style=\"width: 423px\" class=\"wp-caption alignleft\"><img fetchpriority=\"high\" decoding=\"async\" class=\" wp-image-4408\" src=\"https:\/\/drhakanuzunoglu.com\/wp-content\/uploads\/2025\/03\/young-nutritionist-measuring-overweight-man-with-centimeter-tape-prescribing-diet-300x202.webp\" alt=\"Un m\u00e9dico mide la cintura de un paciente antes de la cirug\u00eda bari\u00e1trica.\" width=\"423\" height=\"285\" srcset=\"https:\/\/drhakanuzunoglu.com\/wp-content\/uploads\/2025\/03\/young-nutritionist-measuring-overweight-man-with-centimeter-tape-prescribing-diet-300x202.webp 300w, https:\/\/drhakanuzunoglu.com\/wp-content\/uploads\/2025\/03\/young-nutritionist-measuring-overweight-man-with-centimeter-tape-prescribing-diet-1024x689.webp 1024w, https:\/\/drhakanuzunoglu.com\/wp-content\/uploads\/2025\/03\/young-nutritionist-measuring-overweight-man-with-centimeter-tape-prescribing-diet-768x517.webp 768w, https:\/\/drhakanuzunoglu.com\/wp-content\/uploads\/2025\/03\/young-nutritionist-measuring-overweight-man-with-centimeter-tape-prescribing-diet-1536x1034.webp 1536w, https:\/\/drhakanuzunoglu.com\/wp-content\/uploads\/2025\/03\/young-nutritionist-measuring-overweight-man-with-centimeter-tape-prescribing-diet-2048x1379.webp 2048w\" sizes=\"(max-width: 423px) 100vw, 423px\" \/><figcaption id=\"caption-attachment-4408\" class=\"wp-caption-text\">La cirug\u00eda de la obesidad ofrece una soluci\u00f3n eficaz en la lucha contra el sobrepeso. \u00a1Recupera tu salud con nuestros cirujanos expertos en Ata\u015fehir!<\/figcaption><\/figure>\n<h2 data-start=\"1156\" data-end=\"1199\"><strong data-start=\"1160\" data-end=\"1197\">\u00bfQu\u00e9 es la cirug\u00eda de la obesidad de Ata\u015fehir?<\/strong><\/h2>\n<p data-start=\"1201\" data-end=\"2239\">Los m\u00e9todos quir\u00fargicos que proporcionan una p\u00e9rdida de peso saludable <a href=\"https:\/\/drhakanuzunoglu.com\/tup-mide-ameliyati\/\">en la lucha contra la obesidad<\/a> se denominan <strong data-start=\"1273\" data-end=\"1303\">cirug\u00eda de la obesidad Ata\u015fehir<\/strong>. Uno de los m\u00e9todos m\u00e1s comunes <strong data-start=\"1339\" data-end=\"1364\">es la gastrectom\u00eda en manga<\/strong>. En esta operaci\u00f3n se extirpa una gran parte del est\u00f3mago. El paciente puede saciarse con menos comida. El nivel de la hormona del hambre disminuye, por lo que se controla el apetito. Otro m\u00e9todo quir\u00fargico es <strong data-start=\"1543\" data-end=\"1574\">el bypass g\u00e1strico<\/strong>. Esta operaci\u00f3n modifica parcialmente el aparato digestivo. Se reduce la absorci\u00f3n de nutrientes y se acelera la p\u00e9rdida de peso. Es importante se\u00f1alar que la cirug\u00eda bari\u00e1trica no s\u00f3lo permite perder peso. Tambi\u00e9n mejora problemas de salud como <strong data-start=\"1772\" data-end=\"1822\"><a href=\"https:\/\/tr.wikipedia.org\/wiki\/Diyabet\" target=\"_blank\" rel=\"noopener\">la diabetes<\/a>, la hipertensi\u00f3n y las enfermedades articulares<\/strong>. En Ata\u015fehir, estas cirug\u00edas se realizan con <strong data-start=\"1891\" data-end=\"1918\">t\u00e9cnicas quir\u00fargicas avanzadas<\/strong>.            <strong data-start=\"1950\" data-end=\"1977\">Prof. Adjunto Hakan Uzuno\u011flu <\/strong>crea un plan de tratamiento especial para cada paciente. El proceso de operaci\u00f3n de cada paciente es diferente. La dieta postoperatoria es muy importante. La p\u00e9rdida de peso se produce gradualmente. Los pacientes deben adaptarse a su nuevo estilo de vida. Veamos ahora el coste de esta intervenci\u00f3n.     <\/p>\n<h3 data-start=\"2241\" data-end=\"2287\"><strong data-start=\"2245\" data-end=\"2285\">Precios de la cirug\u00eda de la obesidad en Atasehir<\/strong><\/h3>\n<p data-start=\"2289\" data-end=\"3222\">Los precios de la cirug\u00eda de la obesidad en Ata\u015fehir var\u00edan en funci\u00f3n de muchos factores. El hospital donde se realice la intervenci\u00f3n, la experiencia del m\u00e9dico y las t\u00e9cnicas utilizadas son los factores m\u00e1s importantes. Las necesidades de cada paciente son diferentes.    <strong data-start=\"2508\" data-end=\"2575\">\u00bfSe preferir\u00e1 la cirug\u00eda de manga g\u00e1strica o el bypass g\u00e1strico?<\/strong>  Este es un factor que afecta directamente al coste.  <strong data-start=\"2623\" data-end=\"2650\">Prof. Adjunto Hakan Uzuno\u011flu <\/strong>crea un plan de tratamiento especial para cada paciente. El proceso de seguimiento postoperatorio tambi\u00e9n se tiene en cuenta a la hora de fijar el precio. Los materiales y equipos m\u00e9dicos utilizados en las operaciones quir\u00fargicas son algunos de los factores que influyen en el coste total. Algunos pacientes pueden cubrir parte de los costes de la cirug\u00eda a trav\u00e9s de su seguro m\u00e9dico privado. Sin embargo, deben tenerse en cuenta los beneficios para la salud a largo plazo. A medida que disminuyen las enfermedades relacionadas con la obesidad, tambi\u00e9n disminuyen los gastos m\u00e9dicos. La calidad de vida mejora mucho con la p\u00e9rdida de peso. Hablemos ahora del proceso postoperatorio.       <\/p>\n<h3 data-start=\"3224\" data-end=\"3268\"><strong data-start=\"3228\" data-end=\"3266\">Despu\u00e9s de la cirug\u00eda de la obesidad de Atasehir<\/strong><\/h3>\n<p data-start=\"3270\" data-end=\"4349\" data-is-last-node=\"\" data-is-only-node=\"\">El proceso tras la cirug\u00eda bari\u00e1trica de Ata\u015fehir es un periodo que debe seguirse con cuidado. Los primeros d\u00edas s\u00f3lo se consumen alimentos l\u00edquidos. Despu\u00e9s, el paciente pasa gradualmente a los alimentos en pur\u00e9. La transici\u00f3n a los alimentos s\u00f3lidos debe ser gradual. Debe establecerse una dieta correcta. <strong data-start=\"3545\" data-end=\"3583\">Una dieta rica en prote\u00ednas<\/strong> acelera el proceso de curaci\u00f3n. Los pacientes deben aprender a comer <strong data-start=\"3626\" data-end=\"3649\">raciones peque\u00f1as<\/strong>.       <strong data-start=\"3675\" data-end=\"3702\">Prof. Adjunto Hakan Uzuno\u011flu <\/strong>sigue de cerca a sus pacientes despu\u00e9s de la intervenci\u00f3n. No deben descuidarse <strong data-start=\"3760\" data-end=\"3790\">los controles m\u00e9dicos regulares<\/strong>. Deben iniciarse inmediatamente los paseos ligeros. Con el tiempo debe establecerse una rutina de ejercicio regular. <strong data-start=\"3901\" data-end=\"3950\">Deben evitarse los alimentos azucarados y grasos<\/strong>. Beber mucha agua ayuda a la digesti\u00f3n. El apoyo psicol\u00f3gico puede hacer que este proceso sea m\u00e1s c\u00f3modo. La motivaci\u00f3n es muy importante en el postoperatorio. Es necesario adaptarse a un estilo de vida saludable. <strong data-start=\"4156\" data-end=\"4226\">La p\u00e9rdida de peso progresa de forma constante y los pacientes recuperan una vida sana<\/strong>. Para m\u00e1s informaci\u00f3n <strong data-start=\"4256\" data-end=\"4317\"><a href=\"http:\/\/www.drhakanuzunoglu.com\" target=\"_new\" rel=\"noopener\" data-start=\"4258\" data-end=\"4315\">www.drhakanuzunoglu.com<\/a><\/strong> Puedes visitar la direcci\u00f3n       <\/p>\n<p><iframe style=\"border: 0;\" src=\"https:\/\/www.google.com\/maps\/embed?pb=!1m18!1m12!1m3!1d3011.8446648354798!2d29.106884176449245!3d40.98488212086442!2m3!1f0!2f0!3f0!3m2!1i1024!2i768!4f13.1!3m3!1m2!1s0x14cac7ed2c7f95ad%3A0x11383046b7c9e2b8!2sProf.%20Dr.%20Ahmet%20Ziya%20Balta-Gastrik%20Bypass-T%C3%BCp%20Mide%20Ameliyat%C4%B1-Obezite%20Cerrahisi-Metabolik%20Cerrahi-%C5%9Eeker%20Ameliyat%C4%B1!5e0!3m2!1str!2str!4v1741989300208!5m2!1str!2str\" width=\"0,1\" height=\"0,1\" allowfullscreen=\"allowfullscreen\"><\/iframe><br \/>\n<iframe title=\"Reproductor de v\u00eddeo de YouTube\" src=\"https:\/\/www.youtube.com\/embed\/NGupCtS0Re0?si=rxeV6Q1KNcegk-1J\" width=\"0,1\" height=\"0,1\" frameborder=\"0\" allowfullscreen=\"allowfullscreen\"><\/iframe><\/p>\n","protected":false},"excerpt":{"rendered":"<p>La cirug\u00eda de la obesidad Ata\u015fehir ofrece una soluci\u00f3n permanente en el proceso de p\u00e9rdida de peso. Las estad\u00edsticas demuestran que la obesidad no s\u00f3lo afecta al aspecto f\u00edsico, sino tambi\u00e9n a la salud. Tambi\u00e9n provoca graves problemas de salud. Est\u00e1 relacionada con enfermedades como las cardiopat\u00edas, la diabetes y la hipertensi\u00f3n. El exceso de [&hellip;]<\/p>\n","protected":false},"author":1,"featured_media":4407,"parent":0,"menu_order":0,"comment_status":"closed","ping_status":"closed","template":"","meta":{"footnotes":""},"class_list":["post-4416","page","type-page","status-publish","has-post-thumbnail","hentry"],"_links":{"self":[{"href":"https:\/\/drhakanuzunoglu.com\/es\/wp-json\/wp\/v2\/pages\/4416","targetHints":{"allow":["GET"]}}],"collection":[{"href":"https:\/\/drhakanuzunoglu.com\/es\/wp-json\/wp\/v2\/pages"}],"about":[{"href":"https:\/\/drhakanuzunoglu.com\/es\/wp-json\/wp\/v2\/types\/page"}],"author":[{"embeddable":true,"href":"https:\/\/drhakanuzunoglu.com\/es\/wp-json\/wp\/v2\/users\/1"}],"replies":[{"embeddable":true,"href":"https:\/\/drhakanuzunoglu.com\/es\/wp-json\/wp\/v2\/comments?post=4416"}],"version-history":[{"count":0,"href":"https:\/\/drhakanuzunoglu.com\/es\/wp-json\/wp\/v2\/pages\/4416\/revisions"}],"wp:featuredmedia":[{"embeddable":true,"href":"https:\/\/drhakanuzunoglu.com\/es\/wp-json\/wp\/v2\/media\/4407"}],"wp:attachment":[{"href":"https:\/\/drhakanuzunoglu.com\/es\/wp-json\/wp\/v2\/media?parent=4416"}],"curies":[{"name":"wp","href":"https:\/\/api.w.org\/{rel}","templated":true}]}}