{"id":4425,"date":"2025-03-20T00:36:14","date_gmt":"2025-03-20T00:36:14","guid":{"rendered":"https:\/\/drhakanuzunoglu.com\/cirugia-de-la-obesidad-maltepe\/"},"modified":"2025-03-20T00:36:14","modified_gmt":"2025-03-20T00:36:14","slug":"cirugia-de-la-obesidad-maltepe","status":"publish","type":"page","link":"https:\/\/drhakanuzunoglu.com\/es\/cirugia-de-la-obesidad-maltepe\/","title":{"rendered":"Cirug\u00eda de la obesidad Maltepe"},"content":{"rendered":"<p>El centro de cirug\u00eda de la obesidad de Maltepe ofrece una soluci\u00f3n permanente a las personas que llevan mucho tiempo luchando por perder peso. El exceso de peso no s\u00f3lo perjudica tu aspecto, sino tambi\u00e9n tu salud. Puede provocar enfermedades graves, como cardiopat\u00edas, hipertensi\u00f3n y diabetes. Con el tiempo, tu movilidad se ve limitada y pueden aparecer problemas articulares. La dieta y el deporte no siempre dan los resultados que deseas. A veces tu cuerpo puede resistirse a perder peso. En estos casos, puede ser necesaria una intervenci\u00f3n quir\u00fargica. Con las cirug\u00edas <a href=\"https:\/\/drhakanuzunoglu.com\/obezite-cerrahisi-agirlik-yonetimindeki-guclu-muttefik\/\">de la obesidad<\/a>, se reduce el volumen de tu est\u00f3mago y puedes sentirte lleno con menos comida. Tu sensaci\u00f3n de hambre disminuye y tu apetito se controla. Estas operaciones se realizan con t\u00e9cnicas modernas en el centro de Maltepe. El postoperatorio mejora tu calidad de vida. Puedes hacer tus actividades cotidianas m\u00e1s c\u00f3modamente. Tu riesgo de enfermedades cr\u00f3nicas disminuye con la p\u00e9rdida de peso. \u00bfC\u00f3mo se realiza la cirug\u00eda de la obesidad en Maltepe?            <\/p>\n<p>Uno de los m\u00e9todos de cirug\u00eda bari\u00e1trica que se realizan en el centro de Maltepe es la gastrectom\u00eda en manga, cuyo objetivo es reducir el volumen del est\u00f3mago. Con este m\u00e9todo, se extirpa la mayor parte del est\u00f3mago y el est\u00f3mago encogido se satura con menos comida. El nivel de la hormona del hambre disminuye y sientes la necesidad de comer menos. Otro m\u00e9todo es la cirug\u00eda de bypass g\u00e1strico. Con esta cirug\u00eda, se reorganiza tu est\u00f3mago y tu sistema intestinal. Se reduce la absorci\u00f3n de alimentos y se acelera la p\u00e9rdida de peso. Las operaciones las realizan m\u00e9dicos especialistas. Uno de los m\u00e1s experimentados del centro es el Dr. Hakan Uzuno\u011flu. Las operaciones de obesidad no s\u00f3lo pretenden ahorrar peso, sino tambi\u00e9n resolver tus problemas de salud. Se pueden controlar enfermedades como la diabetes y la hipertensi\u00f3n. Tu proceso de p\u00e9rdida de peso se planifica individualmente. Se espera que sigas tu dieta despu\u00e9s de la operaci\u00f3n. \u00bfC\u00f3mo funciona el proceso?             <\/p>\n<figure id=\"attachment_3421\" aria-describedby=\"caption-attachment-3421\" style=\"width: 300px\" class=\"wp-caption alignleft\"><img fetchpriority=\"high\" decoding=\"async\" class=\"wp-image-3421 size-medium\" src=\"https:\/\/drhakanuzunoglu.com\/wp-content\/uploads\/2024\/12\/DALL%C2%B7E-2024-12-24-05.34.14-An-illustration-of-a-healthcare-professional-explaining-post-obesity-surgery-recovery-tips-to-a-patient.-The-setting-includes-medical-charts-a-comfor-300x300.webp\" alt=\"Cirug\u00eda de la obesidad Maltepe\" width=\"300\" height=\"300\"><figcaption id=\"caption-attachment-3421\" class=\"wp-caption-text\">Cirug\u00eda de la obesidad Maltepe<\/figcaption><\/figure>\n<h2>Opciones de cirug\u00eda de la obesidad en Maltepe<\/h2>\n<p>Las operaciones de cirug\u00eda de la obesidad con m\u00e9todos m\u00ednimamente invasivos de Maltepe se realizan con m\u00e9todos <a href=\"https:\/\/tr.wikipedia.org\/wiki\/Kolesistektomi\" target=\"_blank\" rel=\"noopener\">laparosc\u00f3picos<\/a>. Gracias a esta t\u00e9cnica, que completa la operaci\u00f3n con peque\u00f1as incisiones, el periodo de recuperaci\u00f3n es m\u00e1s corto que en las cirug\u00edas abiertas. Antes de la operaci\u00f3n, se eval\u00faa detalladamente el estado de salud del paciente. Durante la operaci\u00f3n, se reduce el volumen del est\u00f3mago o se realizan cambios en el aparato digestivo para reducir la absorci\u00f3n de calor\u00edas. As\u00ed se acelera la p\u00e9rdida de peso. En la gastrectom\u00eda en manga, se da forma de tubo al est\u00f3mago, mientras que en la cirug\u00eda de bypass g\u00e1strico se hacen ajustes en las conexiones intestinales. Se elige una de ellas seg\u00fan el estado del paciente y suele durar 1-2 horas. Tras unos d\u00edas de observaci\u00f3n en el hospital, se inicia una dieta l\u00edquida y se recupera gradualmente la nutrici\u00f3n.       <\/p>\n<p>Los precios de la cirug\u00eda bari\u00e1trica de Maltepe var\u00edan en funci\u00f3n del hospital, el nivel de especializaci\u00f3n del m\u00e9dico, los m\u00e9todos utilizados y el seguimiento posterior. Algunos de ellos pueden estar cubiertos seg\u00fan la tasa de cobertura del seguro. Sin embargo, los costes disminuyen a largo plazo con la prevenci\u00f3n de enfermedades y la reducci\u00f3n del gasto farmac\u00e9utico. Adoptar h\u00e1bitos de vida saludables tambi\u00e9n es importante para el \u00e9xito del proceso postoperatorio. Quienes piensen someterse al servicio de cirug\u00eda de la obesidad de Maltepe deben informarse sobre las opciones y los precios.    <\/p>\n<h2>Algunos puntos importantes sobre la cirug\u00eda de la obesidad de Maltepe<\/h2>\n<p>Hay varias cuestiones muy importantes para los pacientes que se plantean someterse a una operaci\u00f3n de cirug\u00eda de la obesidad en Maltepe. En primer lugar, el m\u00e9dico que vaya a realizar la operaci\u00f3n debe tener experiencia y ser experto. Tras la operaci\u00f3n, un seguimiento estrecho del proceso acelerar\u00e1 la recuperaci\u00f3n de la enfermedad. Seguir las normas diet\u00e9ticas es vital para el \u00e9xito de la operaci\u00f3n. Adoptar h\u00e1bitos de vida saludables ser\u00e1 muy \u00fatil tras la cirug\u00eda. Aumentar el ejercicio acelerar\u00e1 el proceso de curaci\u00f3n. Beber mucha agua aliviar\u00e1 el sistema digestivo. Es importante no descuidar las revisiones peri\u00f3dicas. El apoyo psicol\u00f3gico aumentar\u00e1 la motivaci\u00f3n. Se necesita paciencia para perder peso de forma permanente y equilibrada. Ser\u00e1 m\u00e1s beneficioso adaptarse al proceso en vez de esperar resultados r\u00e1pidos. En general, los pacientes que se someten a cirug\u00eda de la obesidad afirman que su calidad de vida ha aumentado. Se observa que disminuyen las enfermedades cr\u00f3nicas. La tasa de \u00e9xito es alta. Para m\u00e1s informaci\u00f3n, puedes visitar <a href=\"https:\/\/drhakanuzunoglu.com\/\">www.drhakanuzunoglu.com.<\/a><br \/>\n<iframe style=\"border: 0;\" src=\"https:\/\/www.google.com\/maps\/embed?pb=!1m18!1m12!1m3!1d3014.938335709302!2d29.142735976446662!3d40.91709792503366!2m3!1f0!2f0!3f0!3m2!1i1024!2i768!4f13.1!3m3!1m2!1s0x407954d2f80560bf%3A0xd815daa60ec6fb59!2sAssoc.Prof.%20Mustafa%20Atabey!5e0!3m2!1str!2str!4v1742430680212!5m2!1str!2str\" width=\"0,1\" height=\"0,1\" allowfullscreen=\"allowfullscreen\"><\/iframe><br \/>\n<iframe title=\"Reproductor de v\u00eddeo de YouTube\" src=\"https:\/\/www.youtube.com\/embed\/IPhOulRyoXc?si=IGxdDeQsdxt3NGU5\" width=\"0,1\" height=\"0,1\" frameborder=\"0\" allowfullscreen=\"allowfullscreen\"><\/iframe><\/p>\n","protected":false},"excerpt":{"rendered":"<p>El centro de cirug\u00eda de la obesidad de Maltepe ofrece una soluci\u00f3n permanente a las personas que llevan mucho tiempo luchando por perder peso. El exceso de peso no s\u00f3lo perjudica tu aspecto, sino tambi\u00e9n tu salud. Puede provocar enfermedades graves, como cardiopat\u00edas, hipertensi\u00f3n y diabetes. Con el tiempo, tu movilidad se ve limitada y [&hellip;]<\/p>\n","protected":false},"author":1,"featured_media":4421,"parent":0,"menu_order":0,"comment_status":"closed","ping_status":"closed","template":"","meta":{"footnotes":""},"class_list":["post-4425","page","type-page","status-publish","has-post-thumbnail","hentry"],"_links":{"self":[{"href":"https:\/\/drhakanuzunoglu.com\/es\/wp-json\/wp\/v2\/pages\/4425","targetHints":{"allow":["GET"]}}],"collection":[{"href":"https:\/\/drhakanuzunoglu.com\/es\/wp-json\/wp\/v2\/pages"}],"about":[{"href":"https:\/\/drhakanuzunoglu.com\/es\/wp-json\/wp\/v2\/types\/page"}],"author":[{"embeddable":true,"href":"https:\/\/drhakanuzunoglu.com\/es\/wp-json\/wp\/v2\/users\/1"}],"replies":[{"embeddable":true,"href":"https:\/\/drhakanuzunoglu.com\/es\/wp-json\/wp\/v2\/comments?post=4425"}],"version-history":[{"count":0,"href":"https:\/\/drhakanuzunoglu.com\/es\/wp-json\/wp\/v2\/pages\/4425\/revisions"}],"wp:featuredmedia":[{"embeddable":true,"href":"https:\/\/drhakanuzunoglu.com\/es\/wp-json\/wp\/v2\/media\/4421"}],"wp:attachment":[{"href":"https:\/\/drhakanuzunoglu.com\/es\/wp-json\/wp\/v2\/media?parent=4425"}],"curies":[{"name":"wp","href":"https:\/\/api.w.org\/{rel}","templated":true}]}}