{"id":2329,"date":"2024-05-29T20:34:39","date_gmt":"2024-05-29T20:34:39","guid":{"rendered":"https:\/\/drhakanuzunoglu.com\/dwari\/"},"modified":"2024-12-15T22:31:31","modified_gmt":"2024-12-15T22:31:31","slug":"dwari","status":"publish","type":"page","link":"https:\/\/drhakanuzunoglu.com\/mt\/dwari\/","title":{"rendered":"dwari"},"content":{"rendered":"\t\t<div data-elementor-type=\"wp-page\" data-elementor-id=\"2329\" class=\"elementor elementor-2329 elementor-61\">\n\t\t\t\t\t\t<section class=\"elementor-section elementor-top-section elementor-element elementor-element-77c18591 elementor-section-height-min-height elementor-section-boxed elementor-section-height-default elementor-section-items-middle\" data-id=\"77c18591\" data-element_type=\"section\" data-e-type=\"section\" data-settings=\"{&quot;background_background&quot;:&quot;classic&quot;,&quot;ekit_has_onepagescroll_dot&quot;:&quot;yes&quot;}\">\n\t\t\t\t\t\t\t<div class=\"elementor-background-overlay\"><\/div>\n\t\t\t\t\t\t\t<div class=\"elementor-container elementor-column-gap-default\">\n\t\t\t\t\t<div class=\"elementor-column elementor-col-100 elementor-top-column elementor-element elementor-element-1789e92d\" data-id=\"1789e92d\" data-element_type=\"column\" data-e-type=\"column\">\n\t\t\t<div class=\"elementor-widget-wrap elementor-element-populated\">\n\t\t\t\t\t\t<div class=\"elementor-element elementor-element-3252d19e elementor-widget elementor-widget-elementskit-heading\" data-id=\"3252d19e\" data-element_type=\"widget\" data-e-type=\"widget\" data-settings=\"{&quot;ekit_we_effect_on&quot;:&quot;none&quot;}\" data-widget_type=\"elementskit-heading.default\">\n\t\t\t\t<div class=\"elementor-widget-container\">\n\t\t\t\t\t<div class=\"ekit-wid-con\" ><div class=\"ekit-heading elementskit-section-title-wraper text_center   ekit_heading_tablet-   ekit_heading_mobile-\"><h2 class=\"ekit-heading--title elementskit-section-title \">dwari<\/h2><\/div><\/div>\t\t\t\t<\/div>\n\t\t\t\t<\/div>\n\t\t\t\t<div class=\"elementor-element elementor-element-b579632 elementor-widget elementor-widget-elementskit-breadcrumb\" data-id=\"b579632\" data-element_type=\"widget\" data-e-type=\"widget\" data-settings=\"{&quot;ekit_we_effect_on&quot;:&quot;none&quot;}\" data-widget_type=\"elementskit-breadcrumb.default\">\n\t\t\t\t<div class=\"elementor-widget-container\">\n\t\t\t\t\t<div class=\"ekit-wid-con\" ><ol class=\"ekit-breadcrumb\"><li class=\"ekit_breadcrumbs_start\"><a href=\"https:\/\/drhakanuzunoglu.com\/mt\/\">Home<\/a><\/li> <li class=\"brd_sep\"><span class=\"separate_icon\"><i class=\"icon icon-arrow-right\"><\/i><\/span><\/li>  <li>dwari<\/li><\/ol><\/div>\t\t\t\t<\/div>\n\t\t\t\t<\/div>\n\t\t\t\t\t<\/div>\n\t\t<\/div>\n\t\t\t\t\t<\/div>\n\t\t<\/section>\n\t\t\t\t<section class=\"elementor-section elementor-top-section elementor-element elementor-element-544b8a0d elementor-section-boxed elementor-section-height-default elementor-section-height-default\" data-id=\"544b8a0d\" data-element_type=\"section\" data-e-type=\"section\" data-settings=\"{&quot;background_background&quot;:&quot;classic&quot;,&quot;ekit_has_onepagescroll_dot&quot;:&quot;yes&quot;}\">\n\t\t\t\t\t\t<div class=\"elementor-container elementor-column-gap-default\">\n\t\t\t\t\t<div class=\"elementor-column elementor-col-100 elementor-top-column elementor-element elementor-element-57ea7e9a\" data-id=\"57ea7e9a\" data-element_type=\"column\" data-e-type=\"column\">\n\t\t\t<div class=\"elementor-widget-wrap elementor-element-populated\">\n\t\t\t\t\t\t<section class=\"elementor-section elementor-inner-section elementor-element elementor-element-6ea7b18c elementor-section-boxed elementor-section-height-default elementor-section-height-default\" data-id=\"6ea7b18c\" data-element_type=\"section\" data-e-type=\"section\" data-settings=\"{&quot;ekit_has_onepagescroll_dot&quot;:&quot;yes&quot;}\">\n\t\t\t\t\t\t<div class=\"elementor-container elementor-column-gap-default\">\n\t\t\t\t\t<div class=\"elementor-column elementor-col-50 elementor-inner-column elementor-element elementor-element-5f9e5b95\" data-id=\"5f9e5b95\" data-element_type=\"column\" data-e-type=\"column\">\n\t\t\t<div class=\"elementor-widget-wrap elementor-element-populated\">\n\t\t\t\t\t\t<div class=\"elementor-element elementor-element-3d4f7cfb elementor-widget-tablet__width-initial elementor-widget-mobile__width-initial elementor-widget elementor-widget-elementskit-heading\" data-id=\"3d4f7cfb\" data-element_type=\"widget\" data-e-type=\"widget\" data-settings=\"{&quot;ekit_we_effect_on&quot;:&quot;none&quot;}\" data-widget_type=\"elementskit-heading.default\">\n\t\t\t\t<div class=\"elementor-widget-container\">\n\t\t\t\t\t<div class=\"ekit-wid-con\" ><div class=\"ekit-heading elementskit-section-title-wraper text_left   ekit_heading_tablet-text_center   ekit_heading_mobile-\"><h3 class=\"elementskit-section-subtitle  \">\n\t\t\t\t\t\tAssoc. Dr. Hakan Uzunoglu\n\t\t\t\t\t<\/h3><h2 class=\"ekit-heading--title elementskit-section-title \">dwari<\/h2>\t\t\t\t<div class='ekit-heading__description'>\n\t\t\t\t\t<p>Assoc. Dr. Hakan Uzuno\u011flu huwa wie\u0127ed mill-kirurgi gastroenterolo\u0121ija ewlenin tat-Turkija. Jipprovdi servizzi f'Kartal, Istanbul.  <\/p>\n\t\t\t\t<\/div>\n\t\t\t<\/div><\/div>\t\t\t\t<\/div>\n\t\t\t\t<\/div>\n\t\t\t\t<div class=\"elementor-element elementor-element-351d3d2f elementor-widget-tablet__width-initial elementor-widget-mobile__width-initial ekit-equal-height-disable elementor-widget elementor-widget-elementskit-icon-box\" data-id=\"351d3d2f\" data-element_type=\"widget\" data-e-type=\"widget\" data-settings=\"{&quot;ekit_we_effect_on&quot;:&quot;none&quot;}\" data-widget_type=\"elementskit-icon-box.default\">\n\t\t\t\t<div class=\"elementor-widget-container\">\n\t\t\t\t\t<div class=\"ekit-wid-con\" >        <!-- link opening -->\n                <a href=\"#\" class=\"ekit_global_links\">\n                <!-- end link opening -->\n\n        <div class=\"elementskit-infobox text- text-left icon-lef-right-aligin elementor-animation- media  \">\n                            <div class=\"elementskit-box-header\">\n                <div class=\"elementskit-info-box-icon text-center\">\n                    <img decoding=\"async\" width=\"45\" height=\"45\" src=\"https:\/\/drhakanuzunoglu.com\/wp-content\/uploads\/2024\/05\/mission-icon.png\" class=\"attachment- size-\" alt=\"\" \/>                <\/div>\n          <\/div>\n                <div class=\"box-body\">\n                            <h3 class=\"elementskit-info-box-title\">\n                    Il-missjoni tag\u0127na                <\/h3>\n                        \t\t  \t<p>Il-missjoni tag\u0127na hija li nipprovdu servizzi tal-kura tas-sa\u0127\u0127a tal-og\u0127la kwalit\u00e0 u affidabbilt\u00e0 lill-pazjenti tag\u0127na. A\u0127na nimmiraw li ntejbu s-sa\u0127\u0127a u l-kwalit\u00e0 tal-\u0127ajja tal-pazjenti tag\u0127na b'metodi ta 'trattament innovattivi. A\u0127na dejjem nadottaw appro\u010b\u010b i\u010b\u010bentrat fuq il-pazjent, etiku u trasparenti.<\/p>\n                                <\/div>\n        \n        \n                <\/div>\n                <\/a>\n        <\/div>\t\t\t\t<\/div>\n\t\t\t\t<\/div>\n\t\t\t\t<div class=\"elementor-element elementor-element-1c3915d3 elementor-widget-tablet__width-initial elementor-widget-mobile__width-initial ekit-equal-height-disable elementor-widget elementor-widget-elementskit-icon-box\" data-id=\"1c3915d3\" data-element_type=\"widget\" data-e-type=\"widget\" data-settings=\"{&quot;ekit_we_effect_on&quot;:&quot;none&quot;}\" data-widget_type=\"elementskit-icon-box.default\">\n\t\t\t\t<div class=\"elementor-widget-container\">\n\t\t\t\t\t<div class=\"ekit-wid-con\" >        <!-- link opening -->\n                <a href=\"#\" class=\"ekit_global_links\">\n                <!-- end link opening -->\n\n        <div class=\"elementskit-infobox text- text-left icon-lef-right-aligin elementor-animation- media  \">\n                            <div class=\"elementskit-box-header\">\n                <div class=\"elementskit-info-box-icon text-center\">\n                    <img decoding=\"async\" width=\"45\" height=\"50\" src=\"https:\/\/drhakanuzunoglu.com\/wp-content\/uploads\/2024\/05\/vision-icon.png\" class=\"attachment- size-\" alt=\"\" \/>                <\/div>\n          <\/div>\n                <div class=\"box-body\">\n                            <h3 class=\"elementskit-info-box-title\">\n                    Il-Vi\u017cjoni Tag\u0127na                <\/h3>\n                        \t\t  \t<p>Il-vi\u017cjoni tag\u0127na hija li nipprovdu servizzi tal-kura tas-sa\u0127\u0127a innovattivi u pijunieri li jiksbu e\u010b\u010bellenza fil-kura tas-sa\u0127\u0127a.<\/p>\n                                <\/div>\n        \n        \n                <\/div>\n                <\/a>\n        <\/div>\t\t\t\t<\/div>\n\t\t\t\t<\/div>\n\t\t\t\t\t<\/div>\n\t\t<\/div>\n\t\t\t\t<div class=\"elementor-column elementor-col-50 elementor-inner-column elementor-element elementor-element-45b18952\" data-id=\"45b18952\" data-element_type=\"column\" data-e-type=\"column\">\n\t\t\t<div class=\"elementor-widget-wrap elementor-element-populated\">\n\t\t\t\t\t\t<div class=\"elementor-element elementor-element-7c49c92 elementor-widget elementor-widget-image\" data-id=\"7c49c92\" data-element_type=\"widget\" data-e-type=\"widget\" data-settings=\"{&quot;ekit_we_effect_on&quot;:&quot;none&quot;}\" data-widget_type=\"image.default\">\n\t\t\t\t<div class=\"elementor-widget-container\">\n\t\t\t\t\t\t\t\t\t\t\t\t\t\t\t<img fetchpriority=\"high\" decoding=\"async\" width=\"635\" height=\"606\" src=\"https:\/\/drhakanuzunoglu.com\/wp-content\/uploads\/2024\/05\/hakkimda.png\" class=\"attachment-large size-large wp-image-1809\" alt=\"\" srcset=\"https:\/\/drhakanuzunoglu.com\/wp-content\/uploads\/2024\/05\/hakkimda.png 635w, https:\/\/drhakanuzunoglu.com\/wp-content\/uploads\/2024\/05\/hakkimda-300x286.png 300w\" sizes=\"(max-width: 635px) 100vw, 635px\" \/>\t\t\t\t\t\t\t\t\t\t\t\t\t\t\t<\/div>\n\t\t\t\t<\/div>\n\t\t\t\t\t<\/div>\n\t\t<\/div>\n\t\t\t\t\t<\/div>\n\t\t<\/section>\n\t\t\t\t\t<\/div>\n\t\t<\/div>\n\t\t\t\t\t<\/div>\n\t\t<\/section>\n\t\t<div class=\"elementor-element elementor-element-b27de94 e-flex e-con-boxed e-con e-parent\" data-id=\"b27de94\" data-element_type=\"container\" data-e-type=\"container\" data-settings=\"{&quot;ekit_has_onepagescroll_dot&quot;:&quot;yes&quot;}\">\n\t\t\t\t\t<div class=\"e-con-inner\">\n\t\t\t\t<div class=\"elementor-element elementor-element-77c10b3 elementor-widget elementor-widget-elementskit-heading\" data-id=\"77c10b3\" data-element_type=\"widget\" data-e-type=\"widget\" data-settings=\"{&quot;ekit_we_effect_on&quot;:&quot;none&quot;}\" data-widget_type=\"elementskit-heading.default\">\n\t\t\t\t<div class=\"elementor-widget-container\">\n\t\t\t\t\t<div class=\"ekit-wid-con\" ><div class=\"ekit-heading elementskit-section-title-wraper text_left   ekit_heading_tablet-   ekit_heading_mobile-\"><h2 class=\"ekit-heading--title elementskit-section-title \">dwari<\/h2>\t\t\t\t<div class='ekit-heading__description'>\n\t\t\t\t\t<p>Assoc. Dr. Hakan Uzuno\u011flu huwa wie\u0127ed mill-kirurgi gastroenterolo\u0121ija ewlenin tat-Turkija. Jservi f'Kartal, Istanbul, Dr. Uzuno\u011flu ir\u010bieva t-titlu ta' professur asso\u010bjat mill-Kunsill Interuniversitarju tar-Repubblika tat-Turkija f'Marzu 2022. Jispe\u010bjalizza fil-Qasam Ba\u017ciku tax-Xjenzi tas-Sa\u0127\u0127a, g\u0127andu g\u0127arfien u esperjenza fil-fond fil-qasam tal-kirur\u0121ija gastroenterolo\u0121ija.<\/p>\n<p>Dr beda l-\u0127ajja edukattiva tieg\u0127u fil-Fakult\u00e0 tal-Medi\u010bina tal-Universit\u00e0 Kocaeli. Wara li ggradwa fl-2006, Uzuno\u011flu temm it-ta\u0127ri\u0121 ta 'spe\u010bjalit\u00e0 tieg\u0127u fid-Dipartiment tal-Kirur\u0121ija \u0120enerali. L-istudju tat-te\u017ci tag\u0127ha, li tlesta fl-2012, kien dwar l-investigazzjoni tal-polimorfi\u017cmu tal-\u0121eni NBS1 (Nibrin) f\u2019nisa b\u2019kan\u010ber tas-sider sporadiku fil-popolazzjoni Torka, u f\u2019dan l-istudju, il-Prof. Dr. Zafer Utkan ipprovda konsulenza.<\/p>\n<p>Dr. Uzuno\u011flu beda l-karriera akkademika tieg\u0127u b\u0127ala Assistent tar-Ri\u010berka fid-Dipartiment tax-Xjenzi Medi\u010bi Kirur\u0121i\u010bi fil-Fakult\u00e0 tal-Medi\u010bina tal-Universit\u00e0 Kocaeli (2007-2012). Bejn l-2013 u l-2015, \u0127adem b\u0127ala assistent tas-subferg\u0127a tal-Kirur\u0121ija Gastroenterolo\u0121ija fl-Isptar ta\u2019 Ta\u0127ri\u0121 u Ri\u010berka ta\u2019 Spe\u010bjalizzazzjoni Og\u0127la ta\u2019 Ankara T\u00fcrkiye. Aktar tard, \u0127adem fl-Isptar ta' Ta\u0127ri\u0121 u Ri\u010berka ta' Istanbul Haydarpa\u015fa Numune (2015-2019) u Kartal Dr. Huwa \u0127adem b\u0127ala sottospe\u010bjalista tal-kirur\u0121ija \u0121enerali u l-kirur\u0121ija gastroenterolo\u0121ija fl-Isptar tal-Belt L\u00fctfi K\u0131rdar (2019).<\/p>\n<p>Is-s\u0127ubija tieg\u0127u f'organizzazzjonijiet xjentifi\u010bi jinkludu l-Asso\u010bjazzjoni tal-Kirur\u0121ija Gastroenterolo\u0121ija, li tag\u0127ha ilu membru mill-2014, u l-Asso\u010bjazzjoni tal-Kirur\u0121ija Gastroenterolo\u0121ija ta' Istanbul, li tag\u0127ha ilu membru mill-2016. Dawn is-s\u0127ubija, Dr. Jippermetti lil Uzuno\u011flu jsegwi l-i\u017cviluppi attwali fil-qasam tieg\u0127u u ja\u0121\u0121orna kontinwament l-g\u0127arfien professjonali tieg\u0127u.<\/p>\n<p>Assoc. Dr. L-istudji u l-artikoli xjentifi\u010bi ta' Hakan Uzuno\u011flu \u0121ew ippubblikati f'\u0127afna \u0121urnali nazzjonali u internazzjonali. Ix-xog\u0127lijiet prominenti tieg\u0127u jinkludu:<\/p>\n<p>\"Anali\u017ci tad-Djanjo\u017ci Kolonoskopika f'termini ta 'Et\u00e0, Sess u Sintomi\" (2021) - Kliniki tan-Nofsinhar ta' Istanbul Eurasia<br \/> \"L-Effett tal-Musrana Qasira u Fatturi Relatati fuq is-Sopravivenza f'Iskemija Mesenterika Akuta\" (2020) - Ege Clinics Medical Journal<br \/> \"Ir-Ri\u017cultati Tag\u0127na ta' Tiswija Laparoskopika Totalment Extraperitoneali minn \u010aentru Uniku: Il-Kurva tat-Tag\u0127lim u d-Diffikultajiet\" (2019) - Haydarpa\u015fa Numune Medical Journal<br \/> \"KAW\u017bA RARI TA 'ADDOMEN AKUT: SARKOMA TA' EWING MHUX SKELETTIKU PRIMARJU\" (2015) - Bozok Medical Journal<br \/> \"L-Effett tal-Kemoradjoterapija Neoadjuvant fuq il-Kontroll Lokali u s-Sopravivenza \u0126ieles mill-Mard f'Tumuri Rektali ta' Stadju Avvanzat Lokali\" (2015) - Abant Medical Journal<br \/> Fost ix-xog\u0127lijiet tieg\u0127u ppubblikati internazzjonalment:<\/p>\n<p>\"Rapport ta' Ka\u017c ta' \u010aisti Echinococcal tal-Fwied u tal-Frixa\" (2022) - \u0120urnal Ni\u0121erjan ta' Prattika Klinika<br \/> \"Tumuri Stromali Gastrointestinali tal-Musran \u017bg\u0127ir\" (2021) - \u0120urnal tal-Kulle\u0121\u0121 tat-Tobba u Kirurgi Pakistan<br \/> \"Tumuri Stromali Gastrointestinali tal-Istonku: Esperjenza ta' 10 snin ta' \u010aentru Uniku\" (2021) - \u0120urnal Ni\u0121erjan ta' Prattika Klinika<br \/> \"GISTs Extra Primarji ta 'l-Addomen\" (2021) - Kliniki tat-Tramuntana ta' Istanbul<br \/> Dr. Is-su\u010b\u010bess akkademiku ta' Uzuno\u011flu huwa msa\u0127\u0127a\u0127 mill-artikoli xjentifi\u010bi tieg\u0127u, il-kapitli tal-kotba u d-dokumenti ppre\u017centati f'kungressi nazzjonali u internazzjonali. Ji\u0121bed l-attenzjoni wkoll bl-g\u0127arfien tieg\u0127u tal-Ingli\u017c; Huwa r\u010bieva 78.75 punti fl-e\u017cami Y\u00d6KD\u0130L li \u0127a fl-2017.<\/p>\n\t\t\t\t<\/div>\n\t\t\t<\/div><\/div>\t\t\t\t<\/div>\n\t\t\t\t<\/div>\n\t\t\t\t\t<\/div>\n\t\t\t\t<\/div>\n\t\t\t\t<\/div>\n\t\t","protected":false},"excerpt":{"rendered":"<p>dwari Anasayfa Assoc. Dr. Hakan Uzunoglu dwari Assoc. Dr. Hakan Uzuno\u011flu huwa wie\u0127ed mill-kirurgi gastroenterolo\u0121ija ewlenin tat-Turkija. Jipprovdi servizzi f&#8217;Kartal, Istanbul. Il-missjoni tag\u0127na Il-missjoni tag\u0127na hija li nipprovdu servizzi tal-kura tas-sa\u0127\u0127a tal-og\u0127la kwalit\u00e0 u affidabbilt\u00e0 lill-pazjenti tag\u0127na. A\u0127na nimmiraw li ntejbu s-sa\u0127\u0127a u l-kwalit\u00e0 tal-\u0127ajja tal-pazjenti tag\u0127na b&#8217;metodi ta &#8216;trattament innovattivi. A\u0127na dejjem nadottaw appro\u010b\u010b [&hellip;]<\/p>\n","protected":false},"author":1,"featured_media":0,"parent":0,"menu_order":0,"comment_status":"closed","ping_status":"closed","template":"","meta":{"footnotes":""},"class_list":["post-2329","page","type-page","status-publish","hentry"],"_links":{"self":[{"href":"https:\/\/drhakanuzunoglu.com\/mt\/wp-json\/wp\/v2\/pages\/2329","targetHints":{"allow":["GET"]}}],"collection":[{"href":"https:\/\/drhakanuzunoglu.com\/mt\/wp-json\/wp\/v2\/pages"}],"about":[{"href":"https:\/\/drhakanuzunoglu.com\/mt\/wp-json\/wp\/v2\/types\/page"}],"author":[{"embeddable":true,"href":"https:\/\/drhakanuzunoglu.com\/mt\/wp-json\/wp\/v2\/users\/1"}],"replies":[{"embeddable":true,"href":"https:\/\/drhakanuzunoglu.com\/mt\/wp-json\/wp\/v2\/comments?post=2329"}],"version-history":[{"count":1,"href":"https:\/\/drhakanuzunoglu.com\/mt\/wp-json\/wp\/v2\/pages\/2329\/revisions"}],"predecessor-version":[{"id":2333,"href":"https:\/\/drhakanuzunoglu.com\/mt\/wp-json\/wp\/v2\/pages\/2329\/revisions\/2333"}],"wp:attachment":[{"href":"https:\/\/drhakanuzunoglu.com\/mt\/wp-json\/wp\/v2\/media?parent=2329"}],"curies":[{"name":"wp","href":"https:\/\/api.w.org\/{rel}","templated":true}]}}