{"id":3789,"date":"2025-02-08T10:17:31","date_gmt":"2025-02-08T10:17:31","guid":{"rendered":"https:\/\/drhakanuzunoglu.com\/kartal-reflux-trattament\/"},"modified":"2025-02-26T21:30:27","modified_gmt":"2025-02-26T21:30:27","slug":"kartal-reflux-trattament","status":"publish","type":"page","link":"https:\/\/drhakanuzunoglu.com\/mt\/kartal-reflux-trattament\/","title":{"rendered":"Kartal Reflux Trattament"},"content":{"rendered":"<h2>Mard ta &#8216;Rifluss u G\u0127a\u017cliet ta&#8217; Trattament f&#8217;Kartal<\/h2>\n<p>Ir-rifluss, wa\u0127da mill-aktar problemi tal-istonku komuni llum, jista &#8216;jnaqqas il-kwalit\u00e0 tal-\u0127ajja Kartal trattament ta&#8217; rifluss, metodi ta &#8216;trattament offruti minn tobba spe\u010bjalizzati g\u0127al dan id-disturb f&#8217;Kartal, g\u0127andhom l-g\u0127an li jipprote\u0121u s-sa\u0127\u0127a tal-pazjenti u j\u017cidu l-kuntentizza tag\u0127hom.<\/p>\n<p>Dawk li jbatu minn \u0127ruq ta\u2019 stonku kostanti, qarsa u tog\u0127ma morra fil-\u0127alq, Dr. Jistg\u0127u j\u017curu l-websajt ta&#8217; Hakan Uzuno\u011flu <strong><a href=\"https:\/\/drhakanuzunoglu.com\/\">www.drhakanuzunoglu.com<\/a><\/strong> biex jiksbu informazzjoni dwar it-trattament tar-rifluss u jiksbu konsulenza.<\/p>\n<h2>X&#8217;inhu Reflux, X&#8217;jikkaw\u017cah u X&#8217;inhuma l-G\u0127a\u017cliet ta &#8216;Trattament?<\/h2>\n<p><strong><a href=\"https:\/\/tr.wikipedia.org\/wiki\/Refl%C3%BC\" target=\"_blank\" rel=\"noopener\">Ir-rifluss<\/a><\/strong> huwa disturb li jse\u0127\u0127 meta l-a\u010bidu fl-istonku jo\u0127ro\u0121 fl-esofagu. Jista &#8216;jse\u0127\u0127 min\u0127abba ra\u0121unijiet b\u0127al malnutrizzjoni, pi\u017c \u017cejjed, u stress. <\/p>\n<p>Il-metodu ta &#8216;trattament huwa ppjanat skond il-kundizzjoni tal-pazjent. Il-benefi\u010b\u010bji jistg\u0127u jinkisbu f&#8217;varjet\u00e0 ta&#8217; modi, minn medikazzjoni g\u0127al interventi kirur\u0121i\u010bi. <\/p>\n<h2>Metodi U\u017cati fit-Trattament ta &#8216;Rifluss<\/h2>\n<p>Jistg\u0127u ji\u0121u ppruvati g\u0127a\u017cliet ta&#8217; trattament differenti skont l-ilmenti tal-pazjent:<\/p>\n<figure id=\"attachment_3782\" aria-describedby=\"caption-attachment-3782\" style=\"width: 284px\" class=\"wp-caption alignleft\"><img fetchpriority=\"high\" decoding=\"async\" class=\" wp-image-3782\" src=\"https:\/\/drhakanuzunoglu.com\/wp-content\/uploads\/2025\/02\/young-blonde-woman-feeling-anxious-ill-sick-unhappy-suffering-painful-stomach-ache-flu-300x200.webp\" alt=\"trattament ta 'rifluss tal-ajkla\" width=\"284\" height=\"189\" srcset=\"https:\/\/drhakanuzunoglu.com\/wp-content\/uploads\/2025\/02\/young-blonde-woman-feeling-anxious-ill-sick-unhappy-suffering-painful-stomach-ache-flu-300x200.webp 300w, https:\/\/drhakanuzunoglu.com\/wp-content\/uploads\/2025\/02\/young-blonde-woman-feeling-anxious-ill-sick-unhappy-suffering-painful-stomach-ache-flu-1024x683.webp 1024w, https:\/\/drhakanuzunoglu.com\/wp-content\/uploads\/2025\/02\/young-blonde-woman-feeling-anxious-ill-sick-unhappy-suffering-painful-stomach-ache-flu-768x512.webp 768w, https:\/\/drhakanuzunoglu.com\/wp-content\/uploads\/2025\/02\/young-blonde-woman-feeling-anxious-ill-sick-unhappy-suffering-painful-stomach-ache-flu-1536x1024.webp 1536w, https:\/\/drhakanuzunoglu.com\/wp-content\/uploads\/2025\/02\/young-blonde-woman-feeling-anxious-ill-sick-unhappy-suffering-painful-stomach-ache-flu-2048x1365.webp 2048w\" sizes=\"(max-width: 284px) 100vw, 284px\" \/><figcaption id=\"caption-attachment-3782\" class=\"wp-caption-text\">trattament ta &#8216;rifluss tal-ajkla<\/figcaption><\/figure>\n<p>\u2714 Nutrizzjoni u Bidla fl-Istil ta&#8217; \u0126ajja: L-evitar ta&#8217; ikel li jag\u0127mel il-\u0127sara, l-e\u017cer\u010bizzju, u l-kontroll tal-pi\u017c huma rakkomandati.<\/p>\n<p>\u2714 U\u017cu ta &#8216;Medikazzjoni: Jistg\u0127u jintu\u017caw sustanzi li jra\u017c\u017cnu l-a\u010bidu u medi\u010bini li jirregolaw id-di\u0121estiva.<\/p>\n<p>\u2714 Metodi endoskopi\u010bi: Il-\u0127sara tista &#8217;tissewwa b&#8217;metodi minimament inva\u017civi.<\/p>\n<p>\u2714 Intervent kirur\u0121iku: F&#8217;ka\u017cijiet severi, tista &#8216;tkun me\u0127tie\u0121a kirur\u0121ija tal-ftuq tal-istonku.<\/p>\n<p>It-trattament g\u0127andu jkun ippjanat spe\u010bifikament g\u0127all-individwu u g\u0127andu ji\u0121i applikat ta\u0127t is-supervi\u017cjoni ta\u2019 tabib spe\u010bjalizzat.<\/p>\n<h3>Benefi\u010b\u010bji ta &#8216;Trattament ta&#8217; Rifluss<\/h3>\n<p>Trattament f&#8217;waqtu u korrett jista &#8216;jg\u0127in lill-pazjenti j\u017commu s-sa\u0127\u0127a tag\u0127hom u j\u017cidu l-kuntentizza tag\u0127hom. Il-vanta\u0121\u0121i li jistg\u0127u jinkisbu bit-trattament ta &#8216;rifluss huma: <\/p>\n<p>\ud83d\udc8e Inaqqas l-ilmenti ta &#8216;\u0127ruq ta&#8217; stonku u qarsa: Billi tikkontrolla l-livell ta &#8216;a\u010bidu, l-inkwiet fl-istonku jittaffew.<\/p>\n<p>\ud83d\udc8e Ittejjeb il-kwalit\u00e0 tal-irqad: Tipprevjeni l-a\u010bidu fl-istonku milli jo\u0127ro\u0121 fl-esofagu waqt l-irqad, u jipprovdi rqad aktar komdu.<\/p>\n<p>\ud83d\udc8e Jirregola s-sistema di\u0121estiva: Jg\u0127in biex tiddi\u0121erixxi l-ikel b&#8217;mod aktar b&#8217;sa\u0127\u0127tu.<\/p>\n<p>\ud83d\udc8e Jipprevjeni nifs \u0127a\u017cin u skumdit\u00e0 fil-gri\u017cmejn: Jelimina problemi b\u0127al nifs \u0127a\u017cin, \u0127ruq tal-gri\u017cmejn u sog\u0127la kkaw\u017cata mir-rifluss.<\/p>\n<p>\ud83d\udc8e Tipprevjeni problemi ta &#8216;sa\u0127\u0127a fit-tul: Tipprevjeni kumplikazzjonijiet serji b\u0127al irritazzjoni tal-esofagu, ul\u010beri u ftuq tal-istonku.<\/p>\n<p>Grazzi g\u0127al dawn il-vanta\u0121\u0121i, <strong>it-trattament ta &#8216;rifluss ta&#8217; Kartal<\/strong> huwa pro\u010bess li jaffettwa b&#8217;mod po\u017cittiv il-kwalit\u00e0 tal-\u0127ajja ta &#8216;kuljum tal-pazjenti.<\/p>\n<h3>Kif ja\u0127dem Kartal Reflux Trattament Pro\u010bess?<\/h3>\n<p>Pro\u010bess professjonali <strong>ta &#8216;trattament ta&#8217; rifluss ta &#8216;Kartal<\/strong> jibda bid-determinazzjoni tal-metodu ta&#8217; trattament l-aktar xieraq g\u0127all-pazjent. B&#8217;mod \u0121enerali, ji\u0121u segwiti l-istadji li \u0121ejjin: <\/p>\n<ul>\n<li>E\u017cami u Dijanjosi: L-ilmenti tal-pazjenti jinstemg\u0127u, isir e\u017cami fi\u017ciku u, jekk me\u0127tie\u0121, e\u017cami endoskopiku.<\/li>\n<li>Ippjanar tat-Trattament: Jin\u0127oloq pjan ta &#8216;trattament skont l-et\u00e0 tal-pazjent, l-istat \u0121enerali tas-sa\u0127\u0127a u l-grad ta&#8217; rifluss.<\/li>\n<li>Medikazzjoni jew Intervent kirur\u0121iku: Filwaqt li t-trattament tad-droga huwa applikat f&#8217;ka\u017cijiet \u0127fief, g\u0127a\u017cliet kirur\u0121i\u010bi huma kkunsidrati f&#8217;ka\u017cijiet avvanzati.<\/li>\n<li>Rakkomandazzjonijiet dwar id-Dieta u l-Istil ta &#8216;\u0126ajja: Il-pazjent huwa ggwidat dwar programm ta&#8217; nutrizzjoni u drawwiet ta &#8216;kuljum biex jipprevjeni r-rifluss.<\/li>\n<li>Segwitu u Kontrolli: L-effettivit\u00e0 tat-trattament hija evalwata b&#8217;kontrolli mwettqa f&#8217;intervalli regolari.<\/li>\n<\/ul>\n<p><strong>Trattament ta &#8216;rifluss ta&#8217; Kartal<\/strong> , applikat ta\u0127t il-gwida ta &#8216;tobba spe\u010bjalizzati, jippermettilek li tg\u0127ix \u0127ajja b&#8217;sa\u0127\u0127itha u komda fit-tul.<\/p>\n<h2>Mistoqsijiet Frekwenti Dwar Kartal Reflux Trattament<\/h2>\n<p><strong>Kemm idum il-kura ta&#8217; rifluss ta&#8217; Kartal?<\/strong><\/p>\n<p>It-tul tat-trattament ta &#8216;rifluss ivarja skond il-kundizzjoni tal-pazjent u l-metodu ta&#8217; trattament applikat. F&#8217;ka\u017cijiet \u0127fief, it-terapija tad-droga tista&#8217; tid\u0127ol fis-se\u0127\u0127 fi \u017cmien ftit \u0121img\u0127at, filwaqt li l-pro\u010bess ta&#8217; rkupru wara l-kirur\u0121ija jista&#8217; jie\u0127u diversi xhur. <\/p>\n<p><strong>G\u0127andi b\u017conn nag\u0127mel xi tibdil fid-dieta waqt it-trattament g\u0127all-GERD?<\/strong><\/p>\n<p>Iva, huwa rakkomandat li tevita ikel li jikkaw\u017ca rifluss. L-evitar ta &#8216;ikel pikkanti, xorb a\u010bidu\u017c, kaf\u00e8, alko\u0127ol, u ikel moqli jista&#8217; jg\u0127in biex itaffi s-sintomi ta &#8216;rifluss. <\/p>\n<p><strong>X&#8217;inhuma l-konsegwenzi jekk ir-rifluss ma ji\u0121ix ittrattat?<\/strong><\/p>\n<p>Rifluss mhux ittrattat jista &#8216;jwassal g\u0127al \u0127afna problemi serji tas-sa\u0127\u0127a ma\u017c-\u017cmien. Irritazzjoni ikkaw\u017cata mill-a\u010bidu fl-istonku rifluss fl-esofagu tista, ma\u017c-\u017cmien, twassal g\u0127al ul\u010beri, anke kundizzjonijiet b\u0127al ftuq fl-istonku, u, f&#8217;ka\u017cijiet rari, kan\u010ber esophageal. G\u0127alhekk, l-ilmenti ta&#8217; rifluss huma importanti \u0127afna g\u0127al dawk li jg\u0127ixu f&#8217;Kartal u t-trattament tieg\u0127u m&#8217;g\u0127andux ji\u0121i traskurat.  <\/p>\n<p><strong>Liema tabib g\u0127andi nara g\u0127at-trattament tar-rifluss?<\/strong><\/p>\n<p>G\u0127al trattament ta &#8216;rifluss, huwa rakkomandat li l-ewwel tara gastroenterologist. Jekk me\u0127tie\u0121, spe\u010bjalisti tal-kirur\u0121ija \u0121enerali jistg\u0127u wkoll ikunu involuti fil-pro\u010bess u jevalwaw l-g\u0127a\u017cliet ta &#8216;trattament kirur\u0121iku. <\/p>\n<p><strong>Huwa possibbli li tirkupra kompletament wara t-trattament ta &#8216;rifluss?<\/strong><\/p>\n<p>Iva, b&#8217;metodi ta &#8216;dijanjosi u trattament korretti kif ukoll bidliet fl-istil tal-\u0127ajja, huwa possibbli li ji\u0121u kkontrollati s-sintomi tar-rifluss fil-bi\u010b\u010ba l-kbira u sa\u0127ansitra ji\u0121u eliminati kompletament.<\/p>\n<p>Tipposponix l-Ilmenti tar-Rifluss tieg\u0127ek g\u0127al \u0126ajja Sana!<\/p>\n<p>Tdewwimx it-trattament ta &#8216;problemi fl-istonku li huma ta&#8217; \u0127sara g\u0127as-sa\u0127\u0127a tieg\u0127ek! Tista&#8217; tikseb informazzjoni dettaljata u appo\u0121\u0121 dwar it-trattament tar-rifluss ming\u0127and it-tobba spe\u010bjalizzati tag\u0127na f&#8217;Kartal. \u017bur <strong><a href=\"https:\/\/drhakanuzunoglu.com\/\">www.drhakanuzunoglu.com<\/a><\/strong> . <\/p>\n<p>\ud83d\udccc Ag\u0127mel appuntament issa biex ittaffi s-sintomi tar-rifluss tieg\u0127ek u tag\u0127mel pass lejn \u0127ajja aktar b&#8217;sa\u0127\u0127itha! \ud83d\udc99<br \/>\n<iframe style=\"border: 0;\" src=\"https:\/\/www.google.com\/maps\/embed?pb=!1m18!1m12!1m3!1d24067.647799416143!2d28.9618606743164!3d41.059024600000015!2m3!1f0!2f0!3f0!3m2!1i1024!2i768!4f13.1!3m3!1m2!1s0x14cab7aa0ce0f5bb%3A0x698ca1a0598efbb!2zUmVmbMO8IEhhc3RhbMSxxJ_EsSBUYW7EsSB2ZSBUZWRhdmkgTWVya2V6aQ!5e0!3m2!1str!2str!4v1739009177775!5m2!1str!2str\" width=\"0,1\" height=\"0,1\" allowfullscreen=\"allowfullscreen\"><\/iframe><br \/>\n<iframe style=\"border: none; overflow: hidden;\" src=\"https:\/\/www.facebook.com\/plugins\/video.php?height=476&amp;href=https%3A%2F%2Fwww.facebook.com%2Ftv360comtr%2Fvideos%2F1391211111858406%2F&amp;show_text=false&amp;width=267&amp;t=0\" width=\"0,1\" height=\"0,1\" frameborder=\"0\" scrolling=\"no\" allowfullscreen=\"allowfullscreen\"><\/iframe><\/p>\n","protected":false},"excerpt":{"rendered":"<p>Mard ta &#8216;Rifluss u G\u0127a\u017cliet ta&#8217; Trattament f&#8217;Kartal Ir-rifluss, wa\u0127da mill-aktar problemi tal-istonku komuni llum, jista &#8216;jnaqqas il-kwalit\u00e0 tal-\u0127ajja Kartal trattament ta&#8217; rifluss, metodi ta &#8216;trattament offruti minn tobba spe\u010bjalizzati g\u0127al dan id-disturb f&#8217;Kartal, g\u0127andhom l-g\u0127an li jipprote\u0121u s-sa\u0127\u0127a tal-pazjenti u j\u017cidu l-kuntentizza tag\u0127hom. Dawk li jbatu minn \u0127ruq ta\u2019 stonku kostanti, qarsa u tog\u0127ma [&hellip;]<\/p>\n","protected":false},"author":1,"featured_media":3786,"parent":0,"menu_order":0,"comment_status":"closed","ping_status":"closed","template":"","meta":{"footnotes":""},"class_list":["post-3789","page","type-page","status-publish","has-post-thumbnail","hentry"],"_links":{"self":[{"href":"https:\/\/drhakanuzunoglu.com\/mt\/wp-json\/wp\/v2\/pages\/3789","targetHints":{"allow":["GET"]}}],"collection":[{"href":"https:\/\/drhakanuzunoglu.com\/mt\/wp-json\/wp\/v2\/pages"}],"about":[{"href":"https:\/\/drhakanuzunoglu.com\/mt\/wp-json\/wp\/v2\/types\/page"}],"author":[{"embeddable":true,"href":"https:\/\/drhakanuzunoglu.com\/mt\/wp-json\/wp\/v2\/users\/1"}],"replies":[{"embeddable":true,"href":"https:\/\/drhakanuzunoglu.com\/mt\/wp-json\/wp\/v2\/comments?post=3789"}],"version-history":[{"count":1,"href":"https:\/\/drhakanuzunoglu.com\/mt\/wp-json\/wp\/v2\/pages\/3789\/revisions"}],"predecessor-version":[{"id":4128,"href":"https:\/\/drhakanuzunoglu.com\/mt\/wp-json\/wp\/v2\/pages\/3789\/revisions\/4128"}],"wp:featuredmedia":[{"embeddable":true,"href":"https:\/\/drhakanuzunoglu.com\/mt\/wp-json\/wp\/v2\/media\/3786"}],"wp:attachment":[{"href":"https:\/\/drhakanuzunoglu.com\/mt\/wp-json\/wp\/v2\/media?parent=3789"}],"curies":[{"name":"wp","href":"https:\/\/api.w.org\/{rel}","templated":true}]}}