{"id":3859,"date":"2025-02-24T17:44:16","date_gmt":"2025-02-24T17:44:16","guid":{"rendered":"https:\/\/drhakanuzunoglu.com\/kirurgija-tal-kmiem-gastriku-kartal\/"},"modified":"2025-02-26T21:30:35","modified_gmt":"2025-02-26T21:30:35","slug":"kirurgija-tal-kmiem-gastriku-kartal","status":"publish","type":"page","link":"https:\/\/drhakanuzunoglu.com\/mt\/kirurgija-tal-kmiem-gastriku-kartal\/","title":{"rendered":"Kirur\u0121ija tal-Kmiem Gastriku Kartal"},"content":{"rendered":"<p>Il-gastrektomija tal-kmiem Kartal hija wa\u0127da mill-metodi l-aktar u\u017cati fil-kirur\u0121ija tal-obe\u017cit\u00e0. T\u0127affef il-pro\u010bess ta &#8216;telf ta&#8217; pi\u017c u tipprovdi ri\u017cultati permanenti. Inaqqas il-volum tal-istonku u jipprovdi sensazzjoni ta &#8216;milja b&#8217;inqas ikel. Dan jappo\u0121\u0121ja wkoll telf ta &#8216;pi\u017c b&#8217;sa\u0127\u0127tu. \u0126afna nies f&#8217;Kartal jippreferu kirur\u0121ija tal-kmiem gastri\u010bi biex itejbu l-kwalit\u00e0 tal-\u0127ajja tag\u0127hom u jnaqqsu l-problemi tas-sa\u0127\u0127a. Il-kirur\u0121ija ssir b&#8217;metodu <a href=\"https:\/\/tr.wikipedia.org\/wiki\/Laparoskopi\" target=\"_blank\" rel=\"noopener\">laparoskopiku<\/a> . Dan i\u0127affef il-pro\u010bess ta &#8216;fejqan u jippermetti lill-pazjenti jer\u0121g\u0127u lura g\u0127all-\u0127ajja tag\u0127hom ta&#8217; kuljum aktar malajr. Allura, x&#8217;inhuma l-prezzijiet tal-kirur\u0121ija tal-kmiem tal-istonku Kartal? Issa, jekk tixtieq, ejja nag\u0127tu \u0127arsa lejn id-dettalji ta &#8216;dan is-su\u0121\u0121ett flimkien.        <\/p>\n<h2>Prezzijiet tal-Kirur\u0121ija tal-Kmiem Gastriku Kartal<\/h2>\n<p>Il-prezzijiet tal-kirur\u0121ija tal-kmiem tal-istonku Kartal ivarjaw skont fatturi differenti. Is-servizzi offruti mill-isptar u t-tekniki u\u017cati jaffettwaw il-prezzijiet. Operazzjonijiet imwettqa minn kirurgi b&#8217;esperjenza spiss jistg\u0127u jiswew aktar. Madankollu, dan i\u017cid ir-rata ta &#8216;su\u010b\u010bess. Barra minn hekk, is-servizzi ta&#8217; appo\u0121\u0121 qabel u wara l-operazzjoni g\u0127andhom ukoll rwol fid-determinazzjoni tal-prezz. Fil-pakketti tal-kirur\u0121ija tal-gastrektomija tal-kmiem offruti minn sptarijiet privati \u200b\u200bf\u2019Kartal, jistg\u0127u ji\u0121u inklu\u017ci servizzi addizzjonali b\u0127al pariri nutrizzjonali u appo\u0121\u0121 psikolo\u0121iku. L-g\u0127a\u017cla tal-a\u0127jar tabib g\u0127all-kirur\u0121ija tal-kmiem tal-istonku Kartal u t-twettiq tal-operazzjoni fi\u010b-\u010bentru tal-lemin se ti\u017cgura li tikseb il-valur g\u0127all-flus. Issa, ejja nsiru nafu mat-tobba li jag\u0127mlu kirur\u0121ija tal-kmiem tal-istonku f&#8217;Kartal.       <\/p>\n<figure id=\"attachment_3854\" aria-describedby=\"caption-attachment-3854\" style=\"width: 654px\" class=\"wp-caption alignleft\"><img fetchpriority=\"high\" decoding=\"async\" class=\" wp-image-3854\" src=\"https:\/\/drhakanuzunoglu.com\/wp-content\/uploads\/2025\/02\/doctor-holding-virtual-stomach-hand-healthcare-hospital-service-concept-_1_-300x214.webp\" alt=\"Imma\u0121ni virtwali ta 'l-istonku li tissimbolizza l-pro\u010bedura ta' gastrektomija tal-kmiem ta 'l-ajkla. Informazzjoni dwar il-pro\u010bess tal-kirur\u0121ija tal-kmiem tal-istonku u s-servizzi tas-sa\u0127\u0127a\" width=\"654\" height=\"466\"><figcaption id=\"caption-attachment-3854\" class=\"wp-caption-text\">Imma\u0121ni virtwali ta &#8216;l-istonku li tissimbolizza l-pro\u010bedura ta&#8217; gastrektomija tal-kmiem ta &#8216;l-ajkla. Informazzjoni dwar il-pro\u010bess tal-kirur\u0121ija tal-kmiem tal-istonku u s-servizzi tas-sa\u0127\u0127a<\/figcaption><\/figure>\n<h2>Tabib tal-Kirur\u0121ija tal-Kmiem Gastriku Kartal<\/h2>\n<p>L-g\u0127a\u017cla ta &#8216;kirurgu <strong><a href=\"https:\/\/drhakanuzunoglu.com\/tup-mide-ameliyati\/\">tal-gastrektomija tal-kmiem Kartal<\/a><\/strong> hija fattur kritiku g\u0127al pro\u010bess kirur\u0121iku ta&#8217; su\u010b\u010bess. L-g\u0127arfien espert u l-esperjenza huma l-aktar kriterji importanti fl-g\u0127a\u017cla ta\u2019 tabib. \u0126afna mit-tobba li jwettqu kirur\u0121ija tal-kmiem gastri\u010bi f&#8217;Kartal jispe\u010bjalizzaw f&#8217;tekniki kirur\u0121i\u010bi avvanzati. Wie\u0127ed mill-ismijiet prominenti f&#8217;dan il-qasam huwa     <strong data-start=\"302\" data-end=\"329\">Assoc. Dr. Hakan Uzunoglu <\/strong>&#8216;Ieqaf. Bl-esperjenza estensiva tieg\u0127u u l-appro\u010b\u010bi kirur\u0121i\u010bi moderni, Uzuno\u011flu joffri pjanijiet ta &#8216;trattament personalizzati lill-pazjenti tieg\u0127u. L-g\u0127a\u017cla tat-tabib it-tajjeb tnaqqas ir-riskju ta &#8216;kumplikazzjonijiet wara l-operazzjoni u \u017c\u017cid is-sodisfazzjon tal-pazjent.    <strong data-start=\"548\" data-end=\"575\">Assoc. Dr. Hakan Uzunoglu <\/strong>Il-pjanijiet ta &#8216;trattament personalizzati offruti minn ji\u017cguraw li l-pro\u010bess ikun aktar komdu u ta&#8217; su\u010b\u010bess. It-tobba fuq il-listi ta &#8216;rakkomandazzjonijiet tal-gastrektomija tal-kmiem Kartal jispikkaw bir-rati ta&#8217; su\u010b\u010bess g\u0127olja tag\u0127hom u s-sodisfazzjon tal-pazjent. Wara li g\u0127a\u017cilt tabib, ejja issa nag\u0127tu \u0127arsa lejn l-opportunitajiet offruti mi\u010b-\u010bentri tal-kirur\u0121ija.  <\/p>\n<h3>\u010aentru tal-Kirur\u0121ija tal-Kmiem Gastri\u010bi ta&#8217; Kartal<\/h3>\n<p>L-g\u0127a\u017cla ta\u010b-\u010bentru tal-kirur\u0121ija tal-gastrektomija tal-kmiem Kartal taffettwa direttament ir-rata ta &#8216;su\u010b\u010bess tat-trattament. \u010aentri mg\u0127ammra b\u2019teknolo\u0121iji moderni joffru operazzjonijiet aktar sikuri u ta\u2019 su\u010b\u010bess. \u010aentri bi standards g\u0127oljin ta\u2019 i\u0121jene jimminimizzaw ir-riskju ta\u2019 infezzjoni. Fi\u010b-\u010bentri tal-kirur\u0121ija tal-gastrektomija tal-kmiem f\u2019Kartal ja\u0127dmu timijiet medi\u010bi li huma esperti fl-oqsma tag\u0127hom. Dawn i\u010b-\u010bentri joffru wkoll servizzi ta\u2019 konsulenza qabel u wara l-operazzjoni. In-nutrizzjonisti jg\u0127inu lill-pazjenti ja\u0121\u0121ustaw g\u0127all-istil ta &#8216;\u0127ajja \u0121did tag\u0127hom. F&#8217;termini ta &#8216;prezzijiet tal-kirur\u0121ija tal-kmiem gastri\u010bi Kartal, il-pakketti tas-servizz offruti mi\u010b-\u010bentri g\u0127andhom jitqabblu. L-aqwa \u010bentri jg\u0127aqqdu infrastruttura teknolo\u0121ika, persunal espert u servizzi komprensivi. Fl-a\u0127\u0127arnett, ejja nag\u0127tu \u0127arsa lejn kif tippjana pro\u010bess ta &#8216;trattament b&#8217;su\u010b\u010bess billi tag\u0127\u017cel i\u010b-\u010bentru u t-tabib it-tajjeb. G\u0127a\u017cliet li jsiru billi jitqiesu dawn l-elementi kollha jift\u0127u l-bibien g\u0127al \u0127ajja sana g\u0127all-pazjenti.         <\/p>\n<p>Biex tikseb informazzjoni dettaljata dwar kirur\u0121ija tal-kmiem tal-istonku f&#8217;Kartal u biex tag\u0127mel pass lejn \u0127ajja b&#8217;sa\u0127\u0127itha  <strong data-start=\"97\" data-end=\"124\">Assoc. Dr. Hakan Uzunoglu <\/strong>  Tista &#8216;tikkuntattjana u \u017cur <strong data-start=\"166\" data-end=\"228\"><a href=\"https:\/\/www.drhakanuzunoglu.com\" target=\"_new\" rel=\"noopener\" data-start=\"168\" data-end=\"226\" data-is-only-node=\"\">www.drhakanuzunoglu.com<\/a><\/strong> g\u0127ad-dettalji.<br \/>\n<iframe style=\"border: 0;\" src=\"https:\/\/www.google.com\/maps\/embed?pb=!1m18!1m12!1m3!1d3131786.578139291!2d30.19177856975038!3d39.95513678621661!2m3!1f0!2f0!3f0!3m2!1i1024!2i768!4f13.1!3m3!1m2!1s0x14caa0a90e8b0597%3A0x8f71f2f8918dcfef!2sDo%C3%A7%20Dr.%20U%C4%9Fur%20EK%C4%B0C%C4%B0.%20Safra%20Refl%C3%BCs%C3%BC%2CObezite%2CDiabetin%20Cerrahi%20ve%20Endoskopik%20Tedavileri%2C%20Besin%20Alerjisi%20ve%20SIBO%20Flora%20Nakli!5e0!3m2!1str!2str!4v1740418711068!5m2!1str!2str\" width=\"0,1\" height=\"0,1\" allowfullscreen=\"allowfullscreen\"><\/iframe><br \/>\n<iframe title=\"YouTube video player\" src=\"https:\/\/www.youtube.com\/embed\/jmYLj8yV1YE?si=iVGpTX3MyzRY1UDK\" width=\"0,1\" height=\"0,1\" frameborder=\"0\" allowfullscreen=\"allowfullscreen\"><\/iframe><\/p>\n","protected":false},"excerpt":{"rendered":"<p>Il-gastrektomija tal-kmiem Kartal hija wa\u0127da mill-metodi l-aktar u\u017cati fil-kirur\u0121ija tal-obe\u017cit\u00e0. T\u0127affef il-pro\u010bess ta &#8216;telf ta&#8217; pi\u017c u tipprovdi ri\u017cultati permanenti. Inaqqas il-volum tal-istonku u jipprovdi sensazzjoni ta &#8216;milja b&#8217;inqas ikel. Dan jappo\u0121\u0121ja wkoll telf ta &#8216;pi\u017c b&#8217;sa\u0127\u0127tu. \u0126afna nies f&#8217;Kartal jippreferu kirur\u0121ija tal-kmiem gastri\u010bi biex itejbu l-kwalit\u00e0 tal-\u0127ajja tag\u0127hom u jnaqqsu l-problemi tas-sa\u0127\u0127a. Il-kirur\u0121ija ssir [&hellip;]<\/p>\n","protected":false},"author":1,"featured_media":3852,"parent":0,"menu_order":0,"comment_status":"closed","ping_status":"closed","template":"","meta":{"footnotes":""},"class_list":["post-3859","page","type-page","status-publish","has-post-thumbnail","hentry"],"_links":{"self":[{"href":"https:\/\/drhakanuzunoglu.com\/mt\/wp-json\/wp\/v2\/pages\/3859","targetHints":{"allow":["GET"]}}],"collection":[{"href":"https:\/\/drhakanuzunoglu.com\/mt\/wp-json\/wp\/v2\/pages"}],"about":[{"href":"https:\/\/drhakanuzunoglu.com\/mt\/wp-json\/wp\/v2\/types\/page"}],"author":[{"embeddable":true,"href":"https:\/\/drhakanuzunoglu.com\/mt\/wp-json\/wp\/v2\/users\/1"}],"replies":[{"embeddable":true,"href":"https:\/\/drhakanuzunoglu.com\/mt\/wp-json\/wp\/v2\/comments?post=3859"}],"version-history":[{"count":1,"href":"https:\/\/drhakanuzunoglu.com\/mt\/wp-json\/wp\/v2\/pages\/3859\/revisions"}],"predecessor-version":[{"id":4136,"href":"https:\/\/drhakanuzunoglu.com\/mt\/wp-json\/wp\/v2\/pages\/3859\/revisions\/4136"}],"wp:featuredmedia":[{"embeddable":true,"href":"https:\/\/drhakanuzunoglu.com\/mt\/wp-json\/wp\/v2\/media\/3852"}],"wp:attachment":[{"href":"https:\/\/drhakanuzunoglu.com\/mt\/wp-json\/wp\/v2\/media?parent=3859"}],"curies":[{"name":"wp","href":"https:\/\/api.w.org\/{rel}","templated":true}]}}