{"id":3905,"date":"2025-02-26T20:14:19","date_gmt":"2025-02-26T20:14:19","guid":{"rendered":"https:\/\/drhakanuzunoglu.com\/kirurgija-gastrectomy-pendik-sleeve\/"},"modified":"2025-02-26T21:30:39","modified_gmt":"2025-02-26T21:30:39","slug":"kirurgija-gastrectomy-pendik-sleeve","status":"publish","type":"page","link":"https:\/\/drhakanuzunoglu.com\/mt\/kirurgija-gastrectomy-pendik-sleeve\/","title":{"rendered":"Kirur\u0121ija Gastrectomy Pendik Sleeve"},"content":{"rendered":"<p data-start=\"33\" data-end=\"1019\">Il-gastrektomija tal-kmiem Pendik hija metodu kirur\u0121iku effettiv fil-\u0121lieda kontra l-obe\u017cit\u00e0. It-trattament tal-pi\u017c \u017cejjed jista &#8216;jkun diffi\u010bli. Id-dieti u l-e\u017cer\u010bizzji jistg\u0127u ma jipprodu\u010bux ri\u017cultati \u0127afna mill-\u0127in. Dan huwa fejn tid\u0127ol il-kmiem tal-istonku. Parti kbira mill-istonku titne\u0127\u0127a. B&#8217;dan il-mod, persuna t\u0127ossha mimlija b&#8217;inqas ikel. F&#8217;Pendik, dan il-pro\u010bess jitwettaq minn idejn esperti.       Assoc. Dr. Hakan Uzuno\u011flu huwa wie\u0127ed mill-ismijiet b&#8217;esperjenza f&#8217;dan il-qasam. L-g\u0127an ewlieni tal-kirur\u0121ija huwa li jitnaqqas il-volum tal-istonku. Dan jag\u0127milha aktar fa\u010bli g\u0127al persuna li titlef il-pi\u017c. Il-funzjonament tas-sistema di\u0121estiva mhix imfixkla. Il-\u0121isem jiddi\u0121erixxi l-ikel b&#8217;mod normali. L-ammont ikkunsmat biss jonqos. G\u0127al dawk li jg\u0127ixu f&#8217;Pendik, din il-kirur\u0121ija hija kemm komda kif ukoll sigura. Minbarra li jitilfu l-pi\u017c, mard b\u0127ad-dijabete jista &#8216;ji\u0121i kkontrollat \u200b\u200bukoll. T\u0127assib estetiku apparti, huwa wkoll pro\u010bess kritiku f&#8217;termini ta &#8216;sa\u0127\u0127a. Il-problemi relatati mal-obe\u017cit\u00e0 jitnaqqsu. \u0126ajja b&#8217;sa\u0127\u0127itha hija possibbli bil-kirur\u0121ija tal-kmiem tal-istonku. Issa, ejja nag\u0127tu \u0127arsa aktar mill-qrib lejn x&#8217;inhi din il-kirur\u0121ija.            <\/p>\n<p data-start=\"1021\" data-end=\"1059\"><strong data-start=\"1021\" data-end=\"1057\">X&#8217;inhi l-Kirur\u0121ija ta&#8217; Gastrektomija Pendik Sleeve?<\/strong><\/p>\n<p data-start=\"1061\" data-end=\"1895\">Gastrektomija tal-kmiem Pendik hija t-tne\u0127\u0127ija ta &#8216;madwar 80 fil-mija tal-istonku. B&#8217;dan il-mod, l-istonku jie\u0127u l-forma ta &#8216;tubu. Persuna tesperjenza sensazzjoni ta &#8216;milja billi tikkonsma ammonti \u017cg\u0127ar ta&#8217; ikel.   Assoc. Dr. Hakan Uzuno\u011flu iwettaq din il-pro\u010bedura billi ju\u017ca tekniki kirur\u0121i\u010bi moderni. Il-kirur\u0121ija ssir laparoskopikament. Dan ifisser inqas in\u010bi\u017cjonijiet u \u0127in ta &#8216;rkupru aktar mg\u0127a\u0121\u0121el. Jipprovdi vanta\u0121\u0121 kbir g\u0127al dawk li jg\u0127ixu f&#8217;Pendik. Matul il-pro\u010bess, l-ormoni li jikkaw\u017caw il-\u0121u\u0127 jonqsu wkoll. Dan ja\u010b\u010bellera wkoll it-telf ta &#8216;pi\u017c. Il-funzjonijiet tal-istonku ma jinbidlux. Il-kapa\u010bit\u00e0 tag\u0127ha biss issir i\u017cg\u0127ar. <a href=\"https:\/\/drhakanuzunoglu.com\/tup-mide-ameliyati\/\">Il-kirur\u0121ija tal-kmiem tal-istonku<\/a> toffri soluzzjoni permanenti. Jipprovdi kontroll tal-pi\u017c u jtejjeb il-kwalit\u00e0 tal-\u0127ajja. Jo\u0127loq ukoll effetti po\u017cittivi fuq il-metaboli\u017cmu. Is-sistema di\u0121estiva \u017c\u017comm il-funzjoni naturali tag\u0127ha. Hija g\u0127a\u017cla ideali g\u0127all-pazjenti f&#8217;Pendik. Issa, ejja n\u0127arsu lejn l-ispi\u017ca u l-prezzijiet ta &#8216;din il-kirur\u0121ija.             <\/p>\n<p data-start=\"1897\" data-end=\"1938\"><strong data-start=\"1897\" data-end=\"1936\">Prezzijiet tal-Kirur\u0121ija tal-Kmiem Gastriku Pendik<\/strong><\/p>\n<figure id=\"attachment_3898\" aria-describedby=\"caption-attachment-3898\" style=\"width: 300px\" class=\"wp-caption alignleft\"><img fetchpriority=\"high\" decoding=\"async\" class=\"size-medium wp-image-3898\" src=\"https:\/\/drhakanuzunoglu.com\/wp-content\/uploads\/2025\/02\/doctor-measuring-senior-man-s-waist-grey-background-weight-loss-300x198.webp\" alt=\"Kirur\u0121ija Gastrectomy Pendik Sleeve\" width=\"300\" height=\"198\" srcset=\"https:\/\/drhakanuzunoglu.com\/wp-content\/uploads\/2025\/02\/doctor-measuring-senior-man-s-waist-grey-background-weight-loss-300x198.webp 300w, https:\/\/drhakanuzunoglu.com\/wp-content\/uploads\/2025\/02\/doctor-measuring-senior-man-s-waist-grey-background-weight-loss-1024x677.webp 1024w, https:\/\/drhakanuzunoglu.com\/wp-content\/uploads\/2025\/02\/doctor-measuring-senior-man-s-waist-grey-background-weight-loss-768x508.webp 768w, https:\/\/drhakanuzunoglu.com\/wp-content\/uploads\/2025\/02\/doctor-measuring-senior-man-s-waist-grey-background-weight-loss-1536x1015.webp 1536w, https:\/\/drhakanuzunoglu.com\/wp-content\/uploads\/2025\/02\/doctor-measuring-senior-man-s-waist-grey-background-weight-loss-2048x1354.webp 2048w\" sizes=\"(max-width: 300px) 100vw, 300px\" \/><figcaption id=\"caption-attachment-3898\" class=\"wp-caption-text\">Kirur\u0121ija Gastrectomy Pendik Sleeve<\/figcaption><\/figure>\n<p data-start=\"1940\" data-end=\"2828\">Il-prezzijiet tal-kirur\u0121ija tal-gastrektomija tal-kmiem Pendik jiddependu fuq diversi fatturi. Il-fa\u010bilitajiet offruti mill-isptar, l-esperjenza tat-tabib u l-ambitu tal-kirur\u0121ija huma importanti.  Assoc. Dr. Hakan Uzuno\u011flu joffri pjan personalizzat g\u0127al kull pazjent. Dan jippermetti li l-ispi\u017ca tvarja minn persuna g\u0127al o\u0127ra. It-teknolo\u0121iji u t-tag\u0127mir kirur\u0121iku u\u017cati jaffettwaw il-prezz. L-istat tas-sa\u0127\u0127a tal-pazjent huwa wkoll fattur importanti. Il-prezzijiet jistg\u0127u jvarjaw skont servizzi addizzjonali. Servizzi b\u0127all-appo\u0121\u0121 <a href=\"https:\/\/tr.wikipedia.org\/wiki\/Diyetisyen\" target=\"_blank\" rel=\"noopener\">tad-dieta<\/a> u l-pariri psikolo\u0121i\u010bi huma riflessi fl-ispi\u017ca totali. Il-kura ta&#8217; wara l-operazzjoni tista&#8217; wkoll i\u017c\u017cid l-ispejje\u017c. Is-servizzi tas-sa\u0127\u0127a ta&#8217; kwalit\u00e0 offruti f&#8217;Pendik huma attraenti f&#8217;termini ta&#8217; prestazzjoni tal-prezz. Il-kirur\u0121ija tal-kmiem tal-istonku tnaqqas l-ispejje\u017c tal-kura tas-sa\u0127\u0127a fit-tul. Meta l-mard relatat mal-obe\u017cit\u00e0 jonqos, l-ispejje\u017c tal-kura tas-sa\u0127\u0127a jonqsu wkoll. F&#8217;dan ir-rigward, ikopri l-ispejje\u017c tieg\u0127u fi \u017cmien qasir. Issa, ejja ne\u017caminaw il-pro\u010bess ta &#8216;wara l-operazzjoni u affarijiet li g\u0127andek tikkonsidra.           <\/p>\n<p data-start=\"2830\" data-end=\"2869\"><strong data-start=\"2830\" data-end=\"2867\">Wara Pendik Sleeve Gastrectomy Surgery<\/strong><\/p>\n<p data-start=\"2871\" data-end=\"3926\" data-is-last-node=\"\" data-is-only-node=\"\">Il-pro\u010bess wara l-kirur\u0121ija tal-gastrektomija tal-kmiem Pendik je\u0127tie\u0121 attenzjoni u dixxiplina. Ikel likwidu ji\u0121i kkunsmat fl-ewwel jiem. It-tran\u017cizzjoni g\u0127al ikel solidu sse\u0127\u0127 ma\u017c-\u017cmien.   Assoc. Dr. Hakan Uzuno\u011flu jimmonitorja mill-qrib il-pazjenti tieg\u0127u matul dan il-pro\u010bess. Kontrolli regolari tat-tabib huma importanti \u0127afna. G\u0127andha ting\u0127ata attenzjoni lir-re\u0121im nutrittiv. G\u0127andha tkun preferuta dieta b&#8217;\u0127afna proteini. Ikel biz-zokkor u xa\u0127mi \u017c\u017cejjed g\u0127andu ji\u0121i evitat. Tixrob \u0127afna ilma t\u0127affef l-irkupru. Ukoll, g\u0127andha ting\u0127ata attenzjoni biex tiekol porzjonijiet \u017cg\u0127ar. Il-vizzju li tiekol bil-mod g\u0127andu ji\u0121i akkwistat. L-e\u017cer\u010bizzju huwa parti importanti mill-pro\u010bess ta &#8216;rkupru. Mixjiet \u0127fief huma rakkomandati. Jistg\u0127u jsiru e\u017cer\u010bizzji ta &#8216;re\u017cistenza biex tin\u017camm il-massa tal-muskoli. L-appo\u0121\u0121 psikolo\u0121iku huwa utli wkoll f&#8217;dan il-pro\u010bess. Il-motivazzjoni trid tin\u017camm biex jinkisbu l-g\u0127anijiet ta\u2019 wara l-operazzjoni. Hemm \u0127afna \u010bentri tas-sa\u0127\u0127a f&#8217;Pendik li jappo\u0121\u0121jaw dan il-pro\u010bess. B\u0127ala ri\u017cultat, il-kwalit\u00e0 tal-\u0127ajja wara l-kirur\u0121ija tal-kmiem tal-istonku titjieb \u0127afna. G\u0127al aktar informazzjoni, tista\u2019 \u017c\u017cur <a href=\"http:\/\/www.drhakanuzunoglu.com\" target=\"_new\" rel=\"noopener\" data-start=\"3837\" data-end=\"3894\">www.drhakanuzunoglu.com<\/a> .                <\/p>\n<p><iframe title=\"YouTube video player\" src=\"https:\/\/www.youtube.com\/embed\/encW0Q5FsoU?si=LV2PaRF8I1INSLZz\" width=\"0,1\" height=\"0,1\" frameborder=\"0\" allowfullscreen=\"allowfullscreen\"><\/iframe><br \/>\n<iframe style=\"border: 0;\" src=\"https:\/\/www.google.com\/maps\/embed?pb=!1m18!1m12!1m3!1d96395.13908019915!2d29.052774130441865!3d40.97385792640656!2m3!1f0!2f0!3f0!3m2!1i1024!2i768!4f13.1!3m3!1m2!1s0x14cadcabee38e4a7%3A0xf2cc60a44f5145c9!2sObezite%20Cerrahi%20Merkezi!5e0!3m2!1str!2str!4v1740599371823!5m2!1str!2str\" width=\"0,1\" height=\"0,1\" allowfullscreen=\"allowfullscreen\"><\/iframe><\/p>\n","protected":false},"excerpt":{"rendered":"<p>Il-gastrektomija tal-kmiem Pendik hija metodu kirur\u0121iku effettiv fil-\u0121lieda kontra l-obe\u017cit\u00e0. It-trattament tal-pi\u017c \u017cejjed jista &#8216;jkun diffi\u010bli. Id-dieti u l-e\u017cer\u010bizzji jistg\u0127u ma jipprodu\u010bux ri\u017cultati \u0127afna mill-\u0127in. Dan huwa fejn tid\u0127ol il-kmiem tal-istonku. Parti kbira mill-istonku titne\u0127\u0127a. B&#8217;dan il-mod, persuna t\u0127ossha mimlija b&#8217;inqas ikel. F&#8217;Pendik, dan il-pro\u010bess jitwettaq minn idejn esperti. Assoc. Dr. Hakan Uzuno\u011flu huwa wie\u0127ed [&hellip;]<\/p>\n","protected":false},"author":1,"featured_media":3902,"parent":0,"menu_order":0,"comment_status":"closed","ping_status":"closed","template":"","meta":{"footnotes":""},"class_list":["post-3905","page","type-page","status-publish","has-post-thumbnail","hentry"],"_links":{"self":[{"href":"https:\/\/drhakanuzunoglu.com\/mt\/wp-json\/wp\/v2\/pages\/3905","targetHints":{"allow":["GET"]}}],"collection":[{"href":"https:\/\/drhakanuzunoglu.com\/mt\/wp-json\/wp\/v2\/pages"}],"about":[{"href":"https:\/\/drhakanuzunoglu.com\/mt\/wp-json\/wp\/v2\/types\/page"}],"author":[{"embeddable":true,"href":"https:\/\/drhakanuzunoglu.com\/mt\/wp-json\/wp\/v2\/users\/1"}],"replies":[{"embeddable":true,"href":"https:\/\/drhakanuzunoglu.com\/mt\/wp-json\/wp\/v2\/comments?post=3905"}],"version-history":[{"count":1,"href":"https:\/\/drhakanuzunoglu.com\/mt\/wp-json\/wp\/v2\/pages\/3905\/revisions"}],"predecessor-version":[{"id":4139,"href":"https:\/\/drhakanuzunoglu.com\/mt\/wp-json\/wp\/v2\/pages\/3905\/revisions\/4139"}],"wp:featuredmedia":[{"embeddable":true,"href":"https:\/\/drhakanuzunoglu.com\/mt\/wp-json\/wp\/v2\/media\/3902"}],"wp:attachment":[{"href":"https:\/\/drhakanuzunoglu.com\/mt\/wp-json\/wp\/v2\/media?parent=3905"}],"curies":[{"name":"wp","href":"https:\/\/api.w.org\/{rel}","templated":true}]}}