{"id":4415,"date":"2025-03-14T22:10:18","date_gmt":"2025-03-14T22:10:18","guid":{"rendered":"https:\/\/drhakanuzunoglu.com\/kirurgija-tal-obezita-atasehir\/"},"modified":"2025-03-14T22:10:18","modified_gmt":"2025-03-14T22:10:18","slug":"kirurgija-tal-obezita-atasehir","status":"publish","type":"page","link":"https:\/\/drhakanuzunoglu.com\/mt\/kirurgija-tal-obezita-atasehir\/","title":{"rendered":"Kirur\u0121ija tal-Obe\u017cit\u00e0 Ata\u015fehir"},"content":{"rendered":"<p data-start=\"38\" data-end=\"1154\"><strong data-start=\"58\" data-end=\"88\">Il-kirur\u0121ija tal-obe\u017cit\u00e0 ta &#8216;Ata\u015fehir<\/strong> toffri soluzzjoni permanenti fil-pro\u010bess ta&#8217; telf ta &#8216;pi\u017c. L-istatistika turi li l-obe\u017cit\u00e0 taffettwa mhux biss id-dehra fi\u017cika i\u017cda wkoll is-sa\u0127\u0127a. Iwassal ukoll g\u0127al problemi serji tas-sa\u0127\u0127a. Huwa marbut ma &#8216;mard b\u0127al mard tal-qalb, dijabete u pressjoni tad-demm g\u0127olja. Pi\u017c \u017cejjed jista &#8216;jikkaw\u017ca problemi fil-\u0121ogi u jillimita l-mobilit\u00e0. Id-dieta u l-e\u017cer\u010bizzju mhux dejjem huma bi\u017c\u017cejjed. Wara xi \u017cmien, il-\u0121isem jista &#8216;jieqaf jitlef il-pi\u017c. Dan huwa fejn jid\u0127ol l-intervent kirur\u0121iku. Il-kirur\u0121ija barjatrika hija mfassla biex tnaqqas il-kapa\u010bit\u00e0 tal-istonku. B&#8217;dan il-mod, il-pazjent i\u0127ossu mimli b&#8217;porzjonijiet i\u017cg\u0127ar. Il-pro\u010bess ta &#8216;telf ta&#8217; pi\u017c jibda u l-metaboli\u017cmu ja\u010b\u010bellera. F&#8217;Ata\u015fehir, dawn il-pro\u010beduri kirur\u0121i\u010bi jitwettqu bl-u\u017cu ta &#8216;tekniki medi\u010bi moderni.             <strong data-start=\"846\" data-end=\"873\">Assoc. Dr. Hakan Uzunoglu <\/strong>, huwa kirurgu li jispe\u010bjalizza f&#8217;dan il-qasam. Il-kirur\u0121ija hija ppjanata skont il-\u0127ti\u0121ijiet tal-pazjent. Grazzi g\u0127al metodi laparoskopi\u010bi, il-pro\u010bess ta &#8216;operazzjoni huwa qasir u komdu. Il-pazjenti jistg\u0127u jer\u0121g\u0127u lura g\u0127all-\u0127ajja normali tag\u0127hom fi \u017cmien qasir. Issa ejja nag\u0127tu \u0127arsa aktar mill-qrib lejn xi tfisser kirur\u0121ija tal-obe\u017cit\u00e0.    <\/p>\n<figure id=\"attachment_4408\" aria-describedby=\"caption-attachment-4408\" style=\"width: 423px\" class=\"wp-caption alignleft\"><img fetchpriority=\"high\" decoding=\"async\" class=\" wp-image-4408\" src=\"https:\/\/drhakanuzunoglu.com\/wp-content\/uploads\/2025\/03\/young-nutritionist-measuring-overweight-man-with-centimeter-tape-prescribing-diet-300x202.webp\" alt=\"Tabib ikejjel il-qadd tal-pazjent tieg\u0127u qabel kirur\u0121ija barjatrika.\" width=\"423\" height=\"285\" srcset=\"https:\/\/drhakanuzunoglu.com\/wp-content\/uploads\/2025\/03\/young-nutritionist-measuring-overweight-man-with-centimeter-tape-prescribing-diet-300x202.webp 300w, https:\/\/drhakanuzunoglu.com\/wp-content\/uploads\/2025\/03\/young-nutritionist-measuring-overweight-man-with-centimeter-tape-prescribing-diet-1024x689.webp 1024w, https:\/\/drhakanuzunoglu.com\/wp-content\/uploads\/2025\/03\/young-nutritionist-measuring-overweight-man-with-centimeter-tape-prescribing-diet-768x517.webp 768w, https:\/\/drhakanuzunoglu.com\/wp-content\/uploads\/2025\/03\/young-nutritionist-measuring-overweight-man-with-centimeter-tape-prescribing-diet-1536x1034.webp 1536w, https:\/\/drhakanuzunoglu.com\/wp-content\/uploads\/2025\/03\/young-nutritionist-measuring-overweight-man-with-centimeter-tape-prescribing-diet-2048x1379.webp 2048w\" sizes=\"(max-width: 423px) 100vw, 423px\" \/><figcaption id=\"caption-attachment-4408\" class=\"wp-caption-text\">Il-kirur\u0121ija barjatrika toffri soluzzjoni effettiva fil-\u0121lieda kontra l-pi\u017c \u017cejjed. Er\u0121a&#8217; ksib sa\u0127\u0127tek mal-kirurgi esperti tag\u0127na f&#8217;Ata\u015fehir!<\/figcaption><\/figure>\n<h2 data-start=\"1156\" data-end=\"1199\"><strong data-start=\"1160\" data-end=\"1197\">X&#8217;inhi l-Kirur\u0121ija tal-Obe\u017cit\u00e0 ta&#8217; Ata\u015fehir?<\/strong><\/h2>\n<p data-start=\"1201\" data-end=\"2239\">Metodi kirur\u0121i\u010bi li jipprovdu telf ta &#8216;pi\u017c b&#8217;sa\u0127\u0127tu <a href=\"https:\/\/drhakanuzunoglu.com\/tup-mide-ameliyati\/\">fil-\u0121lieda kontra l-obe\u017cit\u00e0<\/a> jissej\u0127u <strong data-start=\"1273\" data-end=\"1303\">kirur\u0121ija tal-obe\u017cit\u00e0 ta&#8217; Ata\u015fehir<\/strong> . Wie\u0127ed mill-aktar metodi komuni <strong data-start=\"1339\" data-end=\"1364\">huwa kirur\u0121ija kmiem gastri\u010bi<\/strong> . F&#8217;din l-operazzjoni, titne\u0127\u0127a parti kbira mill-istonku. Il-pazjent jista\u2019 j\u0127ossu mimli b\u2019inqas ikel. Il-livell tal-ormon tal-\u0121u\u0127 jonqos, u b&#8217;hekk l-aptit jin\u0121ieb ta\u0127t kontroll. Metodu kirur\u0121iku ie\u0127or <strong data-start=\"1543\" data-end=\"1574\">huwa kirur\u0121ija tal-bypass gastriku<\/strong> . Din il-kirur\u0121ija tbiddel parzjalment is-sistema di\u0121estiva. L-assorbiment ta &#8216;nutrijenti jonqos u t-telf ta&#8217; pi\u017c ja\u010b\u010bellera. Huwa importanti li wie\u0127ed jinnota li l-kirur\u0121ija barjatrika ma tipprovdix biss telf ta &#8216;pi\u017c. Ittejjeb ukoll il-problemi tas-sa\u0127\u0127a b\u0127ad <strong data-start=\"1772\" data-end=\"1822\"><a href=\"https:\/\/tr.wikipedia.org\/wiki\/Diyabet\" target=\"_blank\" rel=\"noopener\">-dijabete<\/a> , pressjoni tad-demm g\u0127olja, u mard tal-\u0121ogi<\/strong> . F&#8217;Ata\u015fehir, dawn il-kirur\u0121iji jitwettqu bl-u\u017cu ta <strong data-start=\"1891\" data-end=\"1918\">&#8216;tekniki kirur\u0121i\u010bi avvanzati<\/strong> .            <strong data-start=\"1950\" data-end=\"1977\">Assoc. Dr. Hakan Uzunoglu <\/strong>, jo\u0127loq pjan ta\u2019 trattament spe\u010bifiku g\u0127al kull pazjent. Il-pro\u010bess kirur\u0121iku ta &#8216;kull pazjent huwa differenti. In-nutrizzjoni wara l-operazzjoni hija importanti \u0127afna. It-telf ta &#8216;pi\u017c ise\u0127\u0127 gradwalment. Il-pazjenti jridu jadattaw g\u0127all-istil ta\u2019 \u0127ajja l-\u0121did tag\u0127hom. Issa ejja nag\u0127tu \u0127arsa lejn l-ispi\u017ca ta &#8216;dan il-pro\u010bess.     <\/p>\n<h3 data-start=\"2241\" data-end=\"2287\"><strong data-start=\"2245\" data-end=\"2285\">Prezzijiet tal-Kirur\u0121ija tal-Obe\u017cit\u00e0 Ata\u015fehir<\/strong><\/h3>\n<p data-start=\"2289\" data-end=\"3222\">Il-prezzijiet tal-kirur\u0121ija barjatrika f&#8217;Ata\u015fehir ivarjaw skont \u0127afna fatturi. L-isptar fejn se ssir il-kirur\u0121ija, l-esperjenza tat-tabib u t-tekniki u\u017cati huma l-aktar fatturi importanti. Il-\u0127ti\u0121ijiet ta &#8216;kull pazjent huma differenti.    <strong data-start=\"2508\" data-end=\"2575\">Se jkunu ppreferuti kirur\u0121ija tal-kmiem tal-istonku jew bypass tal-istonku?<\/strong>  Dan huwa fattur li jaffettwa direttament l-ispi\u017ca.  <strong data-start=\"2623\" data-end=\"2650\">Assoc. Dr. Hakan Uzunoglu <\/strong>, jo\u0127loq pjan ta\u2019 trattament spe\u010bifiku g\u0127al kull pazjent. Il-perjodu ta&#8217; segwitu ta&#8217; wara l-operazzjoni jitqies ukoll meta ji\u0121i pprezzat. Materjali u tag\u0127mir mediku u\u017cati f&#8217;operazzjonijiet kirur\u0121i\u010bi huma fost il-fatturi li jaffettwaw l-ispi\u017ca totali. Xi pazjenti jistg\u0127u jkunu kapa\u010bi jkopru xi w\u0127ud mill-ispejje\u017c tal-kirur\u0121ija permezz tal-assigurazzjoni tas-sa\u0127\u0127a privata tag\u0127hom. Madankollu, il-benefi\u010b\u010bji g\u0127as-sa\u0127\u0127a fit-tul g\u0127andhom ji\u0121u kkunsidrati. Hekk kif jonqos il-mard relatat mal-obe\u017cit\u00e0, jonqsu wkoll l-ispejje\u017c medi\u010bi. Il-kwalit\u00e0 tal-\u0127ajja titjieb \u0127afna b&#8217;telf ta &#8216;pi\u017c. Issa, ejja nitkellmu dwar il-pro\u010bess ta &#8216;wara l-operazzjoni.       <\/p>\n<h3 data-start=\"3224\" data-end=\"3268\"><strong data-start=\"3228\" data-end=\"3266\">Wara l-Kirur\u0121ija tal-Obe\u017cit\u00e0 Ata\u015fehir<\/strong><\/h3>\n<p data-start=\"3270\" data-end=\"4349\" data-is-last-node=\"\" data-is-only-node=\"\">Il-pro\u010bess wara l-kirur\u0121ija tal-obe\u017cit\u00e0 ta &#8216;Ata\u015fehir huwa perjodu li g\u0127andu ji\u0121i segwit bir-reqqa. Ikel likwidu biss ji\u0121i kkunsmat g\u0127all-ewwel ftit jiem. Imbag\u0127ad il-pazjent gradwalment jimxi fuq ikel pured. It-tran\u017cizzjoni g\u0127al ikel solidu g\u0127andha tkun gradwali. G\u0127andu ji\u0121i stabbilit pjan ta&#8217; nutrizzjoni xieraq. <strong data-start=\"3545\" data-end=\"3583\">Dieta b&#8217;\u0127afna proteini<\/strong> t\u0127affef il-pro\u010bess tal-fejqan. Il-pazjenti g\u0127andhom jitg\u0127allmu jieklu <strong data-start=\"3626\" data-end=\"3649\">porzjonijiet \u017cg\u0127ar<\/strong> .       <strong data-start=\"3675\" data-end=\"3702\">Assoc. Dr. Hakan Uzunoglu <\/strong>, jimmonitorja wkoll mill-qrib il-pazjenti tieg\u0127u wara l-kirur\u0121ija. <strong data-start=\"3760\" data-end=\"3790\">Kontrolli regolari tat-tabib<\/strong> m&#8217;g\u0127andhomx ji\u0121u traskurati. Mixjiet \u0127fief g\u0127andhom jinbdew immedjatament. G\u0127andha ti\u0121i stabbilita rutina ta &#8216;e\u017cer\u010bizzju regolari matul i\u017c-\u017cmien. <strong data-start=\"3901\" data-end=\"3950\">Ikel biz-zokkor u xa\u0127mi g\u0127andu ji\u0121i evitat<\/strong> . Tixrob \u0127afna ilma jg\u0127in id-di\u0121estjoni. Li tikseb appo\u0121\u0121 psikolo\u0121iku jista &#8216;jag\u0127mel dan il-pro\u010bess aktar komdu. Il-motivazzjoni hija importanti \u0127afna fil-perjodu ta &#8216;wara l-operazzjoni. Huwa me\u0127tie\u0121 li tadatta g\u0127al stil ta &#8216;\u0127ajja b&#8217;sa\u0127\u0127tu. <strong data-start=\"4156\" data-end=\"4226\">Telf ta &#8216;pi\u017c jimxi b&#8217;mod stabbli u l-pazjenti jiksbu \u0127ajja b&#8217;sa\u0127\u0127itha<\/strong> . G\u0127al aktar informazzjoni, tista &#8216;\u017c\u017cur <strong data-start=\"4256\" data-end=\"4317\"><a href=\"http:\/\/www.drhakanuzunoglu.com\" target=\"_new\" rel=\"noopener\" data-start=\"4258\" data-end=\"4315\">www.drhakanuzunoglu.com<\/a><\/strong> .       <\/p>\n<p><iframe style=\"border: 0;\" src=\"https:\/\/www.google.com\/maps\/embed?pb=!1m18!1m12!1m3!1d3011.8446648354798!2d29.106884176449245!3d40.98488212086442!2m3!1f0!2f0!3f0!3m2!1i1024!2i768!4f13.1!3m3!1m2!1s0x14cac7ed2c7f95ad%3A0x11383046b7c9e2b8!2sProf.%20Dr.%20Ahmet%20Ziya%20Balta-Gastrik%20Bypass-T%C3%BCp%20Mide%20Ameliyat%C4%B1-Obezite%20Cerrahisi-Metabolik%20Cerrahi-%C5%9Eeker%20Ameliyat%C4%B1!5e0!3m2!1str!2str!4v1741989300208!5m2!1str!2str\" width=\"0,1\" height=\"0,1\" allowfullscreen=\"allowfullscreen\"><\/iframe><br \/>\n<iframe title=\"YouTube video player\" src=\"https:\/\/www.youtube.com\/embed\/NGupCtS0Re0?si=rxeV6Q1KNcegk-1J\" width=\"0,1\" height=\"0,1\" frameborder=\"0\" allowfullscreen=\"allowfullscreen\"><\/iframe><\/p>\n","protected":false},"excerpt":{"rendered":"<p>Il-kirur\u0121ija tal-obe\u017cit\u00e0 ta &#8216;Ata\u015fehir toffri soluzzjoni permanenti fil-pro\u010bess ta&#8217; telf ta &#8216;pi\u017c. L-istatistika turi li l-obe\u017cit\u00e0 taffettwa mhux biss id-dehra fi\u017cika i\u017cda wkoll is-sa\u0127\u0127a. Iwassal ukoll g\u0127al problemi serji tas-sa\u0127\u0127a. Huwa marbut ma &#8216;mard b\u0127al mard tal-qalb, dijabete u pressjoni tad-demm g\u0127olja. Pi\u017c \u017cejjed jista &#8216;jikkaw\u017ca problemi fil-\u0121ogi u jillimita l-mobilit\u00e0. Id-dieta u l-e\u017cer\u010bizzju mhux [&hellip;]<\/p>\n","protected":false},"author":1,"featured_media":4406,"parent":0,"menu_order":0,"comment_status":"closed","ping_status":"closed","template":"","meta":{"footnotes":""},"class_list":["post-4415","page","type-page","status-publish","has-post-thumbnail","hentry"],"_links":{"self":[{"href":"https:\/\/drhakanuzunoglu.com\/mt\/wp-json\/wp\/v2\/pages\/4415","targetHints":{"allow":["GET"]}}],"collection":[{"href":"https:\/\/drhakanuzunoglu.com\/mt\/wp-json\/wp\/v2\/pages"}],"about":[{"href":"https:\/\/drhakanuzunoglu.com\/mt\/wp-json\/wp\/v2\/types\/page"}],"author":[{"embeddable":true,"href":"https:\/\/drhakanuzunoglu.com\/mt\/wp-json\/wp\/v2\/users\/1"}],"replies":[{"embeddable":true,"href":"https:\/\/drhakanuzunoglu.com\/mt\/wp-json\/wp\/v2\/comments?post=4415"}],"version-history":[{"count":0,"href":"https:\/\/drhakanuzunoglu.com\/mt\/wp-json\/wp\/v2\/pages\/4415\/revisions"}],"wp:featuredmedia":[{"embeddable":true,"href":"https:\/\/drhakanuzunoglu.com\/mt\/wp-json\/wp\/v2\/media\/4406"}],"wp:attachment":[{"href":"https:\/\/drhakanuzunoglu.com\/mt\/wp-json\/wp\/v2\/media?parent=4415"}],"curies":[{"name":"wp","href":"https:\/\/api.w.org\/{rel}","templated":true}]}}