{"id":4445,"date":"2025-04-03T20:44:39","date_gmt":"2025-04-03T20:44:39","guid":{"rendered":"https:\/\/drhakanuzunoglu.com\/kirurgija-tal-ftuq-ingwinali-maltepe\/"},"modified":"2025-04-03T20:44:39","modified_gmt":"2025-04-03T20:44:39","slug":"kirurgija-tal-ftuq-ingwinali-maltepe","status":"publish","type":"page","link":"https:\/\/drhakanuzunoglu.com\/mt\/kirurgija-tal-ftuq-ingwinali-maltepe\/","title":{"rendered":"Kirur\u0121ija tal-Ftuq Ingwinali Maltepe"},"content":{"rendered":"<p class=\"\" data-start=\"42\" data-end=\"1027\">Il-kirur\u0121ija tal-ftuq ingwinali Maltepe toffri soluzzjoni permanenti g\u0127al dan id-disturb li jnaqqas il-kwalit\u00e0 tal-\u0127ajja ta\u2019 kuljum. Ftuq ingwinali sse\u0127\u0127 meta t-tessuti intra-addominali jo\u0127or\u0121u minn punt dg\u0127ajjef. Din l-ispor\u0121enza \u0121eneralment timmanifesta ru\u0127ha b\u0127ala nef\u0127a fi\u017c-\u017cona tal-groin. Jista &#8216;jikkaw\u017ca u\u0121ig\u0127, sensazzjoni ta&#8217; pressjoni u limitazzjoni tal-moviment. Isir evidenti b&#8217;mod spe\u010bjali waqt is-sog\u0127la, it-tisfija jew l-irfig\u0127 qawwi. Ftuq tista &#8216;tikber ma\u017c-\u017cmien u taffettwa serjament il-kwalit\u00e0 tal-\u0127ajja. Mhux possibbli li tittrattaha b&#8217;medikazzjoni. L-unika soluzzjoni hija l-kirur\u0121ija. Il-kirur\u0121ija tal-ftuq ingwinali li ssir f\u2019Maltepe g\u0127andha l-g\u0127an li telimina kompletament il-marda. Grazzi g\u0127all-kirur\u0121ija, in-nef\u0127a tisparixxi u l-u\u0121ig\u0127 jonqos. Il-pazjent g\u0127andu \u0127ajja aktar komda. F&#8217;dan il-pro\u010bess, l-g\u0127a\u017cla ta &#8216;kirurgu spe\u010bjalizzat hija importanti \u0127afna.             <strong data-start=\"794\" data-end=\"821\">Assoc. Dr. Hakan Uzunoglu <\/strong>jispikka bl-esperjenza tieg\u0127u f\u2019dan il-qasam. Il-pro\u010bess ta &#8216;rkupru wara l-operazzjoni jvarja minn persuna g\u0127al o\u0127ra. Il-\u0127in biex ter\u0121a &#8216;lura g\u0127all-attivitajiet ta&#8217; kuljum huwa pjuttost qasir. Issa, ejja ne\u017caminaw flimkien x&#8217;inhi l-kirur\u0121ija tal-ftuq ingwinali ta&#8217; Maltepe.   <\/p>\n<figure id=\"attachment_4438\" aria-describedby=\"caption-attachment-4438\" style=\"width: 375px\" class=\"wp-caption alignleft\"><img fetchpriority=\"high\" decoding=\"async\" class=\" wp-image-4438\" src=\"https:\/\/drhakanuzunoglu.com\/wp-content\/uploads\/2025\/04\/kasik-2-300x200.webp\" alt=\"Kirur\u0121ija tal-Ftuq Ingwinali Maltepe\" width=\"375\" height=\"250\" srcset=\"https:\/\/drhakanuzunoglu.com\/wp-content\/uploads\/2025\/04\/kasik-2-300x200.webp 300w, https:\/\/drhakanuzunoglu.com\/wp-content\/uploads\/2025\/04\/kasik-2-1024x683.webp 1024w, https:\/\/drhakanuzunoglu.com\/wp-content\/uploads\/2025\/04\/kasik-2-768x512.webp 768w, https:\/\/drhakanuzunoglu.com\/wp-content\/uploads\/2025\/04\/kasik-2.webp 1200w\" sizes=\"(max-width: 375px) 100vw, 375px\" \/><figcaption id=\"caption-attachment-4438\" class=\"wp-caption-text\">Kirur\u0121ija tal-Ftuq Ingwinali Maltepe<\/figcaption><\/figure>\n<h2 data-start=\"1029\" data-end=\"1076\"><strong data-start=\"1033\" data-end=\"1074\">X&#8217;inhu Maltepe Inguinal Hernia Surgery?<\/strong><\/h2>\n<p class=\"\" data-start=\"1078\" data-end=\"1986\">Il-kirur\u0121ija tal-ftuq ingwinali Maltepe hija l-pro\u010bess ta\u2019 tiswija tad-dg\u0127ufija fil-\u0127ajt addominali. Tessuti herniated fi\u017c-\u017cona tal-groin jitne\u0127\u0127ew b&#8217;intervent kirur\u0121iku. Dik i\u017c-\u017cona mbag\u0127ad tissa\u0127\u0127a\u0127 b&#8217;gar\u017ca spe\u010bjali. Din il-gar\u017ca tg\u0127in biex tevita li l-ftuq tirrikpeti. Jekk il-ftuq tit\u0127alla mhux trattat, jista &#8216;jkun hemm riskju ta&#8217; strangolazzjoni. Din il-kundizzjoni te\u0127tie\u0121 kirur\u0121ija ta &#8217;emer\u0121enza. Huwa g\u0127alhekk li l-intervent bikri huwa importanti. Il-kirur\u0121ija tal-ftuq ingwinali Maltepe tista\u2019 ssir kemm fuq l-ir\u0121iel kif ukoll fuq in-nisa. Madankollu, l-in\u010bidenza tag\u0127ha hija og\u0127la fl-ir\u0121iel. Qabel il-pro\u010bedura kirur\u0121ika, il-pazjent jg\u0127addi minn e\u017cami dettaljat. Wara li ssir id-dijanjosi, isir l-ippjanar tal-kirur\u0121ija. Teknika miftu\u0127a jew mag\u0127luqa tista &#8216;tkun preferuta. Metodi mag\u0127luqa jipprovdu \u0127in iqsar ta &#8216;rkupru. Dawn l-operazzjonijiet isiru b\u2019mod sigur b\u2019tekniki kirur\u0121i\u010bi moderni f\u2019Malta. Huwa possibbli li te\u0127les mill-u\u0121ig\u0127 grazzi g\u0127all-kirur\u0121ija tal-ftuq. Issa ejja nag\u0127tu \u0127arsa lejn kif issir din il-kirur\u0121ija, pass pass.               <\/p>\n<p data-start=\"1078\" data-end=\"1986\">Tista&#8217; tkun interessat fi: <a href=\"https:\/\/drhakanuzunoglu.com\/kasik-fitigi-ameliyati-sonrasi\/\"><strong data-start=\"1992\" data-end=\"2041\">Wara Kirur\u0121ija tal-Ftuq Ingwinali<\/strong><\/a><\/p>\n<h2 data-start=\"1988\" data-end=\"2043\"><strong data-start=\"1992\" data-end=\"2041\">Kif issir il-Kirur\u0121ija tal-Ftuq Ingwinali Maltepe?<\/strong><\/h2>\n<p class=\"\" data-start=\"2045\" data-end=\"2982\">Il-kirur\u0121ija tal-ftuq ingwinali Maltepe normalment issir ta\u0127t anestesija lokali jew \u0121enerali. Il-\u0127in tat-t\u0127addim huwa madwar 30-60 minuta. Fil-metodu ta &#8216;kirur\u0121ija miftu\u0127a, issir in\u010bi\u017cjoni \u017cg\u0127ira fi\u017c-\u017cona tal-groin. It-tessut herniated jitqieg\u0127ed fl-addome. Wara, i\u017c-\u017cona mqatta \u0121eneralment ting\u0127alaq b&#8217;gar\u017ca spe\u010bjali. Fil-metodu mag\u0127luq <a href=\"https:\/\/tr.wikipedia.org\/wiki\/Kolesistektomi\" target=\"_blank\" rel=\"noopener\">(laparoskopiku)<\/a> , jinfet\u0127u diversi toqob \u017cg\u0127ar fl-addome. It-tiswija tal-ftuq issir bl-g\u0127ajnuna ta &#8216;kamera. L-irkupru huwa aktar mg\u0127a\u0121\u0121el wara dan il-metodu. Liema metodu li tag\u0127\u017cel huwa determinat mill-kundizzjoni tal-pazjent. L-esperjenza tat-tabib u l-kundizzjoni tas-sa\u0127\u0127a \u0121enerali tal-pazjent huma importanti. Wara l-kirur\u0121ija, il-pazjent jista\u2019 jqum fi \u017cmien ftit sig\u0127at. \u0120eneralment, tista &#8216;ti\u0121i skarikat fl-istess jum. L-u\u0121ig\u0127 huwa f&#8217;livell kontrollabbli. L-attivitajiet ta&#8217; kuljum jer\u0121g\u0127u jsiru possibbli fi \u017cmien ftit jiem. Il-perjodu rakkomandat mit-tabib g\u0127all-isports u l-irfig\u0127 ta &#8216;tqal g\u0127andu ji\u0121i segwit. Issa ejja nag\u0127tu informazzjoni dwar il-prezzijiet tal-kirur\u0121ija tal-ftuq ingwinali ta&#8217; Maltepe.               <\/p>\n<h3 class=\"\" data-start=\"2984\" data-end=\"3034\"><strong data-start=\"2988\" data-end=\"3032\">Prezzijiet tal-Kirur\u0121ija tal-Ftuq Ingwinali Maltepe<\/strong><\/h3>\n<p class=\"\" data-start=\"3036\" data-end=\"3941\">Il-prezzijiet tal-kirur\u0121ija tal-ftuq ingwinali Maltepe ivarjaw skont it-teknika kirur\u0121ika applikata. Metodu miftu\u0127 jew mag\u0127luq huwa wie\u0127ed mill-fatturi ewlenin li jaffettwaw l-ispi\u017ca. Il-kwalit\u00e0 tal-materjali u\u017cati hija riflessa wkoll fil-prezzijiet. Kirur\u0121iji mwettqa fi sptarijiet privati \u200b\u200bhuma \u0121eneralment og\u0127la fil-prezz. Barra minn hekk, l-esperjenza tat-tabib hija wkoll kriterju importanti. Huwa mag\u0127mul pjan differenti g\u0127al kull pazjent. Dan jikkaw\u017ca li l-prezzijiet ji\u0121u determinati individwalment. Xi assigurazzjoni tas-sa\u0127\u0127a privata tista &#8216;tkopri parzjalment l-ispi\u017ca tal-kirur\u0121ija. L-e\u017camijiet ta&#8217; qabel l-operazzjoni u l-mi\u017cati g\u0127all-e\u017camijiet jistg\u0127u wkoll ji\u0121u inklu\u017ci fil-prezz totali. F&#8217;Malta, dawn l-operazzjonijiet huma \u0121eneralment offruti b&#8217;g\u0127a\u017cliet ta&#8217; \u0127las konvenjenti. Jipprovdi benefi\u010b\u010bji kbar g\u0127as-sa\u0127\u0127a fit-tul. Meta ftuq ingwinali timxi &#8216;l quddiem, tista&#8217; twassal g\u0127al kumplikazzjonijiet serji. G\u0127alhekk, trattament bikri huwa rakkomandat. Issa, ejja ng\u0127addu g\u0127ar-rakkomandazzjonijiet g\u0127al dawk li jridu jag\u0127mlu din l-operazzjoni.             <\/p>\n<h3 class=\"\" data-start=\"3943\" data-end=\"3991\"><strong data-start=\"3947\" data-end=\"3989\">Rakkomandazzjoni tal-Kirur\u0121ija tal-Ftuq Ingwinali Maltepe<\/strong><\/h3>\n<p class=\"\" data-start=\"3993\" data-end=\"4911\">Hemm xi rakkomandazzjonijiet importanti g\u0127al dawk li qed jikkunsidraw il-kirur\u0121ija tal-ftuq ingwinali Maltepe. L-ewwelnett, kirurgu li huwa espert fil-qasam tieg\u0127u g\u0127andu jkun preferut. G\u0127andha ssir diskussjoni dettaljata mat-tabib qabel l-operazzjoni. G\u0127andha tinkiseb informazzjoni dwar il-metodu li g\u0127andu jintu\u017ca. G\u0127andu jitg\u0127allem liema teknika hija aktar adattata, miftu\u0127a jew mag\u0127luqa. Mistoqsijiet dwar il-pro\u010bess ta &#8216;wara l-operazzjoni definittivament g\u0127andhom isiru. G\u0127andhom jitg\u0127allmu restrizzjonijiet dwar in-nutrizzjoni, il-mistrie\u0127 u l-moviment. Fil-perjodu ta &#8216;wara l-operazzjoni, ir-rakkomandazzjonijiet kollha tat-tabib g\u0127andhom ji\u0121u segwiti b&#8217;mod strett. G\u0127andhom ji\u0121u evitati rfig\u0127 qawwi u movimenti f&#8217;daqqa. G\u0127andha ting\u0127ata attenzjoni fi\u017c-\u017cona tas-sutura u g\u0127andha ti\u0121i \u017cgurata l-i\u0121jene. Il-kontrolli m&#8217;g\u0127andhomx ji\u0121u mfixkla. Jekk me\u0127tie\u0121, jista &#8216;ji\u0121i ri\u010bevut appo\u0121\u0121 ta&#8217; terapija fi\u017cika. Huwa wkoll importanti li tkun psikolo\u0121ikament lest g\u0127all-pro\u010bess. It-trattament m&#8217;g\u0127andux ji\u0121i pospost. Min\u0127abba li l-ftuq tista &#8216;tikber ma\u017c-\u017cmien. G\u0127al aktar informazzjoni u \u0127atriet, tista\u2019 \u017c\u017cur <strong data-start=\"4818\" data-end=\"4879\"><a class=\"\" href=\"http:\/\/www.drhakanuzunoglu.com\" target=\"_new\" rel=\"noopener\" data-start=\"4820\" data-end=\"4877\">www.drhakanuzuoglu.com<\/a><\/strong> .               <\/p>\n<p><iframe style=\"border: 0;\" src=\"https:\/\/www.google.com\/maps\/embed?pb=!1m18!1m12!1m3!1d96374.57057717373!2d28.996936131015342!3d40.98793284671478!2m3!1f0!2f0!3f0!3m2!1i1024!2i768!4f13.1!3m3!1m2!1s0x14cac6efc00bffff%3A0x1dc04486369b6c2e!2zTWFobXV0IEfDtmtkYcSf!5e0!3m2!1str!2str!4v1743711139428!5m2!1str!2str\" width=\"0,1\" height=\"0,1\" allowfullscreen=\"allowfullscreen\"><\/iframe><br \/>\n<iframe title=\"YouTube video player\" src=\"https:\/\/www.youtube.com\/embed\/xmklgwmvMoQ?si=1Ss0fHW18kWgvkwD\" width=\"0,1\" height=\"0,1\" frameborder=\"0\" allowfullscreen=\"allowfullscreen\"><\/iframe><\/p>\n","protected":false},"excerpt":{"rendered":"<p>Il-kirur\u0121ija tal-ftuq ingwinali Maltepe toffri soluzzjoni permanenti g\u0127al dan id-disturb li jnaqqas il-kwalit\u00e0 tal-\u0127ajja ta\u2019 kuljum. Ftuq ingwinali sse\u0127\u0127 meta t-tessuti intra-addominali jo\u0127or\u0121u minn punt dg\u0127ajjef. Din l-ispor\u0121enza \u0121eneralment timmanifesta ru\u0127ha b\u0127ala nef\u0127a fi\u017c-\u017cona tal-groin. Jista &#8216;jikkaw\u017ca u\u0121ig\u0127, sensazzjoni ta&#8217; pressjoni u limitazzjoni tal-moviment. Isir evidenti b&#8217;mod spe\u010bjali waqt is-sog\u0127la, it-tisfija jew l-irfig\u0127 qawwi. Ftuq [&hellip;]<\/p>\n","protected":false},"author":1,"featured_media":4436,"parent":0,"menu_order":0,"comment_status":"closed","ping_status":"closed","template":"","meta":{"footnotes":""},"class_list":["post-4445","page","type-page","status-publish","has-post-thumbnail","hentry"],"_links":{"self":[{"href":"https:\/\/drhakanuzunoglu.com\/mt\/wp-json\/wp\/v2\/pages\/4445","targetHints":{"allow":["GET"]}}],"collection":[{"href":"https:\/\/drhakanuzunoglu.com\/mt\/wp-json\/wp\/v2\/pages"}],"about":[{"href":"https:\/\/drhakanuzunoglu.com\/mt\/wp-json\/wp\/v2\/types\/page"}],"author":[{"embeddable":true,"href":"https:\/\/drhakanuzunoglu.com\/mt\/wp-json\/wp\/v2\/users\/1"}],"replies":[{"embeddable":true,"href":"https:\/\/drhakanuzunoglu.com\/mt\/wp-json\/wp\/v2\/comments?post=4445"}],"version-history":[{"count":0,"href":"https:\/\/drhakanuzunoglu.com\/mt\/wp-json\/wp\/v2\/pages\/4445\/revisions"}],"wp:featuredmedia":[{"embeddable":true,"href":"https:\/\/drhakanuzunoglu.com\/mt\/wp-json\/wp\/v2\/media\/4436"}],"wp:attachment":[{"href":"https:\/\/drhakanuzunoglu.com\/mt\/wp-json\/wp\/v2\/media?parent=4445"}],"curies":[{"name":"wp","href":"https:\/\/api.w.org\/{rel}","templated":true}]}}